{"id":31324,"date":"2019-09-02T15:00:24","date_gmt":"2019-09-02T14:00:24","guid":{"rendered":"https:\/\/home.heredis.com\/?page_id=31324"},"modified":"2025-09-02T11:53:39","modified_gmt":"2025-09-02T10:53:39","slug":"kostenlose-genealogie-software","status":"publish","type":"page","link":"https:\/\/home.heredis.com\/de\/kostenlose-genealogie-software\/","title":{"rendered":"Kostenlos testen"},"content":{"rendered":"<div class=\"wpb-content-wrapper\">[vc_row][vc_column][vc_column_text css=&#8220;&#8220; animation_delay=&#8220;200&#8243;]\n<h2>Die kostenlose Version von Heredis<\/h2>\n<p><strong>Sie suchen eine kostenlose Genealogie-Software?<\/strong><\/p>\n<p>Dann laden Sie sich die Demoversion von Heredis f\u00fcr Windows oder Mac f\u00fcr Ihre Familienforschung herunter.<\/p>\n<p>Heredis ist die Referenzsoftware in der Welt der Genealogie. Ob Amateur oder Profi: Die vielen M\u00f6glichkeiten, die Ihnen das Programm bietet, werden Sie \u00fcberzeugen. Weltweit arbeiten zahlreiche Genealogen mit Heredis. Die Software bietet eine personalisierbare Benutzeroberfl\u00e4che, eine gro\u00dfe Funktionsvielfalt und eine umfassende Knowledge Base f\u00fcr eine einfachere Bedienung.<\/p>\n<p>Hier finden Sie die besten Werkzeuge: Eine Eingabehilfe in allen Eingabefenster, einen Suchassistenten, ein Screenshot-Tool zur Erfassung von Dokumenten, ein Tool zur Bildbearbeitung, M\u00f6glichkeiten zur Ver\u00f6ffentlichung und Weitergabe von Daten, eine Diashow-Funktion f\u00fcr Familienfotos, zahlreiche Stammbaummodelle zum Ausdrucken, ein Dashboard, ein Tool zur Nachverfolgung Ihres Forschungsstands, iOS- und Android-Apps, um Ihre Genealogie immer zur Hand zu haben, und vieles mehr. <a href=\"\/de\/alle-funktionen\/\">Alle Funktionen im \u00dcberblick<\/a>.<\/p>\n<p>Um die kostenlose Version der Heredis-Software herunterzuladen, klicken Sie auf die gew\u00fcnschte Version. Geben Sie dann auf der folgenden Seite Ihre E-Mail-Adresse sowie Ihren Vor- und Nachnamen in die daf\u00fcr vorgesehenen Felder ein und klicken Sie auf &#8222;Kostenlos herunterzuladen&#8220;.[\/vc_column_text][\/vc_column][\/vc_row][vc_row][vc_column width=&#8220;1\/2&#8243;]<div class=\"eut-element eut-image eut-animated-item eut-fadeIn eut-align-center\" style=\"\" data-delay=\"200\"><a href=\"\/de\/kostenlose-demoversion-von-heredis-2026-fuer-windows\/\" target=\"_self\"><img loading=\"lazy\" decoding=\"async\" width=\"224\" height=\"300\" src=\"https:\/\/i0.wp.com\/home.heredis.com\/wp-content\/uploads\/2025\/09\/DE-WIN.png?fit=224%2C300&amp;ssl=1\" class=\"attachment-medium size-medium\" alt=\"\" srcset=\"https:\/\/i0.wp.com\/home.heredis.com\/wp-content\/uploads\/2025\/09\/DE-WIN.png?w=700&amp;ssl=1 700w, https:\/\/i0.wp.com\/home.heredis.com\/wp-content\/uploads\/2025\/09\/DE-WIN.png?resize=224%2C300&amp;ssl=1 224w, https:\/\/i0.wp.com\/home.heredis.com\/wp-content\/uploads\/2025\/09\/DE-WIN.png?resize=600%2C800&amp;ssl=1 600w\" sizes=\"auto, (max-width: 224px) 100vw, 224px\" \/><\/a><\/div><div class=\"eut-element eut-align-center\"><a class=\"eut-btn eut-btn-medium eut-round eut-bg-primary-1\" href=\"\/de\/kostenlose-demoversion-von-heredis-2026-fuer-windows\/\" target=\"_self\" style=\"\"><span>Kostenlose Version f\u00fcr Windows<\/span><\/a><\/div>[\/vc_column][vc_column width=&#8220;1\/2&#8243;]<div class=\"eut-element eut-image eut-animated-item eut-fadeIn eut-align-center\" style=\"\" data-delay=\"200\"><a href=\"\/de\/kostenlose-demoversion-von-heredis-2026-fuer-mac\/\" target=\"_self\"><img loading=\"lazy\" decoding=\"async\" width=\"224\" height=\"300\" src=\"https:\/\/i0.wp.com\/home.heredis.com\/wp-content\/uploads\/2025\/09\/DE-MAC.png?fit=224%2C300&amp;ssl=1\" class=\"attachment-medium size-medium\" alt=\"\" srcset=\"https:\/\/i0.wp.com\/home.heredis.com\/wp-content\/uploads\/2025\/09\/DE-MAC.png?w=700&amp;ssl=1 700w, https:\/\/i0.wp.com\/home.heredis.com\/wp-content\/uploads\/2025\/09\/DE-MAC.png?resize=224%2C300&amp;ssl=1 224w, https:\/\/i0.wp.com\/home.heredis.com\/wp-content\/uploads\/2025\/09\/DE-MAC.png?resize=600%2C800&amp;ssl=1 600w\" sizes=\"auto, (max-width: 224px) 100vw, 224px\" \/><\/a><\/div><div class=\"eut-element eut-align-center\"><a class=\"eut-btn eut-btn-medium eut-round eut-bg-primary-1\" href=\"\/de\/kostenlose-demoversion-von-heredis-2026-fuer-mac\/\" target=\"_self\" style=\"\"><span>Kostenlose Version f\u00fcr Mac<\/span><\/a><\/div>[\/vc_column][\/vc_row][vc_row][vc_column][vc_column_text text_style=&#8220;subtitle&#8220;]Kostenlose Genealogie-Software, zeitlich uneingeschr\u00e4nkt, begrenzt auf 50 Personen[\/vc_column_text][\/vc_column][\/vc_row]\n<\/div>","protected":false},"excerpt":{"rendered":"<p>[vc_row][vc_column][vc_column_text css=&#8220;&#8220; animation_delay=&#8220;200&#8243;] Die kostenlose Version von Heredis Sie suchen eine kostenlose Genealogie-Software? Dann laden Sie sich die Demoversion von Heredis f\u00fcr Windows oder Mac f\u00fcr Ihre Familienforschung herunter. Heredis ist die Referenzsoftware in der Welt der Genealogie. Ob Amateur oder Profi: Die vielen M\u00f6glichkeiten, die Ihnen das Programm bietet, werden Sie \u00fcberzeugen. Weltweit arbeiten [&hellip;]<\/p>\n","protected":false},"author":2,"featured_media":0,"parent":0,"menu_order":14,"comment_status":"closed","ping_status":"closed","template":"","meta":{"footnotes":""},"class_list":["post-31324","page","type-page","status-publish","hentry"],"yoast_head":"<!-- This site is optimized with the Yoast SEO plugin v27.4 - https:\/\/yoast.com\/product\/yoast-seo-wordpress\/ -->\n<title>Gratis Genealogie-Software, kostenlose Stammb\u00e4ume<\/title>\n<meta name=\"description\" content=\"HEREDIS Genealogie-Software: Erforschen und erstellen Sie eine Genealogie ; Ahnentafelnund Synchronisationsfunktionen und Darstellung Ihrer Familiengeschichte. Verf\u00fcgbar f\u00fcrMAC und WINDOWS\" \/>\n<meta name=\"robots\" content=\"index, follow, max-snippet:-1, max-image-preview:large, max-video-preview:-1\" \/>\n<link rel=\"canonical\" href=\"https:\/\/home.heredis.com\/de\/kostenlose-genealogie-software\/\" \/>\n<meta property=\"og:locale\" content=\"de_DE\" \/>\n<meta property=\"og:type\" content=\"article\" \/>\n<meta property=\"og:title\" content=\"Gratis Genealogie-Software, kostenlose Stammb\u00e4ume\" \/>\n<meta property=\"og:description\" content=\"HEREDIS Genealogie-Software: Erforschen und erstellen Sie eine Genealogie ; Ahnentafelnund Synchronisationsfunktionen und Darstellung Ihrer Familiengeschichte. Verf\u00fcgbar f\u00fcrMAC und WINDOWS\" \/>\n<meta property=\"og:url\" content=\"https:\/\/home.heredis.com\/de\/kostenlose-genealogie-software\/\" \/>\n<meta property=\"og:site_name\" content=\"Heredis\" \/>\n<meta property=\"article:publisher\" content=\"https:\/\/www.facebook.com\/Heredis--341840326561\/\" \/>\n<meta property=\"article:modified_time\" content=\"2025-09-02T10:53:39+00:00\" \/>\n<meta name=\"twitter:card\" content=\"summary_large_image\" \/>\n<meta name=\"twitter:label1\" content=\"Gesch\u00e4tzte Lesezeit\" \/>\n\t<meta name=\"twitter:data1\" content=\"2\u00a0Minuten\" \/>\n<script type=\"application\/ld+json\" class=\"yoast-schema-graph\">{\"@context\":\"https:\\\/\\\/schema.org\",\"@graph\":[{\"@type\":\"WebPage\",\"@id\":\"https:\\\/\\\/home.heredis.com\\\/de\\\/kostenlose-genealogie-software\\\/\",\"url\":\"https:\\\/\\\/home.heredis.com\\\/de\\\/kostenlose-genealogie-software\\\/\",\"name\":\"Gratis Genealogie-Software, kostenlose Stammb\u00e4ume\",\"isPartOf\":{\"@id\":\"https:\\\/\\\/home.heredis.com\\\/de\\\/#website\"},\"datePublished\":\"2019-09-02T14:00:24+00:00\",\"dateModified\":\"2025-09-02T10:53:39+00:00\",\"description\":\"HEREDIS Genealogie-Software: Erforschen und erstellen Sie eine Genealogie ; Ahnentafelnund Synchronisationsfunktionen und Darstellung Ihrer Familiengeschichte. Verf\u00fcgbar f\u00fcrMAC und WINDOWS\",\"breadcrumb\":{\"@id\":\"https:\\\/\\\/home.heredis.com\\\/de\\\/kostenlose-genealogie-software\\\/#breadcrumb\"},\"inLanguage\":\"de\",\"potentialAction\":[{\"@type\":\"ReadAction\",\"target\":[\"https:\\\/\\\/home.heredis.com\\\/de\\\/kostenlose-genealogie-software\\\/\"]}]},{\"@type\":\"BreadcrumbList\",\"@id\":\"https:\\\/\\\/home.heredis.com\\\/de\\\/kostenlose-genealogie-software\\\/#breadcrumb\",\"itemListElement\":[{\"@type\":\"ListItem\",\"position\":1,\"name\":\"Accueil\",\"item\":\"https:\\\/\\\/home.heredis.com\\\/de\\\/\"},{\"@type\":\"ListItem\",\"position\":2,\"name\":\"Kostenlos testen\"}]},{\"@type\":\"WebSite\",\"@id\":\"https:\\\/\\\/home.heredis.com\\\/de\\\/#website\",\"url\":\"https:\\\/\\\/home.heredis.com\\\/de\\\/\",\"name\":\"Heredis\",\"description\":\"La g\u00e9n\u00e9alogie change.\",\"publisher\":{\"@id\":\"https:\\\/\\\/home.heredis.com\\\/de\\\/#organization\"},\"potentialAction\":[{\"@type\":\"SearchAction\",\"target\":{\"@type\":\"EntryPoint\",\"urlTemplate\":\"https:\\\/\\\/home.heredis.com\\\/de\\\/?s={search_term_string}\"},\"query-input\":{\"@type\":\"PropertyValueSpecification\",\"valueRequired\":true,\"valueName\":\"search_term_string\"}}],\"inLanguage\":\"de\"},{\"@type\":\"Organization\",\"@id\":\"https:\\\/\\\/home.heredis.com\\\/de\\\/#organization\",\"name\":\"Heredis\",\"url\":\"https:\\\/\\\/home.heredis.com\\\/de\\\/\",\"logo\":{\"@type\":\"ImageObject\",\"inLanguage\":\"de\",\"@id\":\"https:\\\/\\\/home.heredis.com\\\/de\\\/#\\\/schema\\\/logo\\\/image\\\/\",\"url\":\"https:\\\/\\\/i1.wp.com\\\/home.heredis.com\\\/wp-content\\\/uploads\\\/2017\\\/01\\\/logo-H-c.png?fit=800%2C221&ssl=1\",\"contentUrl\":\"https:\\\/\\\/i1.wp.com\\\/home.heredis.com\\\/wp-content\\\/uploads\\\/2017\\\/01\\\/logo-H-c.png?fit=800%2C221&ssl=1\",\"width\":800,\"height\":221,\"caption\":\"Heredis\"},\"image\":{\"@id\":\"https:\\\/\\\/home.heredis.com\\\/de\\\/#\\\/schema\\\/logo\\\/image\\\/\"},\"sameAs\":[\"https:\\\/\\\/www.facebook.com\\\/Heredis--341840326561\\\/\"]}]}<\/script>\n<!-- \/ Yoast SEO plugin. -->","yoast_head_json":{"title":"Gratis Genealogie-Software, kostenlose Stammb\u00e4ume","description":"HEREDIS Genealogie-Software: Erforschen und erstellen Sie eine Genealogie ; Ahnentafelnund Synchronisationsfunktionen und Darstellung Ihrer Familiengeschichte. Verf\u00fcgbar f\u00fcrMAC und WINDOWS","robots":{"index":"index","follow":"follow","max-snippet":"max-snippet:-1","max-image-preview":"max-image-preview:large","max-video-preview":"max-video-preview:-1"},"canonical":"https:\/\/home.heredis.com\/de\/kostenlose-genealogie-software\/","og_locale":"de_DE","og_type":"article","og_title":"Gratis Genealogie-Software, kostenlose Stammb\u00e4ume","og_description":"HEREDIS Genealogie-Software: Erforschen und erstellen Sie eine Genealogie ; Ahnentafelnund Synchronisationsfunktionen und Darstellung Ihrer Familiengeschichte. Verf\u00fcgbar f\u00fcrMAC und WINDOWS","og_url":"https:\/\/home.heredis.com\/de\/kostenlose-genealogie-software\/","og_site_name":"Heredis","article_publisher":"https:\/\/www.facebook.com\/Heredis--341840326561\/","article_modified_time":"2025-09-02T10:53:39+00:00","twitter_card":"summary_large_image","twitter_misc":{"Gesch\u00e4tzte Lesezeit":"2\u00a0Minuten"},"schema":{"@context":"https:\/\/schema.org","@graph":[{"@type":"WebPage","@id":"https:\/\/home.heredis.com\/de\/kostenlose-genealogie-software\/","url":"https:\/\/home.heredis.com\/de\/kostenlose-genealogie-software\/","name":"Gratis Genealogie-Software, kostenlose Stammb\u00e4ume","isPartOf":{"@id":"https:\/\/home.heredis.com\/de\/#website"},"datePublished":"2019-09-02T14:00:24+00:00","dateModified":"2025-09-02T10:53:39+00:00","description":"HEREDIS Genealogie-Software: Erforschen und erstellen Sie eine Genealogie ; Ahnentafelnund Synchronisationsfunktionen und Darstellung Ihrer Familiengeschichte. Verf\u00fcgbar f\u00fcrMAC und WINDOWS","breadcrumb":{"@id":"https:\/\/home.heredis.com\/de\/kostenlose-genealogie-software\/#breadcrumb"},"inLanguage":"de","potentialAction":[{"@type":"ReadAction","target":["https:\/\/home.heredis.com\/de\/kostenlose-genealogie-software\/"]}]},{"@type":"BreadcrumbList","@id":"https:\/\/home.heredis.com\/de\/kostenlose-genealogie-software\/#breadcrumb","itemListElement":[{"@type":"ListItem","position":1,"name":"Accueil","item":"https:\/\/home.heredis.com\/de\/"},{"@type":"ListItem","position":2,"name":"Kostenlos testen"}]},{"@type":"WebSite","@id":"https:\/\/home.heredis.com\/de\/#website","url":"https:\/\/home.heredis.com\/de\/","name":"Heredis","description":"La g\u00e9n\u00e9alogie change.","publisher":{"@id":"https:\/\/home.heredis.com\/de\/#organization"},"potentialAction":[{"@type":"SearchAction","target":{"@type":"EntryPoint","urlTemplate":"https:\/\/home.heredis.com\/de\/?s={search_term_string}"},"query-input":{"@type":"PropertyValueSpecification","valueRequired":true,"valueName":"search_term_string"}}],"inLanguage":"de"},{"@type":"Organization","@id":"https:\/\/home.heredis.com\/de\/#organization","name":"Heredis","url":"https:\/\/home.heredis.com\/de\/","logo":{"@type":"ImageObject","inLanguage":"de","@id":"https:\/\/home.heredis.com\/de\/#\/schema\/logo\/image\/","url":"https:\/\/i1.wp.com\/home.heredis.com\/wp-content\/uploads\/2017\/01\/logo-H-c.png?fit=800%2C221&ssl=1","contentUrl":"https:\/\/i1.wp.com\/home.heredis.com\/wp-content\/uploads\/2017\/01\/logo-H-c.png?fit=800%2C221&ssl=1","width":800,"height":221,"caption":"Heredis"},"image":{"@id":"https:\/\/home.heredis.com\/de\/#\/schema\/logo\/image\/"},"sameAs":["https:\/\/www.facebook.com\/Heredis--341840326561\/"]}]}},"jetpack_sharing_enabled":true,"_links":{"self":[{"href":"https:\/\/home.heredis.com\/de\/wp-json\/wp\/v2\/pages\/31324","targetHints":{"allow":["GET"]}}],"collection":[{"href":"https:\/\/home.heredis.com\/de\/wp-json\/wp\/v2\/pages"}],"about":[{"href":"https:\/\/home.heredis.com\/de\/wp-json\/wp\/v2\/types\/page"}],"author":[{"embeddable":true,"href":"https:\/\/home.heredis.com\/de\/wp-json\/wp\/v2\/users\/2"}],"replies":[{"embeddable":true,"href":"https:\/\/home.heredis.com\/de\/wp-json\/wp\/v2\/comments?post=31324"}],"version-history":[{"count":29,"href":"https:\/\/home.heredis.com\/de\/wp-json\/wp\/v2\/pages\/31324\/revisions"}],"predecessor-version":[{"id":79861,"href":"https:\/\/home.heredis.com\/de\/wp-json\/wp\/v2\/pages\/31324\/revisions\/79861"}],"wp:attachment":[{"href":"https:\/\/home.heredis.com\/de\/wp-json\/wp\/v2\/media?parent=31324"}],"curies":[{"name":"wp","href":"https:\/\/api.w.org\/{rel}","templated":true}]}}