{"id":31594,"date":"2019-09-05T10:46:12","date_gmt":"2019-09-05T09:46:12","guid":{"rendered":"https:\/\/home.heredis.com\/?page_id=31594"},"modified":"2025-02-25T09:08:02","modified_gmt":"2025-02-25T08:08:02","slug":"vereinigungen-und-partnerschaften","status":"publish","type":"page","link":"https:\/\/home.heredis.com\/de\/vereinigungen-und-partnerschaften\/","title":{"rendered":"Vereinigungen und Partnerschaften"},"content":{"rendered":"<div class=\"wpb-content-wrapper\">[vc_row section_id=&#8220;asso&#8220;][vc_column]<div class=\"eut-element eut-slogan eut-align-left\" style=\"\"><h1 class=\"eut-slogan-title eut-align-left eut-title-no-line\"><span>Werden Sie Heredis-Partner!<\/span><\/h1>  <p class=\"eut-leader-text\">Vertreten Sie eine Gesellschaft f\u00fcr Familienforschung? Oder sind Sie Mitglied in einem genealogischen Verein?<\/p>\n<p>Heredis unterst\u00fctzt und f\u00f6rdert alle genealogischen Vereinigungen mit leistungsstarken Tools bei der Familienforschung.<\/p><\/div>[vc_column_text]\n<p class=\"p1\">Nicht zuletzt verdanken wir es auch den genealogischen Vereinigungen, dass Heredis entstanden ist und sich so gut entwickeln konnte. Darum haben wir uns zum Ziel gesetzt, Ihre genealogischen Vereins- und Forschungsaktivit\u00e4ten zusammen mit Ihnen voranzubringen und Ihnen daf\u00fcr alle n\u00f6tigen Mittel anhand zu geben.<\/p>\n<p>&nbsp;<\/p>\n<p class=\"p1\">Unsere Partner werden vom Heredis-Team begleitet und unterst\u00fctzt. Und mit unserem kostenlosen genealogischen Material und spezifischen Serviceangeboten bieten wir Ihnen gute Voraussetzungen, Ihrer Vereinsarbeit den n\u00f6tigen Schwung zu geben. Ihre Mitglieder profitieren dabei nicht nur von Ihrem genealogischen Fachwissen, sondern erhalten dar\u00fcber hinaus auch noch 20 % auf ihre erste Software-Bestellung bei Heredis.<\/p>\n<p>&nbsp;<\/p>\n<p class=\"p1\">Um Heredis-Partner zu werden, brauchen Sie nur einen Bestellcoupon auszuf\u00fcllen, damit wir Ihren Bedarf sowie die Ansprechpartner Ihrer Vereinigung kennenlernen k\u00f6nnen. Sie m\u00fcssen sich f\u00fcr das Partnerschaftsprogramm zu nichts verpflichten.<\/p>\n<p>&nbsp;<\/p>\n<p class=\"p1\">Wenn Sie mehr Informationen \u00fcber das Programm w\u00fcnschen oder Partner werden wollen, f\u00fcllen Sie bitte das nachstehende Formular aus:<\/p>\n[\/vc_column_text][\/vc_column][\/vc_row][vc_row][vc_column]<div class=\"eut-element eut-hr \" style=\"\"><div class=\"eut-line-divider\"><\/div><\/div>[\/vc_column][\/vc_row][vc_row][vc_column width=&#8220;1\/2&#8243;]\n<div class=\"wpcf7 no-js\" id=\"wpcf7-f31601-o1\" lang=\"de-DE\" dir=\"ltr\" data-wpcf7-id=\"31601\">\n<div class=\"screen-reader-response\"><p role=\"status\" aria-live=\"polite\" aria-atomic=\"true\"><\/p> <ul><\/ul><\/div>\n<form action=\"\/de\/wp-json\/wp\/v2\/pages\/31594#wpcf7-f31601-o1\" method=\"post\" class=\"wpcf7-form init\" aria-label=\"Kontaktformular\" novalidate=\"novalidate\" data-status=\"init\">\n<fieldset class=\"hidden-fields-container\"><input type=\"hidden\" name=\"_wpcf7\" value=\"31601\" \/><input type=\"hidden\" name=\"_wpcf7_version\" value=\"6.1.5\" \/><input type=\"hidden\" name=\"_wpcf7_locale\" value=\"de_DE\" \/><input type=\"hidden\" name=\"_wpcf7_unit_tag\" value=\"wpcf7-f31601-o1\" \/><input type=\"hidden\" name=\"_wpcf7_container_post\" value=\"0\" \/><input type=\"hidden\" name=\"_wpcf7_posted_data_hash\" value=\"\" \/><input type=\"hidden\" name=\"_wpcf7cf_hidden_group_fields\" value=\"[]\" \/><input type=\"hidden\" name=\"_wpcf7cf_hidden_groups\" value=\"[]\" \/><input type=\"hidden\" name=\"_wpcf7cf_visible_groups\" value=\"[]\" \/><input type=\"hidden\" name=\"_wpcf7cf_repeaters\" value=\"[]\" \/><input type=\"hidden\" name=\"_wpcf7cf_steps\" value=\"{}\" \/><input type=\"hidden\" name=\"_wpcf7cf_options\" value=\"{&quot;form_id&quot;:31601,&quot;conditions&quot;:[],&quot;settings&quot;:{&quot;animation&quot;:&quot;yes&quot;,&quot;animation_intime&quot;:200,&quot;animation_outtime&quot;:200,&quot;conditions_ui&quot;:&quot;normal&quot;,&quot;notice_dismissed&quot;:false,&quot;notice_dismissed_rollback-cf7-5.9.5&quot;:true,&quot;notice_dismissed_rollback-cf7-5.9.6&quot;:true,&quot;notice_dismissed_update-cf7-6.0&quot;:true,&quot;notice_dismissed_update-cf7-6.0.1&quot;:true,&quot;notice_dismissed_update-cf7-6.0.3&quot;:true,&quot;notice_dismissed_rollback-cf7-6.0.5&quot;:true,&quot;notice_dismissed_rollback-cf7-6.0.6&quot;:true}}\" \/><input type=\"hidden\" name=\"_wpcf7_recaptcha_response\" value=\"\" \/>\n<\/fieldset>\n<p><span class=\"wpcf7-form-control-wrap\" data-name=\"text-your-name\"><input size=\"40\" maxlength=\"400\" class=\"wpcf7-form-control wpcf7-text wpcf7-validates-as-required\" aria-required=\"true\" aria-invalid=\"false\" placeholder=\"Ihr Vorname und Nachname\" value=\"\" type=\"text\" name=\"text-your-name\" \/><\/span><br \/>\n<span class=\"wpcf7-form-control-wrap\" data-name=\"email-your-email\"><input size=\"40\" maxlength=\"400\" class=\"wpcf7-form-control wpcf7-email wpcf7-validates-as-required wpcf7-text wpcf7-validates-as-email\" aria-required=\"true\" aria-invalid=\"false\" placeholder=\"Ihre E-Mail-Adresse\" value=\"\" type=\"email\" name=\"email-your-email\" \/><\/span><br \/>\n<span class=\"wpcf7-form-control-wrap\" data-name=\"text-172\"><input size=\"40\" maxlength=\"400\" class=\"wpcf7-form-control wpcf7-text\" aria-invalid=\"false\" placeholder=\"Ihre Telefonnummer (Optional)\" value=\"\" type=\"text\" name=\"text-172\" \/><\/span><br \/>\n<span class=\"wpcf7-form-control-wrap\" data-name=\"text-your-company-name\"><input size=\"40\" maxlength=\"400\" class=\"wpcf7-form-control wpcf7-text wpcf7-validates-as-required\" aria-required=\"true\" aria-invalid=\"false\" placeholder=\"Der Name Ihrer Vereinigung\" value=\"\" type=\"text\" name=\"text-your-company-name\" \/><\/span><br \/>\n<span class=\"wpcf7-form-control-wrap\" data-name=\"textarea-289\"><textarea cols=\"40\" rows=\"10\" maxlength=\"2000\" class=\"wpcf7-form-control wpcf7-textarea\" aria-invalid=\"false\" placeholder=\"Ihre Nachricht (Optional)\" name=\"textarea-289\"><\/textarea><\/span>\n<\/p>\n<p><span class=\"wpcf7-form-control-wrap\" data-name=\"checkbox-63\"><span class=\"wpcf7-form-control wpcf7-checkbox wpcf7-validates-as-required\"><span class=\"wpcf7-list-item first last\"><input type=\"checkbox\" name=\"checkbox-63[]\" value=\"Ich m\u00f6chte von Heredis Informationen erhalten.\" \/><span class=\"wpcf7-list-item-label\">Ich m\u00f6chte von Heredis Informationen erhalten.<\/span><\/span><\/span><\/span><br \/>\n<input class=\"wpcf7-form-control wpcf7-submit has-spinner\" type=\"submit\" value=\"SENDEN\" \/>\n<\/p><div class=\"wpcf7-response-output\" aria-hidden=\"true\"><\/div>\n<\/form>\n<\/div>\n[vc_column_text]\n<p class=\"small\"><strong>DSGVO (Datenschutz-Grundverordnung)<\/strong><\/p>\n<p class=\"small\">In \u00dcbereinstimmung mit den geltenden nationalen und europ\u00e4ischen Vorschriften haben Sie das Recht auf: dauerhaften Zugriff, \u00c4nderung, Berichtigung, Widerspruch, \u00dcbertragbarkeit oder L\u00f6schen dieser Daten und Einschr\u00e4nkung ihrer Verarbeitung. Dieses Recht kann durch ein Schreiben an Heredis an seinen Hauptsitz im Atrium du Mill\u00e9naire &#8211; 78 all\u00e9e John Napier &#8211; CS 49458 &#8211; 34961 MONTPELLIER CEDEX 2 &#8211; Frankreich oder durch Senden einer E-Mail an folgende Adresse: <a href=\"mailto:meinedaten@heredis.com\">meinedaten@heredis.com<\/a>, wahrgenommen werden.<\/p>\n<p class=\"small\">Sie stimmen zu, dass Heredis Ihre pers\u00f6nlichen Daten, die Sie uns in dem vorausgegangenen Formular \u00fcbermittelt haben, sammeln und verwenden kann. <a href=\"\/de\/richtlinien\/\">Lesen Sie unsere Datenschutzerkl\u00e4rung<\/a>.<\/p>\n[\/vc_column_text][\/vc_column][vc_column width=&#8220;1\/2&#8243; css=&#8220;.vc_custom_1703083338451{background-image: url(https:\/\/home.heredis.com\/wp-content\/uploads\/2016\/04\/shutterstock_309245225.jpg?id=31598) !important;background-position: center !important;background-repeat: no-repeat !important;background-size: cover !important;}&#8220;][vc_empty_space height=&#8220;546px&#8220;][\/vc_column][\/vc_row][vc_row][vc_column]<div class=\"eut-element eut-hr \" style=\"\"><div class=\"eut-line-divider\"><\/div><\/div>[\/vc_column][\/vc_row][vc_row][vc_column]<div class=\"eut-element eut-slogan eut-align-left\" style=\"\"><h1 class=\"eut-slogan-title eut-align-left eut-title-no-line\"><span>Unsere Partner-Vereine<\/span><\/h1><\/div>[vc_column_text css=&#8220;&#8220; animation_delay=&#8220;200&#8243;]Entdecken Sie hier unsere Partnervereinigungen im \u00dcberblick:<a href=\"https:\/\/home.heredis.com\/de\/vereinigung-finden\/\"> https:\/\/home.heredis.com\/de\/vereinigung-finden\/<\/a>[\/vc_column_text][\/vc_column][\/vc_row]\n<\/div>","protected":false},"excerpt":{"rendered":"<p>[vc_row section_id=&#8220;asso&#8220;][vc_column][vc_column_text] Nicht zuletzt verdanken wir es auch den genealogischen Vereinigungen, dass Heredis entstanden ist und sich so gut entwickeln konnte. Darum haben wir uns zum Ziel gesetzt, Ihre genealogischen Vereins- und Forschungsaktivit\u00e4ten zusammen mit Ihnen voranzubringen und Ihnen daf\u00fcr alle n\u00f6tigen Mittel anhand zu geben. &nbsp; Unsere Partner werden vom Heredis-Team begleitet und unterst\u00fctzt. [&hellip;]<\/p>\n","protected":false},"author":2,"featured_media":0,"parent":0,"menu_order":42,"comment_status":"closed","ping_status":"closed","template":"","meta":{"footnotes":""},"class_list":["post-31594","page","type-page","status-publish","hentry"],"yoast_head":"<!-- This site is optimized with the Yoast SEO plugin v27.4 - https:\/\/yoast.com\/product\/yoast-seo-wordpress\/ -->\n<title>Vereinigungen und Partnerschaften - Heredis<\/title>\n<meta name=\"robots\" content=\"index, follow, max-snippet:-1, max-image-preview:large, max-video-preview:-1\" \/>\n<link rel=\"canonical\" href=\"https:\/\/home.heredis.com\/de\/vereinigungen-und-partnerschaften\/\" \/>\n<meta property=\"og:locale\" content=\"de_DE\" \/>\n<meta property=\"og:type\" content=\"article\" \/>\n<meta property=\"og:title\" content=\"Vereinigungen und Partnerschaften - Heredis\" \/>\n<meta property=\"og:description\" content=\"[vc_row section_id=&#8220;asso&#8220;][vc_column][vc_column_text] Nicht zuletzt verdanken wir es auch den genealogischen Vereinigungen, dass Heredis entstanden ist und sich so gut entwickeln konnte. Darum haben wir uns zum Ziel gesetzt, Ihre genealogischen Vereins- und Forschungsaktivit\u00e4ten zusammen mit Ihnen voranzubringen und Ihnen daf\u00fcr alle n\u00f6tigen Mittel anhand zu geben. &nbsp; Unsere Partner werden vom Heredis-Team begleitet und unterst\u00fctzt. [&hellip;]\" \/>\n<meta property=\"og:url\" content=\"https:\/\/home.heredis.com\/de\/vereinigungen-und-partnerschaften\/\" \/>\n<meta property=\"og:site_name\" content=\"Heredis\" \/>\n<meta property=\"article:publisher\" content=\"https:\/\/www.facebook.com\/Heredis--341840326561\/\" \/>\n<meta property=\"article:modified_time\" content=\"2025-02-25T08:08:02+00:00\" \/>\n<meta name=\"twitter:card\" content=\"summary_large_image\" \/>\n<meta name=\"twitter:label1\" content=\"Gesch\u00e4tzte Lesezeit\" \/>\n\t<meta name=\"twitter:data1\" content=\"2\u00a0Minuten\" \/>\n<script type=\"application\/ld+json\" class=\"yoast-schema-graph\">{\"@context\":\"https:\\\/\\\/schema.org\",\"@graph\":[{\"@type\":\"WebPage\",\"@id\":\"https:\\\/\\\/home.heredis.com\\\/de\\\/vereinigungen-und-partnerschaften\\\/\",\"url\":\"https:\\\/\\\/home.heredis.com\\\/de\\\/vereinigungen-und-partnerschaften\\\/\",\"name\":\"Vereinigungen und Partnerschaften - Heredis\",\"isPartOf\":{\"@id\":\"https:\\\/\\\/home.heredis.com\\\/de\\\/#website\"},\"datePublished\":\"2019-09-05T09:46:12+00:00\",\"dateModified\":\"2025-02-25T08:08:02+00:00\",\"breadcrumb\":{\"@id\":\"https:\\\/\\\/home.heredis.com\\\/de\\\/vereinigungen-und-partnerschaften\\\/#breadcrumb\"},\"inLanguage\":\"de\",\"potentialAction\":[{\"@type\":\"ReadAction\",\"target\":[\"https:\\\/\\\/home.heredis.com\\\/de\\\/vereinigungen-und-partnerschaften\\\/\"]}]},{\"@type\":\"BreadcrumbList\",\"@id\":\"https:\\\/\\\/home.heredis.com\\\/de\\\/vereinigungen-und-partnerschaften\\\/#breadcrumb\",\"itemListElement\":[{\"@type\":\"ListItem\",\"position\":1,\"name\":\"Accueil\",\"item\":\"https:\\\/\\\/home.heredis.com\\\/de\\\/\"},{\"@type\":\"ListItem\",\"position\":2,\"name\":\"Vereinigungen und Partnerschaften\"}]},{\"@type\":\"WebSite\",\"@id\":\"https:\\\/\\\/home.heredis.com\\\/de\\\/#website\",\"url\":\"https:\\\/\\\/home.heredis.com\\\/de\\\/\",\"name\":\"Heredis\",\"description\":\"La g\u00e9n\u00e9alogie change.\",\"publisher\":{\"@id\":\"https:\\\/\\\/home.heredis.com\\\/de\\\/#organization\"},\"potentialAction\":[{\"@type\":\"SearchAction\",\"target\":{\"@type\":\"EntryPoint\",\"urlTemplate\":\"https:\\\/\\\/home.heredis.com\\\/de\\\/?s={search_term_string}\"},\"query-input\":{\"@type\":\"PropertyValueSpecification\",\"valueRequired\":true,\"valueName\":\"search_term_string\"}}],\"inLanguage\":\"de\"},{\"@type\":\"Organization\",\"@id\":\"https:\\\/\\\/home.heredis.com\\\/de\\\/#organization\",\"name\":\"Heredis\",\"url\":\"https:\\\/\\\/home.heredis.com\\\/de\\\/\",\"logo\":{\"@type\":\"ImageObject\",\"inLanguage\":\"de\",\"@id\":\"https:\\\/\\\/home.heredis.com\\\/de\\\/#\\\/schema\\\/logo\\\/image\\\/\",\"url\":\"https:\\\/\\\/i1.wp.com\\\/home.heredis.com\\\/wp-content\\\/uploads\\\/2017\\\/01\\\/logo-H-c.png?fit=800%2C221&ssl=1\",\"contentUrl\":\"https:\\\/\\\/i1.wp.com\\\/home.heredis.com\\\/wp-content\\\/uploads\\\/2017\\\/01\\\/logo-H-c.png?fit=800%2C221&ssl=1\",\"width\":800,\"height\":221,\"caption\":\"Heredis\"},\"image\":{\"@id\":\"https:\\\/\\\/home.heredis.com\\\/de\\\/#\\\/schema\\\/logo\\\/image\\\/\"},\"sameAs\":[\"https:\\\/\\\/www.facebook.com\\\/Heredis--341840326561\\\/\"]}]}<\/script>\n<!-- \/ Yoast SEO plugin. -->","yoast_head_json":{"title":"Vereinigungen und Partnerschaften - Heredis","robots":{"index":"index","follow":"follow","max-snippet":"max-snippet:-1","max-image-preview":"max-image-preview:large","max-video-preview":"max-video-preview:-1"},"canonical":"https:\/\/home.heredis.com\/de\/vereinigungen-und-partnerschaften\/","og_locale":"de_DE","og_type":"article","og_title":"Vereinigungen und Partnerschaften - Heredis","og_description":"[vc_row section_id=&#8220;asso&#8220;][vc_column][vc_column_text] Nicht zuletzt verdanken wir es auch den genealogischen Vereinigungen, dass Heredis entstanden ist und sich so gut entwickeln konnte. Darum haben wir uns zum Ziel gesetzt, Ihre genealogischen Vereins- und Forschungsaktivit\u00e4ten zusammen mit Ihnen voranzubringen und Ihnen daf\u00fcr alle n\u00f6tigen Mittel anhand zu geben. &nbsp; Unsere Partner werden vom Heredis-Team begleitet und unterst\u00fctzt. [&hellip;]","og_url":"https:\/\/home.heredis.com\/de\/vereinigungen-und-partnerschaften\/","og_site_name":"Heredis","article_publisher":"https:\/\/www.facebook.com\/Heredis--341840326561\/","article_modified_time":"2025-02-25T08:08:02+00:00","twitter_card":"summary_large_image","twitter_misc":{"Gesch\u00e4tzte Lesezeit":"2\u00a0Minuten"},"schema":{"@context":"https:\/\/schema.org","@graph":[{"@type":"WebPage","@id":"https:\/\/home.heredis.com\/de\/vereinigungen-und-partnerschaften\/","url":"https:\/\/home.heredis.com\/de\/vereinigungen-und-partnerschaften\/","name":"Vereinigungen und Partnerschaften - Heredis","isPartOf":{"@id":"https:\/\/home.heredis.com\/de\/#website"},"datePublished":"2019-09-05T09:46:12+00:00","dateModified":"2025-02-25T08:08:02+00:00","breadcrumb":{"@id":"https:\/\/home.heredis.com\/de\/vereinigungen-und-partnerschaften\/#breadcrumb"},"inLanguage":"de","potentialAction":[{"@type":"ReadAction","target":["https:\/\/home.heredis.com\/de\/vereinigungen-und-partnerschaften\/"]}]},{"@type":"BreadcrumbList","@id":"https:\/\/home.heredis.com\/de\/vereinigungen-und-partnerschaften\/#breadcrumb","itemListElement":[{"@type":"ListItem","position":1,"name":"Accueil","item":"https:\/\/home.heredis.com\/de\/"},{"@type":"ListItem","position":2,"name":"Vereinigungen und Partnerschaften"}]},{"@type":"WebSite","@id":"https:\/\/home.heredis.com\/de\/#website","url":"https:\/\/home.heredis.com\/de\/","name":"Heredis","description":"La g\u00e9n\u00e9alogie change.","publisher":{"@id":"https:\/\/home.heredis.com\/de\/#organization"},"potentialAction":[{"@type":"SearchAction","target":{"@type":"EntryPoint","urlTemplate":"https:\/\/home.heredis.com\/de\/?s={search_term_string}"},"query-input":{"@type":"PropertyValueSpecification","valueRequired":true,"valueName":"search_term_string"}}],"inLanguage":"de"},{"@type":"Organization","@id":"https:\/\/home.heredis.com\/de\/#organization","name":"Heredis","url":"https:\/\/home.heredis.com\/de\/","logo":{"@type":"ImageObject","inLanguage":"de","@id":"https:\/\/home.heredis.com\/de\/#\/schema\/logo\/image\/","url":"https:\/\/i1.wp.com\/home.heredis.com\/wp-content\/uploads\/2017\/01\/logo-H-c.png?fit=800%2C221&ssl=1","contentUrl":"https:\/\/i1.wp.com\/home.heredis.com\/wp-content\/uploads\/2017\/01\/logo-H-c.png?fit=800%2C221&ssl=1","width":800,"height":221,"caption":"Heredis"},"image":{"@id":"https:\/\/home.heredis.com\/de\/#\/schema\/logo\/image\/"},"sameAs":["https:\/\/www.facebook.com\/Heredis--341840326561\/"]}]}},"jetpack_sharing_enabled":true,"_links":{"self":[{"href":"https:\/\/home.heredis.com\/de\/wp-json\/wp\/v2\/pages\/31594","targetHints":{"allow":["GET"]}}],"collection":[{"href":"https:\/\/home.heredis.com\/de\/wp-json\/wp\/v2\/pages"}],"about":[{"href":"https:\/\/home.heredis.com\/de\/wp-json\/wp\/v2\/types\/page"}],"author":[{"embeddable":true,"href":"https:\/\/home.heredis.com\/de\/wp-json\/wp\/v2\/users\/2"}],"replies":[{"embeddable":true,"href":"https:\/\/home.heredis.com\/de\/wp-json\/wp\/v2\/comments?post=31594"}],"version-history":[{"count":28,"href":"https:\/\/home.heredis.com\/de\/wp-json\/wp\/v2\/pages\/31594\/revisions"}],"predecessor-version":[{"id":79318,"href":"https:\/\/home.heredis.com\/de\/wp-json\/wp\/v2\/pages\/31594\/revisions\/79318"}],"wp:attachment":[{"href":"https:\/\/home.heredis.com\/de\/wp-json\/wp\/v2\/media?parent=31594"}],"curies":[{"name":"wp","href":"https:\/\/api.w.org\/{rel}","templated":true}]}}