{"id":39063,"date":"2019-09-10T10:20:29","date_gmt":"2019-09-10T09:20:29","guid":{"rendered":"https:\/\/home.heredis.com\/?page_id=39063"},"modified":"2026-01-16T17:34:42","modified_gmt":"2026-01-16T16:34:42","slug":"vielen-dank-fuer-ihre-nachricht-sie-wurde-erfolgreich-versendet","status":"publish","type":"page","link":"https:\/\/home.heredis.com\/de\/vielen-dank-fuer-ihre-nachricht-sie-wurde-erfolgreich-versendet\/","title":{"rendered":"Vielen Dank f\u00fcr Ihre Nachricht! Sie wurde erfolgreich versendet."},"content":{"rendered":"<div class=\"wpb-content-wrapper\">[vc_row][vc_column]<div class=\"eut-element eut-slogan eut-align-left\" style=\"\"><h1 class=\"eut-slogan-title eut-align-left eut-title-no-line\"><span>Wie kann man den Kundendienst von Heredis erreichen?<\/span><\/h1>  <p class=\"eut-leader-text\">Sie haben folgende M\u00f6glichkeiten unseren Kundendienst zu kontaktieren: Austausch mit unserer virtuellen Assistentin, Per E-Mail oder per Post. W\u00e4hlen Sie Ihre bevorzugte Option.<br \/>\n<\/p><\/div>[\/vc_column][\/vc_row][vc_row][vc_column width=&#8220;2\/3&#8243;][vc_empty_space][vc_column_text]\n<h5>Per E-Mail<\/h5>\n<p>F\u00fcllen Sie das nachfolgende Formular aus, um den Kundendienst von Heredis zu kontaktieren.<\/p>\n<p>Vielen Dank f\u00fcr Ihre Nachricht! Sie wurde erfolgreich versendet.<\/p>\n\n<p class=\"small\"><strong>DSGVO (Datenschutz-Grundverordnung)<\/strong><br \/>\nIn \u00dcbereinstimmung mit den geltenden nationalen und europ\u00e4ischen Vorschriften haben Sie das Recht auf: dauerhaften Zugriff, \u00c4nderung, Berichtigung, Widerspruch, \u00dcbertragbarkeit oder L\u00f6schen dieser Daten und Einschr\u00e4nkung ihrer Verarbeitung. Dieses Recht kann durch ein Schreiben an Heredis an seinen Hauptsitz im Atrium du Mill\u00e9naire &#8211; 78 all\u00e9e John Napier &#8211; CS 49458 &#8211; 34961 MONTPELLIER CEDEX 2 &#8211; Frankreich oder durch Senden einer E-Mail an folgende Adresse: meinedaten@heredis.com, wahrgenommen werden.<\/p>\n<p class=\"small\">Sie stimmen zu, dass Heredis Ihre pers\u00f6nlichen Daten, die Sie uns in dem vorausgegangenen Formular \u00fcbermittelt haben, sammeln und verwenden kann. <a href=\"https:\/\/home.heredis.com\/de\/richtlinien\/\">Lesen Sie dazu unsere Datenschutzerkl\u00e4rung.<\/a><\/p>\n[\/vc_column_text][\/vc_column][vc_column width=&#8220;1\/3&#8243; css=&#8220;.vc_custom_1535984003053{background-color: #d6d6d6 !important;}&#8220;][vc_empty_space][vc_column_text]\n<div class=\"eut-element eut-text\">\n<h5><i class=\"fa fa-envelope\">\u00a0<\/i> Per Post<\/h5>\n<p>HEREDIS SCOPARL<br \/>\nAtrium du Mill\u00e9naire<br \/>\n78 all\u00e9e John Napier<br \/>\nCS 49458<br \/>\n34961 MONTPELLIER CEDEX 2<br \/>\nFRANKREICH<\/p>\n<\/div>\n[\/vc_column_text]<div class=\"eut-map-wrapper\">  <div style=\"display:none\" class=\"eut-map-point\" data-point-lat=\"43.615147\" data-point-lng=\"3.909260\" data-point-marker=\"https:\/\/i0.wp.com\/home.heredis.com\/wp-content\/uploads\/2016\/05\/logo-map.png?fit=30%2C32&amp;ssl=1\" data-point-title=\"\"><\/div>  <div class=\"eut-element eut-map\" data-lat=\"43.615147\" data-lng=\"3.909260\" data-zoom=\"17\" style=\"height: 360px;\"><\/div><\/div><div class=\"eut-element eut-hr \" style=\"padding-top: 50px;\"><div class=\"eut-line-divider\"><\/div><\/div>[vc_empty_space][\/vc_column][\/vc_row][vc_row][vc_column]<div class=\"eut-element eut-hr \" style=\"padding-top: 50px;\"><div class=\"eut-line-divider\"><\/div><\/div>[\/vc_column][\/vc_row][vc_row][vc_column][vc_column_text css=&#8220;&#8220; animation_delay=&#8220;200&#8243;]Folgen Sie uns auf <a href=\"https:\/\/www.facebook.com\/Heredisde-205467633394994\/\" target=\"_blank\" rel=\"noopener noreferrer\">Facebook<\/a> [\/vc_column_text][\/vc_column][\/vc_row]\n<\/div>","protected":false},"excerpt":{"rendered":"<p>[vc_row][vc_column][\/vc_column][\/vc_row][vc_row][vc_column width=&#8220;2\/3&#8243;][vc_empty_space][vc_column_text] Per E-Mail F\u00fcllen Sie das nachfolgende Formular aus, um den Kundendienst von Heredis zu kontaktieren. Vielen Dank f\u00fcr Ihre Nachricht! Sie wurde erfolgreich versendet. DSGVO (Datenschutz-Grundverordnung) In \u00dcbereinstimmung mit den geltenden nationalen und europ\u00e4ischen Vorschriften haben Sie das Recht auf: dauerhaften Zugriff, \u00c4nderung, Berichtigung, Widerspruch, \u00dcbertragbarkeit oder L\u00f6schen dieser Daten und Einschr\u00e4nkung ihrer [&hellip;]<\/p>\n","protected":false},"author":2,"featured_media":0,"parent":0,"menu_order":72,"comment_status":"closed","ping_status":"closed","template":"","meta":{"footnotes":""},"class_list":["post-39063","page","type-page","status-publish","hentry"],"yoast_head":"<!-- This site is optimized with the Yoast SEO plugin v27.5 - https:\/\/yoast.com\/product\/yoast-seo-wordpress\/ -->\n<title>Vielen Dank f\u00fcr Ihre Nachricht! Sie wurde erfolgreich versendet. - Heredis<\/title>\n<meta name=\"robots\" content=\"index, follow, max-snippet:-1, max-image-preview:large, max-video-preview:-1\" \/>\n<link rel=\"canonical\" href=\"https:\/\/home.heredis.com\/de\/vielen-dank-fuer-ihre-nachricht-sie-wurde-erfolgreich-versendet\/\" \/>\n<meta property=\"og:locale\" content=\"de_DE\" \/>\n<meta property=\"og:type\" content=\"article\" \/>\n<meta property=\"og:title\" content=\"Vielen Dank f\u00fcr Ihre Nachricht! Sie wurde erfolgreich versendet. - Heredis\" \/>\n<meta property=\"og:description\" content=\"[vc_row][vc_column][\/vc_column][\/vc_row][vc_row][vc_column width=&#8220;2\/3&#8243;][vc_empty_space][vc_column_text] Per E-Mail F\u00fcllen Sie das nachfolgende Formular aus, um den Kundendienst von Heredis zu kontaktieren. Vielen Dank f\u00fcr Ihre Nachricht! Sie wurde erfolgreich versendet. DSGVO (Datenschutz-Grundverordnung) In \u00dcbereinstimmung mit den geltenden nationalen und europ\u00e4ischen Vorschriften haben Sie das Recht auf: dauerhaften Zugriff, \u00c4nderung, Berichtigung, Widerspruch, \u00dcbertragbarkeit oder L\u00f6schen dieser Daten und Einschr\u00e4nkung ihrer [&hellip;]\" \/>\n<meta property=\"og:url\" content=\"https:\/\/home.heredis.com\/de\/vielen-dank-fuer-ihre-nachricht-sie-wurde-erfolgreich-versendet\/\" \/>\n<meta property=\"og:site_name\" content=\"Heredis\" \/>\n<meta property=\"article:publisher\" content=\"https:\/\/www.facebook.com\/Heredis--341840326561\/\" \/>\n<meta property=\"article:modified_time\" content=\"2026-01-16T16:34:42+00:00\" \/>\n<meta name=\"twitter:card\" content=\"summary_large_image\" \/>\n<meta name=\"twitter:label1\" content=\"Gesch\u00e4tzte Lesezeit\" \/>\n\t<meta name=\"twitter:data1\" content=\"2\u00a0Minuten\" \/>\n<script type=\"application\/ld+json\" class=\"yoast-schema-graph\">{\"@context\":\"https:\\\/\\\/schema.org\",\"@graph\":[{\"@type\":\"WebPage\",\"@id\":\"https:\\\/\\\/home.heredis.com\\\/de\\\/vielen-dank-fuer-ihre-nachricht-sie-wurde-erfolgreich-versendet\\\/\",\"url\":\"https:\\\/\\\/home.heredis.com\\\/de\\\/vielen-dank-fuer-ihre-nachricht-sie-wurde-erfolgreich-versendet\\\/\",\"name\":\"Vielen Dank f\u00fcr Ihre Nachricht! Sie wurde erfolgreich versendet. - Heredis\",\"isPartOf\":{\"@id\":\"https:\\\/\\\/home.heredis.com\\\/de\\\/#website\"},\"datePublished\":\"2019-09-10T09:20:29+00:00\",\"dateModified\":\"2026-01-16T16:34:42+00:00\",\"breadcrumb\":{\"@id\":\"https:\\\/\\\/home.heredis.com\\\/de\\\/vielen-dank-fuer-ihre-nachricht-sie-wurde-erfolgreich-versendet\\\/#breadcrumb\"},\"inLanguage\":\"de\",\"potentialAction\":[{\"@type\":\"ReadAction\",\"target\":[\"https:\\\/\\\/home.heredis.com\\\/de\\\/vielen-dank-fuer-ihre-nachricht-sie-wurde-erfolgreich-versendet\\\/\"]}]},{\"@type\":\"BreadcrumbList\",\"@id\":\"https:\\\/\\\/home.heredis.com\\\/de\\\/vielen-dank-fuer-ihre-nachricht-sie-wurde-erfolgreich-versendet\\\/#breadcrumb\",\"itemListElement\":[{\"@type\":\"ListItem\",\"position\":1,\"name\":\"Accueil\",\"item\":\"https:\\\/\\\/home.heredis.com\\\/de\\\/\"},{\"@type\":\"ListItem\",\"position\":2,\"name\":\"Vielen Dank f\u00fcr Ihre Nachricht! Sie wurde erfolgreich versendet.\"}]},{\"@type\":\"WebSite\",\"@id\":\"https:\\\/\\\/home.heredis.com\\\/de\\\/#website\",\"url\":\"https:\\\/\\\/home.heredis.com\\\/de\\\/\",\"name\":\"Heredis\",\"description\":\"La g\u00e9n\u00e9alogie change.\",\"publisher\":{\"@id\":\"https:\\\/\\\/home.heredis.com\\\/de\\\/#organization\"},\"potentialAction\":[{\"@type\":\"SearchAction\",\"target\":{\"@type\":\"EntryPoint\",\"urlTemplate\":\"https:\\\/\\\/home.heredis.com\\\/de\\\/?s={search_term_string}\"},\"query-input\":{\"@type\":\"PropertyValueSpecification\",\"valueRequired\":true,\"valueName\":\"search_term_string\"}}],\"inLanguage\":\"de\"},{\"@type\":\"Organization\",\"@id\":\"https:\\\/\\\/home.heredis.com\\\/de\\\/#organization\",\"name\":\"Heredis\",\"url\":\"https:\\\/\\\/home.heredis.com\\\/de\\\/\",\"logo\":{\"@type\":\"ImageObject\",\"inLanguage\":\"de\",\"@id\":\"https:\\\/\\\/home.heredis.com\\\/de\\\/#\\\/schema\\\/logo\\\/image\\\/\",\"url\":\"https:\\\/\\\/i1.wp.com\\\/home.heredis.com\\\/wp-content\\\/uploads\\\/2017\\\/01\\\/logo-H-c.png?fit=800%2C221&ssl=1\",\"contentUrl\":\"https:\\\/\\\/i1.wp.com\\\/home.heredis.com\\\/wp-content\\\/uploads\\\/2017\\\/01\\\/logo-H-c.png?fit=800%2C221&ssl=1\",\"width\":800,\"height\":221,\"caption\":\"Heredis\"},\"image\":{\"@id\":\"https:\\\/\\\/home.heredis.com\\\/de\\\/#\\\/schema\\\/logo\\\/image\\\/\"},\"sameAs\":[\"https:\\\/\\\/www.facebook.com\\\/Heredis--341840326561\\\/\"]}]}<\/script>\n<!-- \/ Yoast SEO plugin. -->","yoast_head_json":{"title":"Vielen Dank f\u00fcr Ihre Nachricht! Sie wurde erfolgreich versendet. - Heredis","robots":{"index":"index","follow":"follow","max-snippet":"max-snippet:-1","max-image-preview":"max-image-preview:large","max-video-preview":"max-video-preview:-1"},"canonical":"https:\/\/home.heredis.com\/de\/vielen-dank-fuer-ihre-nachricht-sie-wurde-erfolgreich-versendet\/","og_locale":"de_DE","og_type":"article","og_title":"Vielen Dank f\u00fcr Ihre Nachricht! Sie wurde erfolgreich versendet. - Heredis","og_description":"[vc_row][vc_column][\/vc_column][\/vc_row][vc_row][vc_column width=&#8220;2\/3&#8243;][vc_empty_space][vc_column_text] Per E-Mail F\u00fcllen Sie das nachfolgende Formular aus, um den Kundendienst von Heredis zu kontaktieren. Vielen Dank f\u00fcr Ihre Nachricht! Sie wurde erfolgreich versendet. DSGVO (Datenschutz-Grundverordnung) In \u00dcbereinstimmung mit den geltenden nationalen und europ\u00e4ischen Vorschriften haben Sie das Recht auf: dauerhaften Zugriff, \u00c4nderung, Berichtigung, Widerspruch, \u00dcbertragbarkeit oder L\u00f6schen dieser Daten und Einschr\u00e4nkung ihrer [&hellip;]","og_url":"https:\/\/home.heredis.com\/de\/vielen-dank-fuer-ihre-nachricht-sie-wurde-erfolgreich-versendet\/","og_site_name":"Heredis","article_publisher":"https:\/\/www.facebook.com\/Heredis--341840326561\/","article_modified_time":"2026-01-16T16:34:42+00:00","twitter_card":"summary_large_image","twitter_misc":{"Gesch\u00e4tzte Lesezeit":"2\u00a0Minuten"},"schema":{"@context":"https:\/\/schema.org","@graph":[{"@type":"WebPage","@id":"https:\/\/home.heredis.com\/de\/vielen-dank-fuer-ihre-nachricht-sie-wurde-erfolgreich-versendet\/","url":"https:\/\/home.heredis.com\/de\/vielen-dank-fuer-ihre-nachricht-sie-wurde-erfolgreich-versendet\/","name":"Vielen Dank f\u00fcr Ihre Nachricht! Sie wurde erfolgreich versendet. - Heredis","isPartOf":{"@id":"https:\/\/home.heredis.com\/de\/#website"},"datePublished":"2019-09-10T09:20:29+00:00","dateModified":"2026-01-16T16:34:42+00:00","breadcrumb":{"@id":"https:\/\/home.heredis.com\/de\/vielen-dank-fuer-ihre-nachricht-sie-wurde-erfolgreich-versendet\/#breadcrumb"},"inLanguage":"de","potentialAction":[{"@type":"ReadAction","target":["https:\/\/home.heredis.com\/de\/vielen-dank-fuer-ihre-nachricht-sie-wurde-erfolgreich-versendet\/"]}]},{"@type":"BreadcrumbList","@id":"https:\/\/home.heredis.com\/de\/vielen-dank-fuer-ihre-nachricht-sie-wurde-erfolgreich-versendet\/#breadcrumb","itemListElement":[{"@type":"ListItem","position":1,"name":"Accueil","item":"https:\/\/home.heredis.com\/de\/"},{"@type":"ListItem","position":2,"name":"Vielen Dank f\u00fcr Ihre Nachricht! Sie wurde erfolgreich versendet."}]},{"@type":"WebSite","@id":"https:\/\/home.heredis.com\/de\/#website","url":"https:\/\/home.heredis.com\/de\/","name":"Heredis","description":"La g\u00e9n\u00e9alogie change.","publisher":{"@id":"https:\/\/home.heredis.com\/de\/#organization"},"potentialAction":[{"@type":"SearchAction","target":{"@type":"EntryPoint","urlTemplate":"https:\/\/home.heredis.com\/de\/?s={search_term_string}"},"query-input":{"@type":"PropertyValueSpecification","valueRequired":true,"valueName":"search_term_string"}}],"inLanguage":"de"},{"@type":"Organization","@id":"https:\/\/home.heredis.com\/de\/#organization","name":"Heredis","url":"https:\/\/home.heredis.com\/de\/","logo":{"@type":"ImageObject","inLanguage":"de","@id":"https:\/\/home.heredis.com\/de\/#\/schema\/logo\/image\/","url":"https:\/\/i1.wp.com\/home.heredis.com\/wp-content\/uploads\/2017\/01\/logo-H-c.png?fit=800%2C221&ssl=1","contentUrl":"https:\/\/i1.wp.com\/home.heredis.com\/wp-content\/uploads\/2017\/01\/logo-H-c.png?fit=800%2C221&ssl=1","width":800,"height":221,"caption":"Heredis"},"image":{"@id":"https:\/\/home.heredis.com\/de\/#\/schema\/logo\/image\/"},"sameAs":["https:\/\/www.facebook.com\/Heredis--341840326561\/"]}]}},"jetpack_sharing_enabled":true,"_links":{"self":[{"href":"https:\/\/home.heredis.com\/de\/wp-json\/wp\/v2\/pages\/39063","targetHints":{"allow":["GET"]}}],"collection":[{"href":"https:\/\/home.heredis.com\/de\/wp-json\/wp\/v2\/pages"}],"about":[{"href":"https:\/\/home.heredis.com\/de\/wp-json\/wp\/v2\/types\/page"}],"author":[{"embeddable":true,"href":"https:\/\/home.heredis.com\/de\/wp-json\/wp\/v2\/users\/2"}],"replies":[{"embeddable":true,"href":"https:\/\/home.heredis.com\/de\/wp-json\/wp\/v2\/comments?post=39063"}],"version-history":[{"count":7,"href":"https:\/\/home.heredis.com\/de\/wp-json\/wp\/v2\/pages\/39063\/revisions"}],"predecessor-version":[{"id":82273,"href":"https:\/\/home.heredis.com\/de\/wp-json\/wp\/v2\/pages\/39063\/revisions\/82273"}],"wp:attachment":[{"href":"https:\/\/home.heredis.com\/de\/wp-json\/wp\/v2\/media?parent=39063"}],"curies":[{"name":"wp","href":"https:\/\/api.w.org\/{rel}","templated":true}]}}