{"id":65275,"date":"2016-08-29T11:09:40","date_gmt":"2016-08-29T10:09:40","guid":{"rendered":"https:\/\/home.heredis.com\/press\/"},"modified":"2023-09-04T17:19:13","modified_gmt":"2023-09-04T16:19:13","slug":"presse","status":"publish","type":"page","link":"https:\/\/home.heredis.com\/de\/presse\/","title":{"rendered":"Presse"},"content":{"rendered":"<div class=\"wpb-content-wrapper\">[vc_row][vc_column width=&#8220;1\/3&#8243;][vc_column_text]\n<h3>Journalisten &amp; Blogger<\/h3>\n<p>Hier finden Sie alle unsere Pressemitteilungen sowie das aktuelle Pressedossier von Heredis mit passendem Bildmaterial (Screenshots, Logo usw.).[\/vc_column_text][\/vc_column][vc_column width=&#8220;1\/3&#8243;][vc_column_text]\n<h3>Kontakt<\/h3>\n<p>Wenn Sie noch mehr \u00fcber Heredis erfahren m\u00f6chten, k\u00f6nnen Sie uns auch gerne direkt kontaktieren. Bitte f\u00fcllen Sie dazu das folgende Kontaktformular aus. Es erm\u00f6glicht uns Ihnen den Download-Link zur Version zu senden, die Sie interessiert, sowie weiteres Presse \u2013 und Bildmaterial, was f\u00fcr Journalisten und Blogger bestimmt ist.[\/vc_column_text][\/vc_column][vc_column width=&#8220;1\/3&#8243;][vc_column_text]\n<h3>Heredis in der Presse<\/h3>\n<p>Die Presse berichtet \u00fcber unsere Software und unser Unternehmen. Entdecken Sie in dieser Rubrik alle Artikel \u00fcber Heredis.[\/vc_column_text][\/vc_column][\/vc_row][vc_row][vc_column width=&#8220;1\/3&#8243;]<div class=\"eut-element eut-align-left\"><a class=\"eut-btn eut-btn-small eut-round eut-bg-primary-1\" href=\"\/de\/presse\/pressemitteilungen\/\" target=\"_self\" style=\"\"><span>Pressematerial<\/span><\/a><\/div>[\/vc_column][vc_column width=&#8220;1\/3&#8243;]<div class=\"eut-element eut-align-left\"><a class=\"eut-btn eut-btn-small eut-round eut-bg-primary-1\" href=\"\/de\/presse\/kontakt\/\" target=\"_self\" style=\"\"><span>Kontakt<\/span><\/a><\/div>[\/vc_column][vc_column width=&#8220;1\/3&#8243;]<div class=\"eut-element eut-align-left\"><a class=\"eut-btn eut-btn-small eut-round eut-bg-primary-1\" href=\"\/de\/presse\/artikel\/\" target=\"_self\" style=\"\"><span>Zu den Artikeln<\/span><\/a><\/div>[\/vc_column][\/vc_row]\n<\/div>","protected":false},"excerpt":{"rendered":"<p>[vc_row][vc_column width=&#8220;1\/3&#8243;][vc_column_text] Journalisten &amp; Blogger Hier finden Sie alle unsere Pressemitteilungen sowie das aktuelle Pressedossier von Heredis mit passendem Bildmaterial (Screenshots, Logo usw.).[\/vc_column_text][\/vc_column][vc_column width=&#8220;1\/3&#8243;][vc_column_text] Kontakt Wenn Sie noch mehr \u00fcber Heredis erfahren m\u00f6chten, k\u00f6nnen Sie uns auch gerne direkt kontaktieren. Bitte f\u00fcllen Sie dazu das folgende Kontaktformular aus. Es erm\u00f6glicht uns Ihnen den Download-Link zur [&hellip;]<\/p>\n","protected":false},"author":2,"featured_media":0,"parent":0,"menu_order":82,"comment_status":"closed","ping_status":"closed","template":"","meta":{"footnotes":""},"class_list":["post-65275","page","type-page","status-publish","hentry"],"yoast_head":"<!-- This site is optimized with the Yoast SEO plugin v27.3 - https:\/\/yoast.com\/product\/yoast-seo-wordpress\/ -->\n<title>Genealogische und allgemeine Presse - Alles \u00fcber Heredis!<\/title>\n<meta name=\"description\" content=\"Sie m\u00f6chten \u00fcber Heredis und seine Genealogie-Software berichten? Hier finden Sie unser Pressedossier oder kontaktieren Sie Annegret Gr\u00e4fe.\" \/>\n<meta name=\"robots\" content=\"index, follow, max-snippet:-1, max-image-preview:large, max-video-preview:-1\" \/>\n<link rel=\"canonical\" href=\"https:\/\/home.heredis.com\/de\/presse\/\" \/>\n<meta property=\"og:locale\" content=\"de_DE\" \/>\n<meta property=\"og:type\" content=\"article\" \/>\n<meta property=\"og:title\" content=\"Genealogische und allgemeine Presse - Alles \u00fcber Heredis!\" \/>\n<meta property=\"og:description\" content=\"Sie m\u00f6chten \u00fcber Heredis und seine Genealogie-Software berichten? Hier finden Sie unser Pressedossier oder kontaktieren Sie Annegret Gr\u00e4fe.\" \/>\n<meta property=\"og:url\" content=\"https:\/\/home.heredis.com\/de\/presse\/\" \/>\n<meta property=\"og:site_name\" content=\"Heredis\" \/>\n<meta property=\"article:publisher\" content=\"https:\/\/www.facebook.com\/Heredis--341840326561\/\" \/>\n<meta property=\"article:modified_time\" content=\"2023-09-04T16:19:13+00:00\" \/>\n<meta name=\"twitter:card\" content=\"summary_large_image\" \/>\n<meta name=\"twitter:label1\" content=\"Gesch\u00e4tzte Lesezeit\" \/>\n\t<meta name=\"twitter:data1\" content=\"1\u00a0Minute\" \/>\n<script type=\"application\/ld+json\" class=\"yoast-schema-graph\">{\"@context\":\"https:\\\/\\\/schema.org\",\"@graph\":[{\"@type\":\"WebPage\",\"@id\":\"https:\\\/\\\/home.heredis.com\\\/de\\\/presse\\\/\",\"url\":\"https:\\\/\\\/home.heredis.com\\\/de\\\/presse\\\/\",\"name\":\"Genealogische und allgemeine Presse - Alles \u00fcber Heredis!\",\"isPartOf\":{\"@id\":\"https:\\\/\\\/home.heredis.com\\\/de\\\/#website\"},\"datePublished\":\"2016-08-29T10:09:40+00:00\",\"dateModified\":\"2023-09-04T16:19:13+00:00\",\"description\":\"Sie m\u00f6chten \u00fcber Heredis und seine Genealogie-Software berichten? Hier finden Sie unser Pressedossier oder kontaktieren Sie Annegret Gr\u00e4fe.\",\"breadcrumb\":{\"@id\":\"https:\\\/\\\/home.heredis.com\\\/de\\\/presse\\\/#breadcrumb\"},\"inLanguage\":\"de\",\"potentialAction\":[{\"@type\":\"ReadAction\",\"target\":[\"https:\\\/\\\/home.heredis.com\\\/de\\\/presse\\\/\"]}]},{\"@type\":\"BreadcrumbList\",\"@id\":\"https:\\\/\\\/home.heredis.com\\\/de\\\/presse\\\/#breadcrumb\",\"itemListElement\":[{\"@type\":\"ListItem\",\"position\":1,\"name\":\"Accueil\",\"item\":\"https:\\\/\\\/home.heredis.com\\\/de\\\/\"},{\"@type\":\"ListItem\",\"position\":2,\"name\":\"Presse\"}]},{\"@type\":\"WebSite\",\"@id\":\"https:\\\/\\\/home.heredis.com\\\/de\\\/#website\",\"url\":\"https:\\\/\\\/home.heredis.com\\\/de\\\/\",\"name\":\"Heredis\",\"description\":\"La g\u00e9n\u00e9alogie change.\",\"publisher\":{\"@id\":\"https:\\\/\\\/home.heredis.com\\\/de\\\/#organization\"},\"potentialAction\":[{\"@type\":\"SearchAction\",\"target\":{\"@type\":\"EntryPoint\",\"urlTemplate\":\"https:\\\/\\\/home.heredis.com\\\/de\\\/?s={search_term_string}\"},\"query-input\":{\"@type\":\"PropertyValueSpecification\",\"valueRequired\":true,\"valueName\":\"search_term_string\"}}],\"inLanguage\":\"de\"},{\"@type\":\"Organization\",\"@id\":\"https:\\\/\\\/home.heredis.com\\\/de\\\/#organization\",\"name\":\"Heredis\",\"url\":\"https:\\\/\\\/home.heredis.com\\\/de\\\/\",\"logo\":{\"@type\":\"ImageObject\",\"inLanguage\":\"de\",\"@id\":\"https:\\\/\\\/home.heredis.com\\\/de\\\/#\\\/schema\\\/logo\\\/image\\\/\",\"url\":\"https:\\\/\\\/i1.wp.com\\\/home.heredis.com\\\/wp-content\\\/uploads\\\/2017\\\/01\\\/logo-H-c.png?fit=800%2C221&ssl=1\",\"contentUrl\":\"https:\\\/\\\/i1.wp.com\\\/home.heredis.com\\\/wp-content\\\/uploads\\\/2017\\\/01\\\/logo-H-c.png?fit=800%2C221&ssl=1\",\"width\":800,\"height\":221,\"caption\":\"Heredis\"},\"image\":{\"@id\":\"https:\\\/\\\/home.heredis.com\\\/de\\\/#\\\/schema\\\/logo\\\/image\\\/\"},\"sameAs\":[\"https:\\\/\\\/www.facebook.com\\\/Heredis--341840326561\\\/\"]}]}<\/script>\n<!-- \/ Yoast SEO plugin. -->","yoast_head_json":{"title":"Genealogische und allgemeine Presse - Alles \u00fcber Heredis!","description":"Sie m\u00f6chten \u00fcber Heredis und seine Genealogie-Software berichten? Hier finden Sie unser Pressedossier oder kontaktieren Sie Annegret Gr\u00e4fe.","robots":{"index":"index","follow":"follow","max-snippet":"max-snippet:-1","max-image-preview":"max-image-preview:large","max-video-preview":"max-video-preview:-1"},"canonical":"https:\/\/home.heredis.com\/de\/presse\/","og_locale":"de_DE","og_type":"article","og_title":"Genealogische und allgemeine Presse - Alles \u00fcber Heredis!","og_description":"Sie m\u00f6chten \u00fcber Heredis und seine Genealogie-Software berichten? Hier finden Sie unser Pressedossier oder kontaktieren Sie Annegret Gr\u00e4fe.","og_url":"https:\/\/home.heredis.com\/de\/presse\/","og_site_name":"Heredis","article_publisher":"https:\/\/www.facebook.com\/Heredis--341840326561\/","article_modified_time":"2023-09-04T16:19:13+00:00","twitter_card":"summary_large_image","twitter_misc":{"Gesch\u00e4tzte Lesezeit":"1\u00a0Minute"},"schema":{"@context":"https:\/\/schema.org","@graph":[{"@type":"WebPage","@id":"https:\/\/home.heredis.com\/de\/presse\/","url":"https:\/\/home.heredis.com\/de\/presse\/","name":"Genealogische und allgemeine Presse - Alles \u00fcber Heredis!","isPartOf":{"@id":"https:\/\/home.heredis.com\/de\/#website"},"datePublished":"2016-08-29T10:09:40+00:00","dateModified":"2023-09-04T16:19:13+00:00","description":"Sie m\u00f6chten \u00fcber Heredis und seine Genealogie-Software berichten? Hier finden Sie unser Pressedossier oder kontaktieren Sie Annegret Gr\u00e4fe.","breadcrumb":{"@id":"https:\/\/home.heredis.com\/de\/presse\/#breadcrumb"},"inLanguage":"de","potentialAction":[{"@type":"ReadAction","target":["https:\/\/home.heredis.com\/de\/presse\/"]}]},{"@type":"BreadcrumbList","@id":"https:\/\/home.heredis.com\/de\/presse\/#breadcrumb","itemListElement":[{"@type":"ListItem","position":1,"name":"Accueil","item":"https:\/\/home.heredis.com\/de\/"},{"@type":"ListItem","position":2,"name":"Presse"}]},{"@type":"WebSite","@id":"https:\/\/home.heredis.com\/de\/#website","url":"https:\/\/home.heredis.com\/de\/","name":"Heredis","description":"La g\u00e9n\u00e9alogie change.","publisher":{"@id":"https:\/\/home.heredis.com\/de\/#organization"},"potentialAction":[{"@type":"SearchAction","target":{"@type":"EntryPoint","urlTemplate":"https:\/\/home.heredis.com\/de\/?s={search_term_string}"},"query-input":{"@type":"PropertyValueSpecification","valueRequired":true,"valueName":"search_term_string"}}],"inLanguage":"de"},{"@type":"Organization","@id":"https:\/\/home.heredis.com\/de\/#organization","name":"Heredis","url":"https:\/\/home.heredis.com\/de\/","logo":{"@type":"ImageObject","inLanguage":"de","@id":"https:\/\/home.heredis.com\/de\/#\/schema\/logo\/image\/","url":"https:\/\/i1.wp.com\/home.heredis.com\/wp-content\/uploads\/2017\/01\/logo-H-c.png?fit=800%2C221&ssl=1","contentUrl":"https:\/\/i1.wp.com\/home.heredis.com\/wp-content\/uploads\/2017\/01\/logo-H-c.png?fit=800%2C221&ssl=1","width":800,"height":221,"caption":"Heredis"},"image":{"@id":"https:\/\/home.heredis.com\/de\/#\/schema\/logo\/image\/"},"sameAs":["https:\/\/www.facebook.com\/Heredis--341840326561\/"]}]}},"jetpack_sharing_enabled":true,"_links":{"self":[{"href":"https:\/\/home.heredis.com\/de\/wp-json\/wp\/v2\/pages\/65275","targetHints":{"allow":["GET"]}}],"collection":[{"href":"https:\/\/home.heredis.com\/de\/wp-json\/wp\/v2\/pages"}],"about":[{"href":"https:\/\/home.heredis.com\/de\/wp-json\/wp\/v2\/types\/page"}],"author":[{"embeddable":true,"href":"https:\/\/home.heredis.com\/de\/wp-json\/wp\/v2\/users\/2"}],"replies":[{"embeddable":true,"href":"https:\/\/home.heredis.com\/de\/wp-json\/wp\/v2\/comments?post=65275"}],"version-history":[{"count":11,"href":"https:\/\/home.heredis.com\/de\/wp-json\/wp\/v2\/pages\/65275\/revisions"}],"predecessor-version":[{"id":76946,"href":"https:\/\/home.heredis.com\/de\/wp-json\/wp\/v2\/pages\/65275\/revisions\/76946"}],"wp:attachment":[{"href":"https:\/\/home.heredis.com\/de\/wp-json\/wp\/v2\/media?parent=65275"}],"curies":[{"name":"wp","href":"https:\/\/api.w.org\/{rel}","templated":true}]}}