{"id":65279,"date":"2016-08-29T14:18:42","date_gmt":"2016-08-29T13:18:42","guid":{"rendered":"https:\/\/home.heredis.com\/press\/contact-us\/"},"modified":"2026-01-21T16:57:40","modified_gmt":"2026-01-21T15:57:40","slug":"kontakt","status":"publish","type":"page","link":"https:\/\/home.heredis.com\/de\/presse\/kontakt\/","title":{"rendered":"Kontakt"},"content":{"rendered":"<div class=\"wpb-content-wrapper\">[vc_row][vc_column width=&#8220;1\/2&#8243;][vc_column_text css=&#8220;&#8220; animation_delay=&#8220;200&#8243;]Sie sind Journalist\/in oder Blogger\/in?<\/p>\n<p>Wenn Sie mehr Informationen \u00fcber Heredis erhalten m\u00f6chten, f\u00fcllen Sie einfach das Kontaktformular aus und kontaktieren Sie Annegret Gr\u00e4fe.<\/p>\n<table border=\"0\" cellspacing=\"0\" cellpadding=\"0\">\n<thead>\n<tr>\n<td style=\"vertical-align: top;\" width=\"50%\"><strong>Ihre Ansprechpartnerin<\/strong><\/p>\n<p><strong><br \/>\n<\/strong>Annegret Gr\u00e4fe<\/p>\n<p>00 33 7 69 52 40 75<\/td>\n<td><img data-recalc-dims=\"1\" loading=\"lazy\" decoding=\"async\" class=\"alignright size-full wp-image-65299\" src=\"https:\/\/i0.wp.com\/home.heredis.com\/wp-content\/uploads\/2020\/04\/annegret.png?resize=500%2C375&#038;ssl=1\" alt=\"\" width=\"500\" height=\"375\" srcset=\"https:\/\/i0.wp.com\/home.heredis.com\/wp-content\/uploads\/2020\/04\/annegret.png?w=500&amp;ssl=1 500w, https:\/\/i0.wp.com\/home.heredis.com\/wp-content\/uploads\/2020\/04\/annegret.png?resize=300%2C225&amp;ssl=1 300w\" sizes=\"auto, (max-width: 500px) 100vw, 500px\" \/><\/td>\n<\/tr>\n<\/thead>\n<\/table>\n[\/vc_column_text][\/vc_column][vc_column width=&#8220;1\/2&#8243;]\n<div class=\"wpcf7 no-js\" id=\"wpcf7-f66859-o1\" lang=\"de-DE\" dir=\"ltr\" data-wpcf7-id=\"66859\">\n<div class=\"screen-reader-response\"><p role=\"status\" aria-live=\"polite\" aria-atomic=\"true\"><\/p> <ul><\/ul><\/div>\n<form action=\"\/de\/wp-json\/wp\/v2\/pages\/65279#wpcf7-f66859-o1\" method=\"post\" class=\"wpcf7-form init\" aria-label=\"Kontaktformular\" novalidate=\"novalidate\" data-status=\"init\">\n<fieldset class=\"hidden-fields-container\"><input type=\"hidden\" name=\"_wpcf7\" value=\"66859\" \/><input type=\"hidden\" name=\"_wpcf7_version\" value=\"6.1.5\" \/><input type=\"hidden\" name=\"_wpcf7_locale\" value=\"de_DE\" \/><input type=\"hidden\" name=\"_wpcf7_unit_tag\" value=\"wpcf7-f66859-o1\" \/><input type=\"hidden\" name=\"_wpcf7_container_post\" value=\"0\" \/><input type=\"hidden\" name=\"_wpcf7_posted_data_hash\" value=\"\" \/><input type=\"hidden\" name=\"_wpcf7cf_hidden_group_fields\" value=\"[]\" \/><input type=\"hidden\" name=\"_wpcf7cf_hidden_groups\" value=\"[]\" \/><input type=\"hidden\" name=\"_wpcf7cf_visible_groups\" value=\"[]\" \/><input type=\"hidden\" name=\"_wpcf7cf_repeaters\" value=\"[]\" \/><input type=\"hidden\" name=\"_wpcf7cf_steps\" value=\"{}\" \/><input type=\"hidden\" name=\"_wpcf7cf_options\" value=\"{&quot;form_id&quot;:66859,&quot;conditions&quot;:[],&quot;settings&quot;:{&quot;animation&quot;:&quot;yes&quot;,&quot;animation_intime&quot;:200,&quot;animation_outtime&quot;:200,&quot;conditions_ui&quot;:&quot;normal&quot;,&quot;notice_dismissed&quot;:false,&quot;repeater_remove_button&quot;:&quot;bottom&quot;,&quot;notice_dismissed_rollback-cf7-5.9.5&quot;:true,&quot;notice_dismissed_rollback-cf7-5.9.6&quot;:true,&quot;notice_dismissed_update-cf7-6.0&quot;:true,&quot;notice_dismissed_update-cf7-6.0.1&quot;:true,&quot;notice_dismissed_update-cf7-6.0.3&quot;:true,&quot;notice_dismissed_rollback-cf7-6.0.5&quot;:true,&quot;notice_dismissed_rollback-cf7-6.0.6&quot;:true}}\" \/><input type=\"hidden\" name=\"_wpcf7_recaptcha_response\" value=\"\" \/>\n<\/fieldset>\n<p><span class=\"wpcf7-form-control-wrap\" data-name=\"text-961\"><input size=\"40\" maxlength=\"400\" class=\"wpcf7-form-control wpcf7-text wpcf7-validates-as-required\" aria-required=\"true\" aria-invalid=\"false\" placeholder=\"Vorname\" value=\"\" type=\"text\" name=\"text-961\" \/><\/span><br \/>\n<span class=\"wpcf7-form-control-wrap\" data-name=\"text-962\"><input size=\"40\" maxlength=\"400\" class=\"wpcf7-form-control wpcf7-text wpcf7-validates-as-required\" aria-required=\"true\" aria-invalid=\"false\" placeholder=\"Nachname\" value=\"\" type=\"text\" name=\"text-962\" \/><\/span><br \/>\n<span class=\"wpcf7-form-control-wrap\" data-name=\"email-37\"><input size=\"40\" maxlength=\"400\" class=\"wpcf7-form-control wpcf7-email wpcf7-validates-as-required wpcf7-text wpcf7-validates-as-email\" aria-required=\"true\" aria-invalid=\"false\" placeholder=\"E-Mail-Adresse\" value=\"\" type=\"email\" name=\"email-37\" \/><\/span><br \/>\n<span class=\"wpcf7-form-control-wrap\" data-name=\"text-963\"><input size=\"40\" maxlength=\"400\" class=\"wpcf7-form-control wpcf7-text wpcf7-validates-as-required\" aria-required=\"true\" aria-invalid=\"false\" placeholder=\"Magazin, Blog...\" value=\"\" type=\"text\" name=\"text-963\" \/><\/span><br \/>\n<span class=\"wpcf7-form-control-wrap\" data-name=\"textarea-951\"><textarea cols=\"40\" rows=\"10\" maxlength=\"2000\" class=\"wpcf7-form-control wpcf7-textarea wpcf7-validates-as-required\" aria-required=\"true\" aria-invalid=\"false\" placeholder=\"Ihre Nachricht\" name=\"textarea-951\"><\/textarea><\/span><br \/>\n<input class=\"wpcf7-form-control wpcf7-submit has-spinner\" type=\"submit\" value=\"Senden\" \/>\n<\/p><div class=\"wpcf7-response-output\" aria-hidden=\"true\"><\/div>\n<\/form>\n<\/div>\n[\/vc_column][\/vc_row]\n<\/div>","protected":false},"excerpt":{"rendered":"<p>[vc_row][vc_column width=&#8220;1\/2&#8243;][vc_column_text css=&#8220;&#8220; animation_delay=&#8220;200&#8243;]Sie sind Journalist\/in oder Blogger\/in? Wenn Sie mehr Informationen \u00fcber Heredis erhalten m\u00f6chten, f\u00fcllen Sie einfach das Kontaktformular aus und kontaktieren Sie Annegret Gr\u00e4fe. Ihre Ansprechpartnerin Annegret Gr\u00e4fe 00 33 7 69 52 40 75 [\/vc_column_text][\/vc_column][vc_column width=&#8220;1\/2&#8243;][\/vc_column][\/vc_row]<\/p>\n","protected":false},"author":2,"featured_media":0,"parent":65275,"menu_order":87,"comment_status":"closed","ping_status":"closed","template":"","meta":{"footnotes":""},"class_list":["post-65279","page","type-page","status-publish","hentry"],"yoast_head":"<!-- This site is optimized with the Yoast SEO plugin v27.6 - https:\/\/yoast.com\/product\/yoast-seo-wordpress\/ -->\n<title>Mehr Informationen \u00fcber Heredis und seine Genealogie-Software<\/title>\n<meta name=\"description\" content=\"Sie sind Journalist oder Blogger? Sie w\u00fcnschen sich noch weitere Informationen zu Heredis und seiner Software? Dann kontaktieren Sie einfach Annegret Gr\u00e4fe.\" \/>\n<meta name=\"robots\" content=\"index, follow, max-snippet:-1, max-image-preview:large, max-video-preview:-1\" \/>\n<link rel=\"canonical\" href=\"https:\/\/home.heredis.com\/de\/presse\/kontakt\/\" \/>\n<meta property=\"og:locale\" content=\"de_DE\" \/>\n<meta property=\"og:type\" content=\"article\" \/>\n<meta property=\"og:title\" content=\"Mehr Informationen \u00fcber Heredis und seine Genealogie-Software\" \/>\n<meta property=\"og:description\" content=\"Sie sind Journalist oder Blogger? Sie w\u00fcnschen sich noch weitere Informationen zu Heredis und seiner Software? Dann kontaktieren Sie einfach Annegret Gr\u00e4fe.\" \/>\n<meta property=\"og:url\" content=\"https:\/\/home.heredis.com\/de\/presse\/kontakt\/\" \/>\n<meta property=\"og:site_name\" content=\"Heredis\" \/>\n<meta property=\"article:publisher\" content=\"https:\/\/www.facebook.com\/Heredis--341840326561\/\" \/>\n<meta property=\"article:modified_time\" content=\"2026-01-21T15:57:40+00:00\" \/>\n<meta property=\"og:image\" content=\"https:\/\/home.heredis.com\/wp-content\/uploads\/2020\/04\/annegret.png\" \/>\n<meta name=\"twitter:card\" content=\"summary_large_image\" \/>\n<meta name=\"twitter:label1\" content=\"Gesch\u00e4tzte Lesezeit\" \/>\n\t<meta name=\"twitter:data1\" content=\"1\u00a0Minute\" \/>\n<script type=\"application\/ld+json\" class=\"yoast-schema-graph\">{\"@context\":\"https:\\\/\\\/schema.org\",\"@graph\":[{\"@type\":\"WebPage\",\"@id\":\"https:\\\/\\\/home.heredis.com\\\/de\\\/presse\\\/kontakt\\\/\",\"url\":\"https:\\\/\\\/home.heredis.com\\\/de\\\/presse\\\/kontakt\\\/\",\"name\":\"Mehr Informationen \u00fcber Heredis und seine Genealogie-Software\",\"isPartOf\":{\"@id\":\"https:\\\/\\\/home.heredis.com\\\/de\\\/#website\"},\"primaryImageOfPage\":{\"@id\":\"https:\\\/\\\/home.heredis.com\\\/de\\\/presse\\\/kontakt\\\/#primaryimage\"},\"image\":{\"@id\":\"https:\\\/\\\/home.heredis.com\\\/de\\\/presse\\\/kontakt\\\/#primaryimage\"},\"thumbnailUrl\":\"https:\\\/\\\/home.heredis.com\\\/wp-content\\\/uploads\\\/2020\\\/04\\\/annegret.png\",\"datePublished\":\"2016-08-29T13:18:42+00:00\",\"dateModified\":\"2026-01-21T15:57:40+00:00\",\"description\":\"Sie sind Journalist oder Blogger? Sie w\u00fcnschen sich noch weitere Informationen zu Heredis und seiner Software? Dann kontaktieren Sie einfach Annegret Gr\u00e4fe.\",\"breadcrumb\":{\"@id\":\"https:\\\/\\\/home.heredis.com\\\/de\\\/presse\\\/kontakt\\\/#breadcrumb\"},\"inLanguage\":\"de\",\"potentialAction\":[{\"@type\":\"ReadAction\",\"target\":[\"https:\\\/\\\/home.heredis.com\\\/de\\\/presse\\\/kontakt\\\/\"]}]},{\"@type\":\"ImageObject\",\"inLanguage\":\"de\",\"@id\":\"https:\\\/\\\/home.heredis.com\\\/de\\\/presse\\\/kontakt\\\/#primaryimage\",\"url\":\"https:\\\/\\\/home.heredis.com\\\/wp-content\\\/uploads\\\/2020\\\/04\\\/annegret.png\",\"contentUrl\":\"https:\\\/\\\/home.heredis.com\\\/wp-content\\\/uploads\\\/2020\\\/04\\\/annegret.png\"},{\"@type\":\"BreadcrumbList\",\"@id\":\"https:\\\/\\\/home.heredis.com\\\/de\\\/presse\\\/kontakt\\\/#breadcrumb\",\"itemListElement\":[{\"@type\":\"ListItem\",\"position\":1,\"name\":\"Accueil\",\"item\":\"https:\\\/\\\/home.heredis.com\\\/de\\\/\"},{\"@type\":\"ListItem\",\"position\":2,\"name\":\"Presse\",\"item\":\"https:\\\/\\\/home.heredis.com\\\/de\\\/presse\\\/\"},{\"@type\":\"ListItem\",\"position\":3,\"name\":\"Kontakt\"}]},{\"@type\":\"WebSite\",\"@id\":\"https:\\\/\\\/home.heredis.com\\\/de\\\/#website\",\"url\":\"https:\\\/\\\/home.heredis.com\\\/de\\\/\",\"name\":\"Heredis\",\"description\":\"La g\u00e9n\u00e9alogie change.\",\"publisher\":{\"@id\":\"https:\\\/\\\/home.heredis.com\\\/de\\\/#organization\"},\"potentialAction\":[{\"@type\":\"SearchAction\",\"target\":{\"@type\":\"EntryPoint\",\"urlTemplate\":\"https:\\\/\\\/home.heredis.com\\\/de\\\/?s={search_term_string}\"},\"query-input\":{\"@type\":\"PropertyValueSpecification\",\"valueRequired\":true,\"valueName\":\"search_term_string\"}}],\"inLanguage\":\"de\"},{\"@type\":\"Organization\",\"@id\":\"https:\\\/\\\/home.heredis.com\\\/de\\\/#organization\",\"name\":\"Heredis\",\"url\":\"https:\\\/\\\/home.heredis.com\\\/de\\\/\",\"logo\":{\"@type\":\"ImageObject\",\"inLanguage\":\"de\",\"@id\":\"https:\\\/\\\/home.heredis.com\\\/de\\\/#\\\/schema\\\/logo\\\/image\\\/\",\"url\":\"https:\\\/\\\/i1.wp.com\\\/home.heredis.com\\\/wp-content\\\/uploads\\\/2017\\\/01\\\/logo-H-c.png?fit=800%2C221&ssl=1\",\"contentUrl\":\"https:\\\/\\\/i1.wp.com\\\/home.heredis.com\\\/wp-content\\\/uploads\\\/2017\\\/01\\\/logo-H-c.png?fit=800%2C221&ssl=1\",\"width\":800,\"height\":221,\"caption\":\"Heredis\"},\"image\":{\"@id\":\"https:\\\/\\\/home.heredis.com\\\/de\\\/#\\\/schema\\\/logo\\\/image\\\/\"},\"sameAs\":[\"https:\\\/\\\/www.facebook.com\\\/Heredis--341840326561\\\/\"]}]}<\/script>\n<!-- \/ Yoast SEO plugin. -->","yoast_head_json":{"title":"Mehr Informationen \u00fcber Heredis und seine Genealogie-Software","description":"Sie sind Journalist oder Blogger? Sie w\u00fcnschen sich noch weitere Informationen zu Heredis und seiner Software? Dann kontaktieren Sie einfach Annegret Gr\u00e4fe.","robots":{"index":"index","follow":"follow","max-snippet":"max-snippet:-1","max-image-preview":"max-image-preview:large","max-video-preview":"max-video-preview:-1"},"canonical":"https:\/\/home.heredis.com\/de\/presse\/kontakt\/","og_locale":"de_DE","og_type":"article","og_title":"Mehr Informationen \u00fcber Heredis und seine Genealogie-Software","og_description":"Sie sind Journalist oder Blogger? Sie w\u00fcnschen sich noch weitere Informationen zu Heredis und seiner Software? Dann kontaktieren Sie einfach Annegret Gr\u00e4fe.","og_url":"https:\/\/home.heredis.com\/de\/presse\/kontakt\/","og_site_name":"Heredis","article_publisher":"https:\/\/www.facebook.com\/Heredis--341840326561\/","article_modified_time":"2026-01-21T15:57:40+00:00","og_image":[{"url":"https:\/\/home.heredis.com\/wp-content\/uploads\/2020\/04\/annegret.png","type":"","width":"","height":""}],"twitter_card":"summary_large_image","twitter_misc":{"Gesch\u00e4tzte Lesezeit":"1\u00a0Minute"},"schema":{"@context":"https:\/\/schema.org","@graph":[{"@type":"WebPage","@id":"https:\/\/home.heredis.com\/de\/presse\/kontakt\/","url":"https:\/\/home.heredis.com\/de\/presse\/kontakt\/","name":"Mehr Informationen \u00fcber Heredis und seine Genealogie-Software","isPartOf":{"@id":"https:\/\/home.heredis.com\/de\/#website"},"primaryImageOfPage":{"@id":"https:\/\/home.heredis.com\/de\/presse\/kontakt\/#primaryimage"},"image":{"@id":"https:\/\/home.heredis.com\/de\/presse\/kontakt\/#primaryimage"},"thumbnailUrl":"https:\/\/home.heredis.com\/wp-content\/uploads\/2020\/04\/annegret.png","datePublished":"2016-08-29T13:18:42+00:00","dateModified":"2026-01-21T15:57:40+00:00","description":"Sie sind Journalist oder Blogger? Sie w\u00fcnschen sich noch weitere Informationen zu Heredis und seiner Software? Dann kontaktieren Sie einfach Annegret Gr\u00e4fe.","breadcrumb":{"@id":"https:\/\/home.heredis.com\/de\/presse\/kontakt\/#breadcrumb"},"inLanguage":"de","potentialAction":[{"@type":"ReadAction","target":["https:\/\/home.heredis.com\/de\/presse\/kontakt\/"]}]},{"@type":"ImageObject","inLanguage":"de","@id":"https:\/\/home.heredis.com\/de\/presse\/kontakt\/#primaryimage","url":"https:\/\/home.heredis.com\/wp-content\/uploads\/2020\/04\/annegret.png","contentUrl":"https:\/\/home.heredis.com\/wp-content\/uploads\/2020\/04\/annegret.png"},{"@type":"BreadcrumbList","@id":"https:\/\/home.heredis.com\/de\/presse\/kontakt\/#breadcrumb","itemListElement":[{"@type":"ListItem","position":1,"name":"Accueil","item":"https:\/\/home.heredis.com\/de\/"},{"@type":"ListItem","position":2,"name":"Presse","item":"https:\/\/home.heredis.com\/de\/presse\/"},{"@type":"ListItem","position":3,"name":"Kontakt"}]},{"@type":"WebSite","@id":"https:\/\/home.heredis.com\/de\/#website","url":"https:\/\/home.heredis.com\/de\/","name":"Heredis","description":"La g\u00e9n\u00e9alogie change.","publisher":{"@id":"https:\/\/home.heredis.com\/de\/#organization"},"potentialAction":[{"@type":"SearchAction","target":{"@type":"EntryPoint","urlTemplate":"https:\/\/home.heredis.com\/de\/?s={search_term_string}"},"query-input":{"@type":"PropertyValueSpecification","valueRequired":true,"valueName":"search_term_string"}}],"inLanguage":"de"},{"@type":"Organization","@id":"https:\/\/home.heredis.com\/de\/#organization","name":"Heredis","url":"https:\/\/home.heredis.com\/de\/","logo":{"@type":"ImageObject","inLanguage":"de","@id":"https:\/\/home.heredis.com\/de\/#\/schema\/logo\/image\/","url":"https:\/\/i1.wp.com\/home.heredis.com\/wp-content\/uploads\/2017\/01\/logo-H-c.png?fit=800%2C221&ssl=1","contentUrl":"https:\/\/i1.wp.com\/home.heredis.com\/wp-content\/uploads\/2017\/01\/logo-H-c.png?fit=800%2C221&ssl=1","width":800,"height":221,"caption":"Heredis"},"image":{"@id":"https:\/\/home.heredis.com\/de\/#\/schema\/logo\/image\/"},"sameAs":["https:\/\/www.facebook.com\/Heredis--341840326561\/"]}]}},"jetpack_sharing_enabled":true,"_links":{"self":[{"href":"https:\/\/home.heredis.com\/de\/wp-json\/wp\/v2\/pages\/65279","targetHints":{"allow":["GET"]}}],"collection":[{"href":"https:\/\/home.heredis.com\/de\/wp-json\/wp\/v2\/pages"}],"about":[{"href":"https:\/\/home.heredis.com\/de\/wp-json\/wp\/v2\/types\/page"}],"author":[{"embeddable":true,"href":"https:\/\/home.heredis.com\/de\/wp-json\/wp\/v2\/users\/2"}],"replies":[{"embeddable":true,"href":"https:\/\/home.heredis.com\/de\/wp-json\/wp\/v2\/comments?post=65279"}],"version-history":[{"count":10,"href":"https:\/\/home.heredis.com\/de\/wp-json\/wp\/v2\/pages\/65279\/revisions"}],"predecessor-version":[{"id":82277,"href":"https:\/\/home.heredis.com\/de\/wp-json\/wp\/v2\/pages\/65279\/revisions\/82277"}],"up":[{"embeddable":true,"href":"https:\/\/home.heredis.com\/de\/wp-json\/wp\/v2\/pages\/65275"}],"wp:attachment":[{"href":"https:\/\/home.heredis.com\/de\/wp-json\/wp\/v2\/media?parent=65279"}],"curies":[{"name":"wp","href":"https:\/\/api.w.org\/{rel}","templated":true}]}}