{"id":71560,"date":"2017-06-06T12:38:39","date_gmt":"2017-06-06T11:38:39","guid":{"rendered":"https:\/\/home.heredis.com\/heredis-recrute\/"},"modified":"2025-06-30T07:49:45","modified_gmt":"2025-06-30T06:49:45","slug":"jobs","status":"publish","type":"page","link":"https:\/\/home.heredis.com\/de\/jobs\/","title":{"rendered":"Heredis stellt ein!"},"content":{"rendered":"<div class=\"wpb-content-wrapper\">[vc_row desktop_visibility=&#8220;hide&#8220; tablet_visibility=&#8220;hide&#8220; tablet_sm_visibility=&#8220;hide&#8220; mobile_visibility=&#8220;hide&#8220; section_id=&#8220;stellen&#8220;][vc_column]<div class=\"eut-element eut-slogan eut-align-left\" style=\"\"><h3 class=\"eut-slogan-title eut-align-left eut-title-line\"><span>Teamassistent (m\/w\/d) Marketing &amp; Sales Deutschland, Full Remote m\u00f6glich<\/span><\/h3><\/div>[vc_column_text css=&#8220;&#8220; animation_delay=&#8220;200&#8243;]Heredis ist eine franz\u00f6sische Kooperative, die seit 1994 eine Software fu\u0308r die Familienforschung entwickelt.<br \/>\nWir sind Marktfu\u0308hrer in Frankreich und bringen seit Ende 2019 eine deutsche Version unseres Computerprogramms heraus. Werden Sie jetzt Teil unseres Teams und beteiligen Sie sich an der Weiterentwicklung unserer Produkte im deutschsprachigen Raum.<\/p>\n<h3><strong>Ihre Aufgaben:<\/strong><\/h3>\n<p><strong>Online-Marketing &amp; Marketing (50 %):<\/strong><\/p>\n<ul>\n<li>Suchmaschinenoptimierung unserer Website<\/li>\n<li>Erstellung von Blog-Artikeln<\/li>\n<li>Analyse der Website-Statistiken (Google Analytics) sowie der Google Ads- und Meta Ads-Statistiken<\/li>\n<li>Analyse unserer E-Mail-Kampagnen (NP6), Erstellung von Reportings<\/li>\n<li>Mitarbeit an der Redaktion von Produktbeschreibungen<\/li>\n<li>Anpassung und Weiterentwicklung der Marketing- und E-Commerce-Tools fu\u0308r den deutschen Markt<\/li>\n<li>Markt- und Wettbewerbsbeobachtung sowie Performance-Analyse unserer Produkte<\/li>\n<li>Projektbetreuung unserer Knowledge Base<\/li>\n<\/ul>\n<p><strong>Sales &amp; Eventmanagement (30 %):<\/strong><\/p>\n<ul>\n<li>Kundenbindung und -betreuung: Bearbeitung von Kundenanfragen \u00fcber unser CRM-System und weitere Plattformen (Trusted Shops, App Store, Play Store \u2026)<\/li>\n<li>Messen: Mitwirkung an Messeauftritten<\/li>\n<li>Vereine: Dokumentation und Betreuung unserer Partner<\/li>\n<li>Zusammenarbeit mit unserem Sales-Manager<\/li>\n<\/ul>\n<p><strong>Community Management (20 %):<\/strong><\/p>\n<ul>\n<li>Mitarbeit an der Erstellung von Inhalten f\u00fcr unsere Social Media-Kan\u00e4le (Facebook)<\/li>\n<li>Erstellung von Nachrichten in unserer Software<\/li>\n<li>Mitarbeit an der Redaktion von Newslettern\/E-Mail-Kampagnen<\/li>\n<\/ul>\n<p><strong>Sonstiges:<\/strong><\/p>\n<p>Sie unterstu\u0308tzen das Marketing-Team bei der Ver\u00f6ffentlichung neuer Produkte und bringen Ihre Kompetenzen im Bereich Marketing und Kommunikation ein.<\/p>\n<p><strong>Ihr Profil:<\/strong><\/p>\n<p>Abgeschlossenes Masterstudium im Bereich Marketing\/Sales mit einer ersten beruflichen Erfahrung oder abgeschlossene Ausbildung\/Bachelorstudium in diesem Bereich mit mindestens 5 Jahren Berufserfahrung auf einer \u00e4hnlichen Stelle.<br \/>\nSprachkenntnisse: Deutsch als Muttersprache, gute Franz\u00f6sisch- und Englischkenntnisse<br \/>\nGrundkenntnisse in der Informatik und Genealogie sind von Vorteil.<br \/>\nSie arbeiten gerne im Team, k\u00f6nnen aber auch eigenst\u00e4ndig Aufgaben bearbeiten<br \/>\nSeien Sie Sie selbst! Wir suchen eine motivierte Person, die sich mit ihren Ideen einbringt.<\/p>\n<p><strong>Was Sie erwartet:<\/strong><\/p>\n<p>Heredis ist ein marktf\u00fchrendes Unternehmen, das letztes Jahr sein 30-j\u00e4hriges Bestehen gefeiert hat. Es wird von einem jungen und dynamischen Team (zwischen 30 und 60 Jahren ;-)) geleitet! Dieses arbeitet in Form einer Kooperative (SCOP) an der Weiterentwicklung aller Produkte und des Unternehmens selbst. Mit anderen Worten: Die Arbeitnehmer sind gleichzeitig auch die Teilhaber, sie entscheiden auf demokratische Weise \u00fcber die strategische Weiterentwicklung des Unternehmens, die Gewinne kommen den Arbeitnehmern zugute&#8230;<\/p>\n<p>Sie werden in einem internationalen IT- und Genealogie-Kontext arbeiten. Unsere Zielgruppe sind potenziell alle Personen, die etwas \u00fcber ihre Vergangenheit und ihre Herkunft erfahren m\u00f6chten, vor allem aber Senioren.<\/p>\n<p>Wenn Sie Lust haben, in einem marktf\u00fchrenden Unternehmen zu arbeiten, internationale Erfahrungen zu sammeln und einfach nur die wunderbare Welt der SCOP zu entdecken, dann z\u00f6gern Sie nicht, sich bei Annegret Gr\u00e4fe annegret.grafe@heredis.com zu bewerben, indem Sie uns Ihren Lebenslauf und Bewerbungsschreiben (auf Deutsch) zusenden. Vielen Dank!<\/p>\n<p><strong>Teil des Heredis-Teams zu werden, bedeutet:<\/strong><\/p>\n<ul>\n<li>Ein Unternehmen zu integrieren, das in Frankreich und international stark w\u00e4chst,<\/li>\n<li>Ein kollektives Abenteuer zu teilen, das auf eine verantwortungsvolle Arbeitsweise ausgerichtet ist (horizontales Management, Tools zur kollektiven Intelligenz, Rosa Oktober-Aktion &#8230;)<\/li>\n<li>Seine Karriere selbst zu gestalten, indem man von einer Personalpolitik profitiert, die auf das Wohlbefinden der Mitarbeiter ausgerichtet ist (Full Remote m\u00f6glich, 4-Tage-Woche ohne Gehaltsverlust &#8230;)<\/li>\n<\/ul>\n<p><strong>Aber es bedeutet auch:<\/strong><\/p>\n<ul>\n<li>Einen Sitz unter der Sonne in Montpellier (S\u00fcdfrankreich)<\/li>\n<li>1 Heredis-Lizenz gratis f\u00fcr ein Familienmitglied<\/li>\n<\/ul>\n<p><strong>Allgemeines:<\/strong><\/p>\n<p><strong>Vertrag<\/strong>: befristet Anstellung auf 1 Jahr (Franz\u00f6sischer Arbeitsvertrag)<br \/>\n<strong>Arbeitszeitmodell<\/strong>: 32 Stunden\/4-Tage-Woche<br \/>\n<strong>Homeoffice<\/strong>: Auf Wunsch Full Remote m\u00f6glich<br \/>\n<strong>Bruttogehalt<\/strong>: ab 2300 \u20ac monatlich[\/vc_column_text]<div class=\"eut-element eut-hr \" style=\"\"><div class=\"eut-line-divider\"><\/div><\/div>[\/vc_column][\/vc_row][vc_row section_id=&#8220;initiative&#8220;][vc_column]<div class=\"eut-element eut-slogan eut-align-left\" style=\"\"><h1 class=\"eut-slogan-title eut-align-left eut-title-no-line\"><span>Initiativbewerbung<\/span><\/h1>  <p class=\"\">Heredis ist ein franz\u00f6sisches Unternehmen, seit 1994. Als Marktf\u00fchrer auf dem Gebiet der Genealogie-Software (Genealogie, Sie wissen schon: die Suche nach Ihren Vorfahren) konnte sich Heredis durch die kontinuierliche Entwicklung neuer leistungsstarker und innovativer Softwarel\u00f6sungen einen Namen machen \u2013 und das sowohl auf europ\u00e4ischer als auch auf internationaler Ebene.<br \/>\nAvantgardistisch und revolution\u00e4r zeichnet sich Heredis durch seine innovativen technologischen Entwicklungen aus. Diese anwendergerechten L\u00f6sungen entsprechen genau den Bed\u00fcrfnissen der Familienforscher von heute.<br \/>\nSie werden in einem technischen Umfeld arbeiten, in dem agile Softwareentwicklung im Vordergrund steht.<br \/>\nDes Weiteren werden Sie auch unseren <strong>kooperativen Geist<\/strong> kennenlernen. Im Juli 2014 wurde Heredis eine Arbeiterkooperative (franz. SCOP), bei der die Mitarbeiter Partner und Teilhaber des Unternehmens sind. Unser Team ist jung (zwischen 23 und 60 \ud83d\ude09 )\u00a0und nat\u00fcrlich dynamisch. Es setzt sich haupts\u00e4chlich aus Softwareentwicklern (80 %) sowie Mitarbeitern f\u00fcr Kundendienst, Vertrieb, Marketing und Buchhaltung zusammen.<\/p>\n<p>M\u00f6chten Sie mit dazugeh\u00f6ren und an diesem gro\u00dfartigen Projekt teilnehmen, f\u00fcr einen Marktleader arbeiten und auf internationaler Ebene Erfahrungen sammeln? Dann melden Sie sich bei uns! F\u00fcllen Sie das nachstehende Formular aus und senden Sie uns Ihren Lebenslauf sowie Ihr Bewerbungsschreiben.<br \/>\n<\/p><\/div>[\/vc_column][\/vc_row][vc_row][vc_column]\n<div class=\"wpcf7 no-js\" id=\"wpcf7-f71625-o1\" lang=\"de-DE\" dir=\"ltr\" data-wpcf7-id=\"71625\">\n<div class=\"screen-reader-response\"><p role=\"status\" aria-live=\"polite\" aria-atomic=\"true\"><\/p> <ul><\/ul><\/div>\n<form action=\"\/de\/wp-json\/wp\/v2\/pages\/71560#wpcf7-f71625-o1\" method=\"post\" class=\"wpcf7-form init\" aria-label=\"Kontaktformular\" enctype=\"multipart\/form-data\" novalidate=\"novalidate\" data-status=\"init\">\n<fieldset class=\"hidden-fields-container\"><input type=\"hidden\" name=\"_wpcf7\" value=\"71625\" \/><input type=\"hidden\" name=\"_wpcf7_version\" value=\"6.1.5\" \/><input type=\"hidden\" name=\"_wpcf7_locale\" value=\"de_DE\" \/><input type=\"hidden\" name=\"_wpcf7_unit_tag\" value=\"wpcf7-f71625-o1\" \/><input type=\"hidden\" name=\"_wpcf7_container_post\" value=\"0\" \/><input type=\"hidden\" name=\"_wpcf7_posted_data_hash\" value=\"\" \/><input type=\"hidden\" name=\"_wpcf7cf_hidden_group_fields\" value=\"[]\" \/><input type=\"hidden\" name=\"_wpcf7cf_hidden_groups\" value=\"[]\" \/><input type=\"hidden\" name=\"_wpcf7cf_visible_groups\" value=\"[]\" \/><input type=\"hidden\" name=\"_wpcf7cf_repeaters\" value=\"[]\" \/><input type=\"hidden\" name=\"_wpcf7cf_steps\" value=\"{}\" \/><input type=\"hidden\" name=\"_wpcf7cf_options\" value=\"{&quot;form_id&quot;:71625,&quot;conditions&quot;:[],&quot;settings&quot;:{&quot;animation&quot;:&quot;yes&quot;,&quot;animation_intime&quot;:200,&quot;animation_outtime&quot;:200,&quot;conditions_ui&quot;:&quot;normal&quot;,&quot;notice_dismissed&quot;:false,&quot;repeater_remove_button&quot;:&quot;bottom&quot;,&quot;notice_dismissed_rollback-cf7-5.9.5&quot;:true,&quot;notice_dismissed_rollback-cf7-5.9.6&quot;:true,&quot;notice_dismissed_update-cf7-6.0&quot;:true,&quot;notice_dismissed_update-cf7-6.0.1&quot;:true,&quot;notice_dismissed_update-cf7-6.0.3&quot;:true,&quot;notice_dismissed_rollback-cf7-6.0.5&quot;:true,&quot;notice_dismissed_rollback-cf7-6.0.6&quot;:true}}\" \/><input type=\"hidden\" name=\"_wpcf7_recaptcha_response\" value=\"\" \/>\n<\/fieldset>\n<div class=\"eut-one-third\">\n\t<p><span class=\"wpcf7-form-control-wrap\" data-name=\"text-100\"><input size=\"40\" maxlength=\"400\" class=\"wpcf7-form-control wpcf7-text wpcf7-validates-as-required\" aria-required=\"true\" aria-invalid=\"false\" placeholder=\"Vorname\" value=\"\" type=\"text\" name=\"text-100\" \/><\/span>\n\t<\/p>\n<\/div>\n<div class=\"eut-one-third\">\n\t<p><span class=\"wpcf7-form-control-wrap\" data-name=\"text-101\"><input size=\"40\" maxlength=\"400\" class=\"wpcf7-form-control wpcf7-text wpcf7-validates-as-required\" aria-required=\"true\" aria-invalid=\"false\" placeholder=\"Nachname\" value=\"\" type=\"text\" name=\"text-101\" \/><\/span>\n\t<\/p>\n<\/div>\n<div class=\"eut-one-third eut-last-column\">\n\t<p><span class=\"wpcf7-form-control-wrap\" data-name=\"email-103\"><input size=\"40\" maxlength=\"400\" class=\"wpcf7-form-control wpcf7-email wpcf7-validates-as-required wpcf7-text wpcf7-validates-as-email\" aria-required=\"true\" aria-invalid=\"false\" placeholder=\"E-Mail-Adresse\" value=\"\" type=\"email\" name=\"email-103\" \/><\/span>\n\t<\/p>\n<\/div>\n<p><span class=\"wpcf7-form-control-wrap\" data-name=\"textarea-104\"><textarea cols=\"40\" rows=\"10\" maxlength=\"2000\" class=\"wpcf7-form-control wpcf7-textarea\" aria-invalid=\"false\" placeholder=\"Ihr Anschreiben\" name=\"textarea-104\"><\/textarea><\/span>\n<\/p>\n<div class=\"eut-one-half\">\n\t<p><label>Lebenslauf hinzuf\u00fcgen <\/label><span class=\"wpcf7-form-control-wrap\" data-name=\"your-file\"><input size=\"40\" class=\"wpcf7-form-control wpcf7-file\" accept=\"audio\/*,video\/*,image\/*\" aria-invalid=\"false\" type=\"file\" name=\"your-file\" \/><\/span>\n\t<\/p>\n<\/div>\n<div class=\"one-half eut-last-column\">\n\t<div align=\"right\">\n\t\t<p><input class=\"wpcf7-form-control wpcf7-submit has-spinner\" type=\"submit\" value=\"Senden\" \/>\n\t\t<\/p>\n\t<\/div>\n<\/div><div class=\"wpcf7-response-output\" aria-hidden=\"true\"><\/div>\n<\/form>\n<\/div>\n<div class=\"eut-element eut-hr \" style=\"\"><div class=\"eut-line-divider\"><\/div><\/div>[vc_column_text css=&#8220;&#8220; animation_delay=&#8220;200&#8243;]\n<p class=\"p1\"><span class=\"s1\"><i>Mit dem Absenden des vorausgehenden Formulars erkl\u00e4ren Sie sich damit einverstanden, dass HEREDIS Ihre personenbezogenen Daten, die Sie darin eingegeben haben, erfasst und verwendet, um Ihre Bewerbung zu bearbeiten. <a href=\"\/de\/richtlinien\/\">Lesen Sie dazu unsere Datenschutzerkl\u00e4rung<\/a>.<\/i><\/span><\/p>\n<p class=\"p1\"><em><span class=\"s1\">In \u00dcbereinstimmung mit den geltenden nationalen und europ\u00e4ischen Vorschriften haben Sie das Recht auf: dauerhaften Zugriff, \u00c4nderung, Berichtigung, Widerspruch, \u00dcbertragbarkeit oder L\u00f6schen dieser Daten und Einschr\u00e4nkung ihrer Verarbeitung. Dieses Recht k\u00f6nnen Sie aus\u00fcben, indem Sie direkt an den Firmensitz schreiben: HEREDIS \u2013 Atrium du Mill\u00e9naire \u2013 78 all\u00e9e John Napier \u2013 CS 49458 \u2013 34961 MONTPELLIER CEDEX 2 \u2013 Frankreich, oder eine E-Mail an folgende Adresse senden:<\/span> <a href=\"mailto:meinedaten@heredis.com\" target=\"_blank\" rel=\"noopener noreferrer\">meinedaten@<wbr \/>heredis.com<\/a><\/em><\/p>\n[\/vc_column_text][\/vc_column][\/vc_row][vc_row][vc_column]<div class=\"eut-element eut-hr \" style=\"\"><div class=\"eut-line-divider\"><\/div><\/div>[\/vc_column][\/vc_row][vc_row][vc_column][\/vc_column][\/vc_row]\n<\/div>","protected":false},"excerpt":{"rendered":"<p>[vc_row desktop_visibility=&#8220;hide&#8220; tablet_visibility=&#8220;hide&#8220; tablet_sm_visibility=&#8220;hide&#8220; mobile_visibility=&#8220;hide&#8220; section_id=&#8220;stellen&#8220;][vc_column][vc_column_text css=&#8220;&#8220; animation_delay=&#8220;200&#8243;]Heredis ist eine franz\u00f6sische Kooperative, die seit 1994 eine Software fu\u0308r die Familienforschung entwickelt. Wir sind Marktfu\u0308hrer in Frankreich und bringen seit Ende 2019 eine deutsche Version unseres Computerprogramms heraus. Werden Sie jetzt Teil unseres Teams und beteiligen Sie sich an der Weiterentwicklung unserer Produkte im deutschsprachigen Raum. [&hellip;]<\/p>\n","protected":false},"author":2,"featured_media":0,"parent":0,"menu_order":105,"comment_status":"closed","ping_status":"closed","template":"","meta":{"footnotes":""},"class_list":["post-71560","page","type-page","status-publish","hentry"],"yoast_head":"<!-- This site is optimized with the Yoast SEO plugin v27.5 - https:\/\/yoast.com\/product\/yoast-seo-wordpress\/ -->\n<title>Heredis stellt ein! - Heredis<\/title>\n<meta name=\"robots\" content=\"index, follow, max-snippet:-1, max-image-preview:large, max-video-preview:-1\" \/>\n<link rel=\"canonical\" href=\"https:\/\/home.heredis.com\/de\/jobs\/\" \/>\n<meta property=\"og:locale\" content=\"de_DE\" \/>\n<meta property=\"og:type\" content=\"article\" \/>\n<meta property=\"og:title\" content=\"Heredis stellt ein! - Heredis\" \/>\n<meta property=\"og:description\" content=\"[vc_row desktop_visibility=&#8220;hide&#8220; tablet_visibility=&#8220;hide&#8220; tablet_sm_visibility=&#8220;hide&#8220; mobile_visibility=&#8220;hide&#8220; section_id=&#8220;stellen&#8220;][vc_column][vc_column_text css=&#8220;&#8220; animation_delay=&#8220;200&#8243;]Heredis ist eine franz\u00f6sische Kooperative, die seit 1994 eine Software fu\u0308r die Familienforschung entwickelt. Wir sind Marktfu\u0308hrer in Frankreich und bringen seit Ende 2019 eine deutsche Version unseres Computerprogramms heraus. Werden Sie jetzt Teil unseres Teams und beteiligen Sie sich an der Weiterentwicklung unserer Produkte im deutschsprachigen Raum. [&hellip;]\" \/>\n<meta property=\"og:url\" content=\"https:\/\/home.heredis.com\/de\/jobs\/\" \/>\n<meta property=\"og:site_name\" content=\"Heredis\" \/>\n<meta property=\"article:publisher\" content=\"https:\/\/www.facebook.com\/Heredis--341840326561\/\" \/>\n<meta property=\"article:modified_time\" content=\"2025-06-30T06:49:45+00:00\" \/>\n<meta name=\"twitter:card\" content=\"summary_large_image\" \/>\n<meta name=\"twitter:label1\" content=\"Gesch\u00e4tzte Lesezeit\" \/>\n\t<meta name=\"twitter:data1\" content=\"5\u00a0Minuten\" \/>\n<script type=\"application\/ld+json\" class=\"yoast-schema-graph\">{\"@context\":\"https:\\\/\\\/schema.org\",\"@graph\":[{\"@type\":\"WebPage\",\"@id\":\"https:\\\/\\\/home.heredis.com\\\/de\\\/jobs\\\/\",\"url\":\"https:\\\/\\\/home.heredis.com\\\/de\\\/jobs\\\/\",\"name\":\"Heredis stellt ein! - Heredis\",\"isPartOf\":{\"@id\":\"https:\\\/\\\/home.heredis.com\\\/de\\\/#website\"},\"datePublished\":\"2017-06-06T11:38:39+00:00\",\"dateModified\":\"2025-06-30T06:49:45+00:00\",\"breadcrumb\":{\"@id\":\"https:\\\/\\\/home.heredis.com\\\/de\\\/jobs\\\/#breadcrumb\"},\"inLanguage\":\"de\",\"potentialAction\":[{\"@type\":\"ReadAction\",\"target\":[\"https:\\\/\\\/home.heredis.com\\\/de\\\/jobs\\\/\"]}]},{\"@type\":\"BreadcrumbList\",\"@id\":\"https:\\\/\\\/home.heredis.com\\\/de\\\/jobs\\\/#breadcrumb\",\"itemListElement\":[{\"@type\":\"ListItem\",\"position\":1,\"name\":\"Accueil\",\"item\":\"https:\\\/\\\/home.heredis.com\\\/de\\\/\"},{\"@type\":\"ListItem\",\"position\":2,\"name\":\"Heredis stellt ein!\"}]},{\"@type\":\"WebSite\",\"@id\":\"https:\\\/\\\/home.heredis.com\\\/de\\\/#website\",\"url\":\"https:\\\/\\\/home.heredis.com\\\/de\\\/\",\"name\":\"Heredis\",\"description\":\"La g\u00e9n\u00e9alogie change.\",\"publisher\":{\"@id\":\"https:\\\/\\\/home.heredis.com\\\/de\\\/#organization\"},\"potentialAction\":[{\"@type\":\"SearchAction\",\"target\":{\"@type\":\"EntryPoint\",\"urlTemplate\":\"https:\\\/\\\/home.heredis.com\\\/de\\\/?s={search_term_string}\"},\"query-input\":{\"@type\":\"PropertyValueSpecification\",\"valueRequired\":true,\"valueName\":\"search_term_string\"}}],\"inLanguage\":\"de\"},{\"@type\":\"Organization\",\"@id\":\"https:\\\/\\\/home.heredis.com\\\/de\\\/#organization\",\"name\":\"Heredis\",\"url\":\"https:\\\/\\\/home.heredis.com\\\/de\\\/\",\"logo\":{\"@type\":\"ImageObject\",\"inLanguage\":\"de\",\"@id\":\"https:\\\/\\\/home.heredis.com\\\/de\\\/#\\\/schema\\\/logo\\\/image\\\/\",\"url\":\"https:\\\/\\\/i1.wp.com\\\/home.heredis.com\\\/wp-content\\\/uploads\\\/2017\\\/01\\\/logo-H-c.png?fit=800%2C221&ssl=1\",\"contentUrl\":\"https:\\\/\\\/i1.wp.com\\\/home.heredis.com\\\/wp-content\\\/uploads\\\/2017\\\/01\\\/logo-H-c.png?fit=800%2C221&ssl=1\",\"width\":800,\"height\":221,\"caption\":\"Heredis\"},\"image\":{\"@id\":\"https:\\\/\\\/home.heredis.com\\\/de\\\/#\\\/schema\\\/logo\\\/image\\\/\"},\"sameAs\":[\"https:\\\/\\\/www.facebook.com\\\/Heredis--341840326561\\\/\"]}]}<\/script>\n<!-- \/ Yoast SEO plugin. -->","yoast_head_json":{"title":"Heredis stellt ein! - Heredis","robots":{"index":"index","follow":"follow","max-snippet":"max-snippet:-1","max-image-preview":"max-image-preview:large","max-video-preview":"max-video-preview:-1"},"canonical":"https:\/\/home.heredis.com\/de\/jobs\/","og_locale":"de_DE","og_type":"article","og_title":"Heredis stellt ein! - Heredis","og_description":"[vc_row desktop_visibility=&#8220;hide&#8220; tablet_visibility=&#8220;hide&#8220; tablet_sm_visibility=&#8220;hide&#8220; mobile_visibility=&#8220;hide&#8220; section_id=&#8220;stellen&#8220;][vc_column][vc_column_text css=&#8220;&#8220; animation_delay=&#8220;200&#8243;]Heredis ist eine franz\u00f6sische Kooperative, die seit 1994 eine Software fu\u0308r die Familienforschung entwickelt. Wir sind Marktfu\u0308hrer in Frankreich und bringen seit Ende 2019 eine deutsche Version unseres Computerprogramms heraus. Werden Sie jetzt Teil unseres Teams und beteiligen Sie sich an der Weiterentwicklung unserer Produkte im deutschsprachigen Raum. [&hellip;]","og_url":"https:\/\/home.heredis.com\/de\/jobs\/","og_site_name":"Heredis","article_publisher":"https:\/\/www.facebook.com\/Heredis--341840326561\/","article_modified_time":"2025-06-30T06:49:45+00:00","twitter_card":"summary_large_image","twitter_misc":{"Gesch\u00e4tzte Lesezeit":"5\u00a0Minuten"},"schema":{"@context":"https:\/\/schema.org","@graph":[{"@type":"WebPage","@id":"https:\/\/home.heredis.com\/de\/jobs\/","url":"https:\/\/home.heredis.com\/de\/jobs\/","name":"Heredis stellt ein! - Heredis","isPartOf":{"@id":"https:\/\/home.heredis.com\/de\/#website"},"datePublished":"2017-06-06T11:38:39+00:00","dateModified":"2025-06-30T06:49:45+00:00","breadcrumb":{"@id":"https:\/\/home.heredis.com\/de\/jobs\/#breadcrumb"},"inLanguage":"de","potentialAction":[{"@type":"ReadAction","target":["https:\/\/home.heredis.com\/de\/jobs\/"]}]},{"@type":"BreadcrumbList","@id":"https:\/\/home.heredis.com\/de\/jobs\/#breadcrumb","itemListElement":[{"@type":"ListItem","position":1,"name":"Accueil","item":"https:\/\/home.heredis.com\/de\/"},{"@type":"ListItem","position":2,"name":"Heredis stellt ein!"}]},{"@type":"WebSite","@id":"https:\/\/home.heredis.com\/de\/#website","url":"https:\/\/home.heredis.com\/de\/","name":"Heredis","description":"La g\u00e9n\u00e9alogie change.","publisher":{"@id":"https:\/\/home.heredis.com\/de\/#organization"},"potentialAction":[{"@type":"SearchAction","target":{"@type":"EntryPoint","urlTemplate":"https:\/\/home.heredis.com\/de\/?s={search_term_string}"},"query-input":{"@type":"PropertyValueSpecification","valueRequired":true,"valueName":"search_term_string"}}],"inLanguage":"de"},{"@type":"Organization","@id":"https:\/\/home.heredis.com\/de\/#organization","name":"Heredis","url":"https:\/\/home.heredis.com\/de\/","logo":{"@type":"ImageObject","inLanguage":"de","@id":"https:\/\/home.heredis.com\/de\/#\/schema\/logo\/image\/","url":"https:\/\/i1.wp.com\/home.heredis.com\/wp-content\/uploads\/2017\/01\/logo-H-c.png?fit=800%2C221&ssl=1","contentUrl":"https:\/\/i1.wp.com\/home.heredis.com\/wp-content\/uploads\/2017\/01\/logo-H-c.png?fit=800%2C221&ssl=1","width":800,"height":221,"caption":"Heredis"},"image":{"@id":"https:\/\/home.heredis.com\/de\/#\/schema\/logo\/image\/"},"sameAs":["https:\/\/www.facebook.com\/Heredis--341840326561\/"]}]}},"jetpack_sharing_enabled":true,"_links":{"self":[{"href":"https:\/\/home.heredis.com\/de\/wp-json\/wp\/v2\/pages\/71560","targetHints":{"allow":["GET"]}}],"collection":[{"href":"https:\/\/home.heredis.com\/de\/wp-json\/wp\/v2\/pages"}],"about":[{"href":"https:\/\/home.heredis.com\/de\/wp-json\/wp\/v2\/types\/page"}],"author":[{"embeddable":true,"href":"https:\/\/home.heredis.com\/de\/wp-json\/wp\/v2\/users\/2"}],"replies":[{"embeddable":true,"href":"https:\/\/home.heredis.com\/de\/wp-json\/wp\/v2\/comments?post=71560"}],"version-history":[{"count":40,"href":"https:\/\/home.heredis.com\/de\/wp-json\/wp\/v2\/pages\/71560\/revisions"}],"predecessor-version":[{"id":79477,"href":"https:\/\/home.heredis.com\/de\/wp-json\/wp\/v2\/pages\/71560\/revisions\/79477"}],"wp:attachment":[{"href":"https:\/\/home.heredis.com\/de\/wp-json\/wp\/v2\/media?parent=71560"}],"curies":[{"name":"wp","href":"https:\/\/api.w.org\/{rel}","templated":true}]}}