{"id":72981,"date":"2021-09-07T09:21:41","date_gmt":"2021-09-07T08:21:41","guid":{"rendered":"https:\/\/home.heredis.com\/heredis-online-nouvelle-generation\/"},"modified":"2026-03-23T17:15:21","modified_gmt":"2026-03-23T16:15:21","slug":"heredis-online-die-neue-generation","status":"publish","type":"page","link":"https:\/\/home.heredis.com\/de\/heredis-online-die-neue-generation\/","title":{"rendered":"Heredis Online &#8211; Die neue Generation!"},"content":{"rendered":"<div class=\"wpb-content-wrapper\">[vc_row section_id=&#8220;teilen&#8220;][vc_column]<h2 class=\"eut-element eut-align-center eut-title-no-line eut-animated-item eut-fadeIn\" style=\"\" data-delay=\"200\"><span>Teilen Sie Ihren Stammbaum online<\/span><\/h2>[\/vc_column][\/vc_row][vc_row][vc_column width=&#8220;1\/2&#8243;][vc_column_text css=&#8220;&#8220; animation_delay=&#8220;200&#8243;]\n<h4><b>Mit Heredis<\/b><\/h4>\n<p><span style=\"font-weight: 400;\">\u00dcber unsere Software k\u00f6nnen Sie Ihren Stammbaum sicher online auf Heredis Online ver\u00f6ffentlichen und Ihre Arbeit mit Ihren Freunden und Verwandten teilen. Bei Heredis sind Ihre Genealogien auch Ihr Eigentum. Ihre Daten geh\u00f6ren uns nicht. Sie k\u00f6nnen Ihren ver\u00f6ffentlichten Stammbaum jederzeit l\u00f6schen oder den Zugang durch ein Passwort sch\u00fctzen. Dank Ihnen k\u00f6nnen ebenfalls andere begeisterte Familienforscher noch fehlende Informationen finden.<\/span>[\/vc_column_text][vc_column_text css=&#8220;&#8220; animation_delay=&#8220;200&#8243;]\n<h4><b>Mit einer GEDCOM-Datei von einer anderen Software<\/b><\/h4>\n<p><span style=\"font-weight: 400;\">Sie k\u00f6nnen Ihre Genealogie ebenfalls aus einer anderen Genealogie-Software oder Online-Plattform in Heredis Online ver\u00f6ffentlichen: Exportieren Sie dazu Ihren Stammbaum als GEDCOM-Datei.<br \/>\n<\/span><span style=\"font-weight: 400;\">Laden Sie sich die kostenlose Demoversion von Heredis f\u00fcr <\/span><a href=\"\/de\/kostenlose-demoversion-von-heredis-2025-fuer-windows\/\"><span style=\"font-weight: 400;\">Windows<\/span><\/a><span style=\"font-weight: 400;\"> oder f\u00fcr <\/span><a href=\"\/de\/kostenlose-demoversion-von-heredis-2025-fuer-mac\/\"><span style=\"font-weight: 400;\">Mac<\/span><\/a><span style=\"font-weight: 400;\"> herunter und importieren Sie Ihre GEDCOM-Datei in die Heredis-Software, um sie anschlie\u00dfend kostenlos auf Heredis Online teilen zu k\u00f6nnen. (F\u00fcr weitere Informationen zum <\/span><a href=\"https:\/\/help.heredis.com\/de\/gedcom-datei-in-neue-datei-importieren\/\"><span style=\"font-weight: 400;\">Import<\/span><\/a><span style=\"font-weight: 400;\"> und zum <\/span><a href=\"https:\/\/help.heredis.com\/de\/was-ist-eine-gedcom-datei\/\"><span style=\"font-weight: 400;\">GEDCOM-Format<\/span><\/a><span style=\"font-weight: 400;\"> hilft Ihnen unsere <\/span><a href=\"https:\/\/help.heredis.com\/de\/\"><span style=\"font-weight: 400;\">Knowledge Base<\/span><\/a><span style=\"font-weight: 400;\"> weiter.)<\/span><a href=\"https:\/\/help.heredis.com\/de\/was-ist-eine-gedcom-datei\/\"><span style=\"font-weight: 400;\">\u00a0<\/span><\/a>[\/vc_column_text][\/vc_column][vc_column width=&#8220;1\/2&#8243;][vc_empty_space height=&#8220;50px&#8220;]<div class=\"eut-element eut-image eut-align-center\" style=\"\"><a class=\"eut-image-popup\" href=\"https:\/\/i0.wp.com\/home.heredis.com\/wp-content\/uploads\/2021\/09\/capture1-DE.jpg?fit=800%2C607&#038;ssl=1\"><img loading=\"lazy\" decoding=\"async\" width=\"800\" height=\"607\" src=\"https:\/\/i0.wp.com\/home.heredis.com\/wp-content\/uploads\/2021\/09\/capture1-DE.jpg?fit=800%2C607&amp;ssl=1\" class=\"attachment-full size-full\" alt=\"\" srcset=\"https:\/\/i0.wp.com\/home.heredis.com\/wp-content\/uploads\/2021\/09\/capture1-DE.jpg?w=800&amp;ssl=1 800w, https:\/\/i0.wp.com\/home.heredis.com\/wp-content\/uploads\/2021\/09\/capture1-DE.jpg?resize=300%2C228&amp;ssl=1 300w, https:\/\/i0.wp.com\/home.heredis.com\/wp-content\/uploads\/2021\/09\/capture1-DE.jpg?resize=768%2C583&amp;ssl=1 768w\" sizes=\"auto, (max-width: 800px) 100vw, 800px\" \/><\/a><\/div>[\/vc_column][\/vc_row][vc_row section_id=&#8220;recherche&#8220;][vc_column]<div class=\"eut-element eut-hr \" style=\"padding-top: 50px;padding-bottom: 50px;\"><div class=\"eut-line-divider\"><\/div><\/div>[\/vc_column][\/vc_row][vc_row section_id=&#8220;suche&#8220;][vc_column]<h2 class=\"eut-element eut-align-center eut-title-no-line eut-animated-item eut-fadeIn\" style=\"\" data-delay=\"200\"><span>Suche Sie nach Ihren Vorfahren<\/span><\/h2>[\/vc_column][\/vc_row][vc_row][vc_column width=&#8220;1\/2&#8243;]<div class=\"eut-element eut-image eut-align-center\" style=\"\"><a class=\"eut-image-popup\" href=\"https:\/\/i0.wp.com\/home.heredis.com\/wp-content\/uploads\/2021\/09\/capture2-De.jpg?fit=1000%2C539&#038;ssl=1\"><img loading=\"lazy\" decoding=\"async\" width=\"1000\" height=\"539\" src=\"https:\/\/i0.wp.com\/home.heredis.com\/wp-content\/uploads\/2021\/09\/capture2-De.jpg?fit=1000%2C539&amp;ssl=1\" class=\"attachment-full size-full\" alt=\"\" srcset=\"https:\/\/i0.wp.com\/home.heredis.com\/wp-content\/uploads\/2021\/09\/capture2-De.jpg?w=1000&amp;ssl=1 1000w, https:\/\/i0.wp.com\/home.heredis.com\/wp-content\/uploads\/2021\/09\/capture2-De.jpg?resize=300%2C162&amp;ssl=1 300w, https:\/\/i0.wp.com\/home.heredis.com\/wp-content\/uploads\/2021\/09\/capture2-De.jpg?resize=768%2C414&amp;ssl=1 768w\" sizes=\"auto, (max-width: 1000px) 100vw, 1000px\" \/><\/a><\/div>[\/vc_column][vc_column width=&#8220;1\/2&#8243;]<div class=\"eut-element eut-slogan eut-align-left\" style=\"\">  <p class=\"\">Suchen Sie nach Ihren Vorfahren in den 600 Millionen genealogischen Daten, die von Heredis Online-Nutzern bislang geteilt wurden. Jede neue Information, die von einem Familienforscher ver\u00f6ffentlicht wird, kann Ihnen dabei helfen, noch offene Stellen in Ihrem Stammbaum zu schlie\u00dfen.<br \/>\n<\/p><div class=\"eut-btn-wrapper\"><a class=\"eut-btn eut-btn-medium eut-round eut-bg-primary-3\" href=\"https:\/\/online.heredis.com\/search\" target=\"_blank\" style=\"\"><span>Starten Sie Ihre Recherche!<\/span><\/a><\/div><\/div>[\/vc_column][\/vc_row]\n<\/div>","protected":false},"excerpt":{"rendered":"<p>[vc_row section_id=&#8220;teilen&#8220;][vc_column][\/vc_column][\/vc_row][vc_row][vc_column width=&#8220;1\/2&#8243;][vc_column_text css=&#8220;&#8220; animation_delay=&#8220;200&#8243;] Mit Heredis \u00dcber unsere Software k\u00f6nnen Sie Ihren Stammbaum sicher online auf Heredis Online ver\u00f6ffentlichen und Ihre Arbeit mit Ihren Freunden und Verwandten teilen. Bei Heredis sind Ihre Genealogien auch Ihr Eigentum. Ihre Daten geh\u00f6ren uns nicht. Sie k\u00f6nnen Ihren ver\u00f6ffentlichten Stammbaum jederzeit l\u00f6schen oder den Zugang durch ein Passwort [&hellip;]<\/p>\n","protected":false},"author":2,"featured_media":0,"parent":0,"menu_order":31,"comment_status":"closed","ping_status":"closed","template":"","meta":{"footnotes":""},"class_list":["post-72981","page","type-page","status-publish","hentry"],"yoast_head":"<!-- This site is optimized with the Yoast SEO plugin v27.4 - https:\/\/yoast.com\/product\/yoast-seo-wordpress\/ -->\n<title>Heredis Online - Die neue Generation! - Heredis<\/title>\n<meta name=\"robots\" content=\"index, follow, max-snippet:-1, max-image-preview:large, max-video-preview:-1\" \/>\n<link rel=\"canonical\" href=\"https:\/\/home.heredis.com\/de\/heredis-online-die-neue-generation\/\" \/>\n<meta property=\"og:locale\" content=\"de_DE\" \/>\n<meta property=\"og:type\" content=\"article\" \/>\n<meta property=\"og:title\" content=\"Heredis Online - Die neue Generation! - Heredis\" \/>\n<meta property=\"og:description\" content=\"[vc_row section_id=&#8220;teilen&#8220;][vc_column][\/vc_column][\/vc_row][vc_row][vc_column width=&#8220;1\/2&#8243;][vc_column_text css=&#8220;&#8220; animation_delay=&#8220;200&#8243;] Mit Heredis \u00dcber unsere Software k\u00f6nnen Sie Ihren Stammbaum sicher online auf Heredis Online ver\u00f6ffentlichen und Ihre Arbeit mit Ihren Freunden und Verwandten teilen. Bei Heredis sind Ihre Genealogien auch Ihr Eigentum. Ihre Daten geh\u00f6ren uns nicht. Sie k\u00f6nnen Ihren ver\u00f6ffentlichten Stammbaum jederzeit l\u00f6schen oder den Zugang durch ein Passwort [&hellip;]\" \/>\n<meta property=\"og:url\" content=\"https:\/\/home.heredis.com\/de\/heredis-online-die-neue-generation\/\" \/>\n<meta property=\"og:site_name\" content=\"Heredis\" \/>\n<meta property=\"article:publisher\" content=\"https:\/\/www.facebook.com\/Heredis--341840326561\/\" \/>\n<meta property=\"article:modified_time\" content=\"2026-03-23T16:15:21+00:00\" \/>\n<meta name=\"twitter:card\" content=\"summary_large_image\" \/>\n<meta name=\"twitter:label1\" content=\"Gesch\u00e4tzte Lesezeit\" \/>\n\t<meta name=\"twitter:data1\" content=\"2\u00a0Minuten\" \/>\n<script type=\"application\/ld+json\" class=\"yoast-schema-graph\">{\"@context\":\"https:\\\/\\\/schema.org\",\"@graph\":[{\"@type\":\"WebPage\",\"@id\":\"https:\\\/\\\/home.heredis.com\\\/de\\\/heredis-online-die-neue-generation\\\/\",\"url\":\"https:\\\/\\\/home.heredis.com\\\/de\\\/heredis-online-die-neue-generation\\\/\",\"name\":\"Heredis Online - Die neue Generation! - Heredis\",\"isPartOf\":{\"@id\":\"https:\\\/\\\/home.heredis.com\\\/de\\\/#website\"},\"datePublished\":\"2021-09-07T08:21:41+00:00\",\"dateModified\":\"2026-03-23T16:15:21+00:00\",\"breadcrumb\":{\"@id\":\"https:\\\/\\\/home.heredis.com\\\/de\\\/heredis-online-die-neue-generation\\\/#breadcrumb\"},\"inLanguage\":\"de\",\"potentialAction\":[{\"@type\":\"ReadAction\",\"target\":[\"https:\\\/\\\/home.heredis.com\\\/de\\\/heredis-online-die-neue-generation\\\/\"]}]},{\"@type\":\"BreadcrumbList\",\"@id\":\"https:\\\/\\\/home.heredis.com\\\/de\\\/heredis-online-die-neue-generation\\\/#breadcrumb\",\"itemListElement\":[{\"@type\":\"ListItem\",\"position\":1,\"name\":\"Accueil\",\"item\":\"https:\\\/\\\/home.heredis.com\\\/de\\\/\"},{\"@type\":\"ListItem\",\"position\":2,\"name\":\"Heredis Online &#8211; Die neue Generation!\"}]},{\"@type\":\"WebSite\",\"@id\":\"https:\\\/\\\/home.heredis.com\\\/de\\\/#website\",\"url\":\"https:\\\/\\\/home.heredis.com\\\/de\\\/\",\"name\":\"Heredis\",\"description\":\"La g\u00e9n\u00e9alogie change.\",\"publisher\":{\"@id\":\"https:\\\/\\\/home.heredis.com\\\/de\\\/#organization\"},\"potentialAction\":[{\"@type\":\"SearchAction\",\"target\":{\"@type\":\"EntryPoint\",\"urlTemplate\":\"https:\\\/\\\/home.heredis.com\\\/de\\\/?s={search_term_string}\"},\"query-input\":{\"@type\":\"PropertyValueSpecification\",\"valueRequired\":true,\"valueName\":\"search_term_string\"}}],\"inLanguage\":\"de\"},{\"@type\":\"Organization\",\"@id\":\"https:\\\/\\\/home.heredis.com\\\/de\\\/#organization\",\"name\":\"Heredis\",\"url\":\"https:\\\/\\\/home.heredis.com\\\/de\\\/\",\"logo\":{\"@type\":\"ImageObject\",\"inLanguage\":\"de\",\"@id\":\"https:\\\/\\\/home.heredis.com\\\/de\\\/#\\\/schema\\\/logo\\\/image\\\/\",\"url\":\"https:\\\/\\\/i1.wp.com\\\/home.heredis.com\\\/wp-content\\\/uploads\\\/2017\\\/01\\\/logo-H-c.png?fit=800%2C221&ssl=1\",\"contentUrl\":\"https:\\\/\\\/i1.wp.com\\\/home.heredis.com\\\/wp-content\\\/uploads\\\/2017\\\/01\\\/logo-H-c.png?fit=800%2C221&ssl=1\",\"width\":800,\"height\":221,\"caption\":\"Heredis\"},\"image\":{\"@id\":\"https:\\\/\\\/home.heredis.com\\\/de\\\/#\\\/schema\\\/logo\\\/image\\\/\"},\"sameAs\":[\"https:\\\/\\\/www.facebook.com\\\/Heredis--341840326561\\\/\"]}]}<\/script>\n<!-- \/ Yoast SEO plugin. -->","yoast_head_json":{"title":"Heredis Online - Die neue Generation! - Heredis","robots":{"index":"index","follow":"follow","max-snippet":"max-snippet:-1","max-image-preview":"max-image-preview:large","max-video-preview":"max-video-preview:-1"},"canonical":"https:\/\/home.heredis.com\/de\/heredis-online-die-neue-generation\/","og_locale":"de_DE","og_type":"article","og_title":"Heredis Online - Die neue Generation! - Heredis","og_description":"[vc_row section_id=&#8220;teilen&#8220;][vc_column][\/vc_column][\/vc_row][vc_row][vc_column width=&#8220;1\/2&#8243;][vc_column_text css=&#8220;&#8220; animation_delay=&#8220;200&#8243;] Mit Heredis \u00dcber unsere Software k\u00f6nnen Sie Ihren Stammbaum sicher online auf Heredis Online ver\u00f6ffentlichen und Ihre Arbeit mit Ihren Freunden und Verwandten teilen. Bei Heredis sind Ihre Genealogien auch Ihr Eigentum. Ihre Daten geh\u00f6ren uns nicht. Sie k\u00f6nnen Ihren ver\u00f6ffentlichten Stammbaum jederzeit l\u00f6schen oder den Zugang durch ein Passwort [&hellip;]","og_url":"https:\/\/home.heredis.com\/de\/heredis-online-die-neue-generation\/","og_site_name":"Heredis","article_publisher":"https:\/\/www.facebook.com\/Heredis--341840326561\/","article_modified_time":"2026-03-23T16:15:21+00:00","twitter_card":"summary_large_image","twitter_misc":{"Gesch\u00e4tzte Lesezeit":"2\u00a0Minuten"},"schema":{"@context":"https:\/\/schema.org","@graph":[{"@type":"WebPage","@id":"https:\/\/home.heredis.com\/de\/heredis-online-die-neue-generation\/","url":"https:\/\/home.heredis.com\/de\/heredis-online-die-neue-generation\/","name":"Heredis Online - Die neue Generation! - Heredis","isPartOf":{"@id":"https:\/\/home.heredis.com\/de\/#website"},"datePublished":"2021-09-07T08:21:41+00:00","dateModified":"2026-03-23T16:15:21+00:00","breadcrumb":{"@id":"https:\/\/home.heredis.com\/de\/heredis-online-die-neue-generation\/#breadcrumb"},"inLanguage":"de","potentialAction":[{"@type":"ReadAction","target":["https:\/\/home.heredis.com\/de\/heredis-online-die-neue-generation\/"]}]},{"@type":"BreadcrumbList","@id":"https:\/\/home.heredis.com\/de\/heredis-online-die-neue-generation\/#breadcrumb","itemListElement":[{"@type":"ListItem","position":1,"name":"Accueil","item":"https:\/\/home.heredis.com\/de\/"},{"@type":"ListItem","position":2,"name":"Heredis Online &#8211; Die neue Generation!"}]},{"@type":"WebSite","@id":"https:\/\/home.heredis.com\/de\/#website","url":"https:\/\/home.heredis.com\/de\/","name":"Heredis","description":"La g\u00e9n\u00e9alogie change.","publisher":{"@id":"https:\/\/home.heredis.com\/de\/#organization"},"potentialAction":[{"@type":"SearchAction","target":{"@type":"EntryPoint","urlTemplate":"https:\/\/home.heredis.com\/de\/?s={search_term_string}"},"query-input":{"@type":"PropertyValueSpecification","valueRequired":true,"valueName":"search_term_string"}}],"inLanguage":"de"},{"@type":"Organization","@id":"https:\/\/home.heredis.com\/de\/#organization","name":"Heredis","url":"https:\/\/home.heredis.com\/de\/","logo":{"@type":"ImageObject","inLanguage":"de","@id":"https:\/\/home.heredis.com\/de\/#\/schema\/logo\/image\/","url":"https:\/\/i1.wp.com\/home.heredis.com\/wp-content\/uploads\/2017\/01\/logo-H-c.png?fit=800%2C221&ssl=1","contentUrl":"https:\/\/i1.wp.com\/home.heredis.com\/wp-content\/uploads\/2017\/01\/logo-H-c.png?fit=800%2C221&ssl=1","width":800,"height":221,"caption":"Heredis"},"image":{"@id":"https:\/\/home.heredis.com\/de\/#\/schema\/logo\/image\/"},"sameAs":["https:\/\/www.facebook.com\/Heredis--341840326561\/"]}]}},"jetpack_sharing_enabled":true,"_links":{"self":[{"href":"https:\/\/home.heredis.com\/de\/wp-json\/wp\/v2\/pages\/72981","targetHints":{"allow":["GET"]}}],"collection":[{"href":"https:\/\/home.heredis.com\/de\/wp-json\/wp\/v2\/pages"}],"about":[{"href":"https:\/\/home.heredis.com\/de\/wp-json\/wp\/v2\/types\/page"}],"author":[{"embeddable":true,"href":"https:\/\/home.heredis.com\/de\/wp-json\/wp\/v2\/users\/2"}],"replies":[{"embeddable":true,"href":"https:\/\/home.heredis.com\/de\/wp-json\/wp\/v2\/comments?post=72981"}],"version-history":[{"count":11,"href":"https:\/\/home.heredis.com\/de\/wp-json\/wp\/v2\/pages\/72981\/revisions"}],"predecessor-version":[{"id":82698,"href":"https:\/\/home.heredis.com\/de\/wp-json\/wp\/v2\/pages\/72981\/revisions\/82698"}],"wp:attachment":[{"href":"https:\/\/home.heredis.com\/de\/wp-json\/wp\/v2\/media?parent=72981"}],"curies":[{"name":"wp","href":"https:\/\/api.w.org\/{rel}","templated":true}]}}