{"id":74257,"date":"2022-06-01T11:13:00","date_gmt":"2022-06-01T10:13:00","guid":{"rendered":"https:\/\/home.heredis.com\/?page_id=74257"},"modified":"2025-02-25T09:07:20","modified_gmt":"2025-02-25T08:07:20","slug":"heredis-newsletter-anmeldebestaetigung","status":"publish","type":"page","link":"https:\/\/home.heredis.com\/de\/heredis-newsletter-anmeldebestaetigung\/","title":{"rendered":"Heredis-Newsletter-Anmeldung"},"content":{"rendered":"<div class=\"wpb-content-wrapper\">[vc_row][vc_column]<div class=\"eut-element eut-slogan eut-align-center\" style=\"\"><h1 class=\"eut-slogan-title eut-align-center eut-title-no-line\"><span>Herzliche Willkommen beim Heredis-Newsletter!<\/span><\/h1>  <p class=\"\">Sie haben es geschafft! Ihre Anmeldung war erfolgreich. Wir bedanken uns f\u00fcr Ihr Interesse an Heredis und w\u00fcnschen Ihnen eine spannende Lekt\u00fcre unserer Newsletter.<\/p><\/div>[\/vc_column][\/vc_row][vc_row][vc_column]<div class=\"eut-element eut-hr \" style=\"\"><div class=\"eut-line-divider\"><\/div><\/div>[\/vc_column][\/vc_row][vc_row flex_height=&#8220;yes&#8220;][vc_column]<div class=\"eut-element eut-image eut-animated-item eut-fadeInRight eut-align-center\" style=\"\" data-delay=\"200\"><img loading=\"lazy\" decoding=\"async\" width=\"600\" height=\"433\" src=\"https:\/\/i0.wp.com\/home.heredis.com\/wp-content\/uploads\/2016\/04\/enveloppe.png?fit=600%2C433&amp;ssl=1\" class=\"attachment-full size-full\" alt=\"\" srcset=\"https:\/\/i0.wp.com\/home.heredis.com\/wp-content\/uploads\/2016\/04\/enveloppe.png?w=600&amp;ssl=1 600w, https:\/\/i0.wp.com\/home.heredis.com\/wp-content\/uploads\/2016\/04\/enveloppe.png?resize=300%2C217&amp;ssl=1 300w\" sizes=\"auto, (max-width: 600px) 100vw, 600px\" \/><\/div>[\/vc_column][\/vc_row][vc_row][vc_column]<div class=\"eut-element eut-hr \" style=\"\"><div class=\"eut-line-divider\"><\/div><\/div>[\/vc_column][\/vc_row][vc_row][vc_column][vc_column_text css=&#8220;&#8220; animation_delay=&#8220;200&#8243;]\n<h4 class=\"small\"><strong>Sie wollen wissen, was bisher geschah?<\/strong><\/h4>\n<p>Lesen Sie jetzt unsere letzten Newsletter-Ausgaben und erfahren Sie mehr \u00fcber die Heredis-Software und seine Entwickler.<br \/>\nZu den bisherigen Heredis-Newslettern geht es <a href=\"\/de\/heredis-newsletter\/#newsletter-ausgaben\">hier<\/a>.[\/vc_column_text][\/vc_column][\/vc_row]\n<\/div>","protected":false},"excerpt":{"rendered":"<p>[vc_row][vc_column][\/vc_column][\/vc_row][vc_row][vc_column][\/vc_column][\/vc_row][vc_row flex_height=&#8220;yes&#8220;][vc_column][\/vc_column][\/vc_row][vc_row][vc_column][\/vc_column][\/vc_row][vc_row][vc_column][vc_column_text css=&#8220;&#8220; animation_delay=&#8220;200&#8243;] Sie wollen wissen, was bisher geschah? Lesen Sie jetzt unsere letzten Newsletter-Ausgaben und erfahren Sie mehr \u00fcber die Heredis-Software und seine Entwickler. Zu den bisherigen Heredis-Newslettern geht es hier.[\/vc_column_text][\/vc_column][\/vc_row]<\/p>\n","protected":false},"author":2,"featured_media":0,"parent":0,"menu_order":52,"comment_status":"closed","ping_status":"closed","template":"","meta":{"footnotes":""},"class_list":["post-74257","page","type-page","status-publish","hentry"],"yoast_head":"<!-- This site is optimized with the Yoast SEO plugin v27.5 - https:\/\/yoast.com\/product\/yoast-seo-wordpress\/ -->\n<title>Heredis-Newsletter-Anmeldung - Heredis<\/title>\n<meta name=\"robots\" content=\"index, follow, max-snippet:-1, max-image-preview:large, max-video-preview:-1\" \/>\n<link rel=\"canonical\" href=\"https:\/\/home.heredis.com\/de\/heredis-newsletter-anmeldebestaetigung\/\" \/>\n<meta property=\"og:locale\" content=\"de_DE\" \/>\n<meta property=\"og:type\" content=\"article\" \/>\n<meta property=\"og:title\" content=\"Heredis-Newsletter-Anmeldung - Heredis\" \/>\n<meta property=\"og:description\" content=\"[vc_row][vc_column][\/vc_column][\/vc_row][vc_row][vc_column][\/vc_column][\/vc_row][vc_row flex_height=&#8220;yes&#8220;][vc_column][\/vc_column][\/vc_row][vc_row][vc_column][\/vc_column][\/vc_row][vc_row][vc_column][vc_column_text css=&#8220;&#8220; animation_delay=&#8220;200&#8243;] Sie wollen wissen, was bisher geschah? Lesen Sie jetzt unsere letzten Newsletter-Ausgaben und erfahren Sie mehr \u00fcber die Heredis-Software und seine Entwickler. Zu den bisherigen Heredis-Newslettern geht es hier.[\/vc_column_text][\/vc_column][\/vc_row]\" \/>\n<meta property=\"og:url\" content=\"https:\/\/home.heredis.com\/de\/heredis-newsletter-anmeldebestaetigung\/\" \/>\n<meta property=\"og:site_name\" content=\"Heredis\" \/>\n<meta property=\"article:publisher\" content=\"https:\/\/www.facebook.com\/Heredis--341840326561\/\" \/>\n<meta property=\"article:modified_time\" content=\"2025-02-25T08:07:20+00:00\" \/>\n<meta name=\"twitter:card\" content=\"summary_large_image\" \/>\n<meta name=\"twitter:label1\" content=\"Gesch\u00e4tzte Lesezeit\" \/>\n\t<meta name=\"twitter:data1\" content=\"1\u00a0Minute\" \/>\n<script type=\"application\/ld+json\" class=\"yoast-schema-graph\">{\"@context\":\"https:\\\/\\\/schema.org\",\"@graph\":[{\"@type\":\"WebPage\",\"@id\":\"https:\\\/\\\/home.heredis.com\\\/de\\\/heredis-newsletter-anmeldebestaetigung\\\/\",\"url\":\"https:\\\/\\\/home.heredis.com\\\/de\\\/heredis-newsletter-anmeldebestaetigung\\\/\",\"name\":\"Heredis-Newsletter-Anmeldung - Heredis\",\"isPartOf\":{\"@id\":\"https:\\\/\\\/home.heredis.com\\\/de\\\/#website\"},\"datePublished\":\"2022-06-01T10:13:00+00:00\",\"dateModified\":\"2025-02-25T08:07:20+00:00\",\"breadcrumb\":{\"@id\":\"https:\\\/\\\/home.heredis.com\\\/de\\\/heredis-newsletter-anmeldebestaetigung\\\/#breadcrumb\"},\"inLanguage\":\"de\",\"potentialAction\":[{\"@type\":\"ReadAction\",\"target\":[\"https:\\\/\\\/home.heredis.com\\\/de\\\/heredis-newsletter-anmeldebestaetigung\\\/\"]}]},{\"@type\":\"BreadcrumbList\",\"@id\":\"https:\\\/\\\/home.heredis.com\\\/de\\\/heredis-newsletter-anmeldebestaetigung\\\/#breadcrumb\",\"itemListElement\":[{\"@type\":\"ListItem\",\"position\":1,\"name\":\"Accueil\",\"item\":\"https:\\\/\\\/home.heredis.com\\\/de\\\/\"},{\"@type\":\"ListItem\",\"position\":2,\"name\":\"Heredis-Newsletter-Anmeldung\"}]},{\"@type\":\"WebSite\",\"@id\":\"https:\\\/\\\/home.heredis.com\\\/de\\\/#website\",\"url\":\"https:\\\/\\\/home.heredis.com\\\/de\\\/\",\"name\":\"Heredis\",\"description\":\"La g\u00e9n\u00e9alogie change.\",\"publisher\":{\"@id\":\"https:\\\/\\\/home.heredis.com\\\/de\\\/#organization\"},\"potentialAction\":[{\"@type\":\"SearchAction\",\"target\":{\"@type\":\"EntryPoint\",\"urlTemplate\":\"https:\\\/\\\/home.heredis.com\\\/de\\\/?s={search_term_string}\"},\"query-input\":{\"@type\":\"PropertyValueSpecification\",\"valueRequired\":true,\"valueName\":\"search_term_string\"}}],\"inLanguage\":\"de\"},{\"@type\":\"Organization\",\"@id\":\"https:\\\/\\\/home.heredis.com\\\/de\\\/#organization\",\"name\":\"Heredis\",\"url\":\"https:\\\/\\\/home.heredis.com\\\/de\\\/\",\"logo\":{\"@type\":\"ImageObject\",\"inLanguage\":\"de\",\"@id\":\"https:\\\/\\\/home.heredis.com\\\/de\\\/#\\\/schema\\\/logo\\\/image\\\/\",\"url\":\"https:\\\/\\\/i1.wp.com\\\/home.heredis.com\\\/wp-content\\\/uploads\\\/2017\\\/01\\\/logo-H-c.png?fit=800%2C221&ssl=1\",\"contentUrl\":\"https:\\\/\\\/i1.wp.com\\\/home.heredis.com\\\/wp-content\\\/uploads\\\/2017\\\/01\\\/logo-H-c.png?fit=800%2C221&ssl=1\",\"width\":800,\"height\":221,\"caption\":\"Heredis\"},\"image\":{\"@id\":\"https:\\\/\\\/home.heredis.com\\\/de\\\/#\\\/schema\\\/logo\\\/image\\\/\"},\"sameAs\":[\"https:\\\/\\\/www.facebook.com\\\/Heredis--341840326561\\\/\"]}]}<\/script>\n<!-- \/ Yoast SEO plugin. -->","yoast_head_json":{"title":"Heredis-Newsletter-Anmeldung - Heredis","robots":{"index":"index","follow":"follow","max-snippet":"max-snippet:-1","max-image-preview":"max-image-preview:large","max-video-preview":"max-video-preview:-1"},"canonical":"https:\/\/home.heredis.com\/de\/heredis-newsletter-anmeldebestaetigung\/","og_locale":"de_DE","og_type":"article","og_title":"Heredis-Newsletter-Anmeldung - Heredis","og_description":"[vc_row][vc_column][\/vc_column][\/vc_row][vc_row][vc_column][\/vc_column][\/vc_row][vc_row flex_height=&#8220;yes&#8220;][vc_column][\/vc_column][\/vc_row][vc_row][vc_column][\/vc_column][\/vc_row][vc_row][vc_column][vc_column_text css=&#8220;&#8220; animation_delay=&#8220;200&#8243;] Sie wollen wissen, was bisher geschah? Lesen Sie jetzt unsere letzten Newsletter-Ausgaben und erfahren Sie mehr \u00fcber die Heredis-Software und seine Entwickler. Zu den bisherigen Heredis-Newslettern geht es hier.[\/vc_column_text][\/vc_column][\/vc_row]","og_url":"https:\/\/home.heredis.com\/de\/heredis-newsletter-anmeldebestaetigung\/","og_site_name":"Heredis","article_publisher":"https:\/\/www.facebook.com\/Heredis--341840326561\/","article_modified_time":"2025-02-25T08:07:20+00:00","twitter_card":"summary_large_image","twitter_misc":{"Gesch\u00e4tzte Lesezeit":"1\u00a0Minute"},"schema":{"@context":"https:\/\/schema.org","@graph":[{"@type":"WebPage","@id":"https:\/\/home.heredis.com\/de\/heredis-newsletter-anmeldebestaetigung\/","url":"https:\/\/home.heredis.com\/de\/heredis-newsletter-anmeldebestaetigung\/","name":"Heredis-Newsletter-Anmeldung - Heredis","isPartOf":{"@id":"https:\/\/home.heredis.com\/de\/#website"},"datePublished":"2022-06-01T10:13:00+00:00","dateModified":"2025-02-25T08:07:20+00:00","breadcrumb":{"@id":"https:\/\/home.heredis.com\/de\/heredis-newsletter-anmeldebestaetigung\/#breadcrumb"},"inLanguage":"de","potentialAction":[{"@type":"ReadAction","target":["https:\/\/home.heredis.com\/de\/heredis-newsletter-anmeldebestaetigung\/"]}]},{"@type":"BreadcrumbList","@id":"https:\/\/home.heredis.com\/de\/heredis-newsletter-anmeldebestaetigung\/#breadcrumb","itemListElement":[{"@type":"ListItem","position":1,"name":"Accueil","item":"https:\/\/home.heredis.com\/de\/"},{"@type":"ListItem","position":2,"name":"Heredis-Newsletter-Anmeldung"}]},{"@type":"WebSite","@id":"https:\/\/home.heredis.com\/de\/#website","url":"https:\/\/home.heredis.com\/de\/","name":"Heredis","description":"La g\u00e9n\u00e9alogie change.","publisher":{"@id":"https:\/\/home.heredis.com\/de\/#organization"},"potentialAction":[{"@type":"SearchAction","target":{"@type":"EntryPoint","urlTemplate":"https:\/\/home.heredis.com\/de\/?s={search_term_string}"},"query-input":{"@type":"PropertyValueSpecification","valueRequired":true,"valueName":"search_term_string"}}],"inLanguage":"de"},{"@type":"Organization","@id":"https:\/\/home.heredis.com\/de\/#organization","name":"Heredis","url":"https:\/\/home.heredis.com\/de\/","logo":{"@type":"ImageObject","inLanguage":"de","@id":"https:\/\/home.heredis.com\/de\/#\/schema\/logo\/image\/","url":"https:\/\/i1.wp.com\/home.heredis.com\/wp-content\/uploads\/2017\/01\/logo-H-c.png?fit=800%2C221&ssl=1","contentUrl":"https:\/\/i1.wp.com\/home.heredis.com\/wp-content\/uploads\/2017\/01\/logo-H-c.png?fit=800%2C221&ssl=1","width":800,"height":221,"caption":"Heredis"},"image":{"@id":"https:\/\/home.heredis.com\/de\/#\/schema\/logo\/image\/"},"sameAs":["https:\/\/www.facebook.com\/Heredis--341840326561\/"]}]}},"jetpack_sharing_enabled":true,"_links":{"self":[{"href":"https:\/\/home.heredis.com\/de\/wp-json\/wp\/v2\/pages\/74257","targetHints":{"allow":["GET"]}}],"collection":[{"href":"https:\/\/home.heredis.com\/de\/wp-json\/wp\/v2\/pages"}],"about":[{"href":"https:\/\/home.heredis.com\/de\/wp-json\/wp\/v2\/types\/page"}],"author":[{"embeddable":true,"href":"https:\/\/home.heredis.com\/de\/wp-json\/wp\/v2\/users\/2"}],"replies":[{"embeddable":true,"href":"https:\/\/home.heredis.com\/de\/wp-json\/wp\/v2\/comments?post=74257"}],"version-history":[{"count":8,"href":"https:\/\/home.heredis.com\/de\/wp-json\/wp\/v2\/pages\/74257\/revisions"}],"predecessor-version":[{"id":79317,"href":"https:\/\/home.heredis.com\/de\/wp-json\/wp\/v2\/pages\/74257\/revisions\/79317"}],"wp:attachment":[{"href":"https:\/\/home.heredis.com\/de\/wp-json\/wp\/v2\/media?parent=74257"}],"curies":[{"name":"wp","href":"https:\/\/api.w.org\/{rel}","templated":true}]}}