{"id":76010,"date":"2022-10-19T09:00:56","date_gmt":"2022-10-19T08:00:56","guid":{"rendered":"https:\/\/home.heredis.com\/aide-a-la-recherche\/"},"modified":"2026-02-17T14:25:01","modified_gmt":"2026-02-17T13:25:01","slug":"genealogische-dienstleistungen","status":"publish","type":"page","link":"https:\/\/home.heredis.com\/de\/genealogische-dienstleistungen\/","title":{"rendered":"Genealogische Dienstleistungen"},"content":{"rendered":"<div class=\"wpb-content-wrapper\">[vc_row][vc_column][vc_column_text css=&#8220;&#8220; animation_delay=&#8220;200&#8243;]<span style=\"font-weight: 400;\">Sie sind auf einen toten Punkt gesto\u00dfen, an dem Sie nicht mehr weiterkommen? Sie haben fremdsprachige Urkunden und brauchten Hilfe bei der Transkription oder \u00dcbersetzung? Dann kontaktieren Sie einen von unseren genealogischen Partnern, die Sie bei Ihrer Forschung unterst\u00fctzen.<\/span><\/p>\n<p>Sie sind Berufsgenealoge und m\u00f6chten in unser Verzeichnis aufgenommen werden? Dann schreiben Sie uns einfach \u00fcber <a href=\"https:\/\/home.heredis.com\/de\/kontaktieren-sie-unseren-kundendienst\/\">unser Kontaktformular<\/a>![\/vc_column_text][\/vc_column][\/vc_row][vc_row section_id=&#8220;karte&#8220;][vc_column]<h3 class=\"eut-element eut-align-center eut-title-no-line\" style=\"\"><span>Finden Sie den passenden Experten in Ihrer N\u00e4he!<\/span><\/h3>[\/vc_column][\/vc_row][vc_row][vc_column][vc_column_text]<style type=\"text\/css\" id=\"umsMapStyles_2_42003\">\r\n    #ultimate_maps_2_42003 {\r\n        width: 100%;\r\n        height: 800px;\r\n                border: 0px solid ;\r\n        margin: 0px;\r\n    }\r\n    #mapsControlsNum_2_42003 {\r\n        width:100%    }\r\n    .umsMapDetailsContainer#umsMapDetailsContainer_2_42003 {\r\n        height:800px;\r\n    }\r\n    .ums_MapPreview#ultimate_maps_2_42003 {\r\n        \/*position:absolute;*\/\r\n        width:100%;\r\n    }\r\n    #mapConElem_2_42003{\r\n        width:100%    }\r\n    <\/style><div class=\"ums_map_opts\" id=\"mapConElem_2_42003\" data-id=\"2\" data-view-id=\"2_42003\" > <div class=\"umsMapDetailsContainer\" id=\"umsMapDetailsContainer_2_42003\"> <i class=\"umsKMLLayersPreloader fa fa-spinner fa-spin\" aria-hidden=\"true\" style=\"display: none;\"><\/i> <div class=\"ums_MapPreview \" id=\"ultimate_maps_2_42003\"><\/div> <\/div> <div class=\"umsMapMarkerFilters\" id=\"umsMapMarkerFilters_2_42003\"> <\/div> <div class=\"umsMapProControlsCon\" id=\"umsMapProControlsCon_2_42003\"> <a title=\"Google Maps Wordpress\" style=\"display:none;\" href=\"https:\/\/supsystic.com\/plugins\/google-maps-plugin\/?utm_medium=love_link_hide\" target=\"_blank\">Google Maps Wordpress<\/a><div style=\"clear: both;\"><\/div> <\/div> <div class=\"umsMapProDirectionsCon\" id=\"umsMapProDirectionsCon_2_42003\" > <\/div> <div class=\"umsMapProKmlFilterCon\" id=\"umsMapProKmlFilterCon_2_42003\" > <\/div> <div class=\"umsSocialSharingShell umsSocialSharingShell_2_42003\"> <\/div> <div style=\"clear: both;\"><\/div> <\/div>[\/vc_column_text][\/vc_column][\/vc_row]\n<\/div>","protected":false},"excerpt":{"rendered":"<p>[vc_row][vc_column][vc_column_text css=&#8220;&#8220; animation_delay=&#8220;200&#8243;]Sie sind auf einen toten Punkt gesto\u00dfen, an dem Sie nicht mehr weiterkommen? Sie haben fremdsprachige Urkunden und brauchten Hilfe bei der Transkription oder \u00dcbersetzung? Dann kontaktieren Sie einen von unseren genealogischen Partnern, die Sie bei Ihrer Forschung unterst\u00fctzen. Sie sind Berufsgenealoge und m\u00f6chten in unser Verzeichnis aufgenommen werden? Dann schreiben Sie uns [&hellip;]<\/p>\n","protected":false},"author":2,"featured_media":0,"parent":0,"menu_order":22,"comment_status":"closed","ping_status":"closed","template":"","meta":{"footnotes":""},"class_list":["post-76010","page","type-page","status-publish","hentry"],"yoast_head":"<!-- This site is optimized with the Yoast SEO plugin v27.5 - https:\/\/yoast.com\/product\/yoast-seo-wordpress\/ -->\n<title>Genealogische Dienstleistungen - Heredis<\/title>\n<meta name=\"robots\" content=\"index, follow, max-snippet:-1, max-image-preview:large, max-video-preview:-1\" \/>\n<link rel=\"canonical\" href=\"https:\/\/home.heredis.com\/de\/genealogische-dienstleistungen\/\" \/>\n<meta property=\"og:locale\" content=\"de_DE\" \/>\n<meta property=\"og:type\" content=\"article\" \/>\n<meta property=\"og:title\" content=\"Genealogische Dienstleistungen - Heredis\" \/>\n<meta property=\"og:description\" content=\"[vc_row][vc_column][vc_column_text css=&#8220;&#8220; animation_delay=&#8220;200&#8243;]Sie sind auf einen toten Punkt gesto\u00dfen, an dem Sie nicht mehr weiterkommen? Sie haben fremdsprachige Urkunden und brauchten Hilfe bei der Transkription oder \u00dcbersetzung? Dann kontaktieren Sie einen von unseren genealogischen Partnern, die Sie bei Ihrer Forschung unterst\u00fctzen. Sie sind Berufsgenealoge und m\u00f6chten in unser Verzeichnis aufgenommen werden? Dann schreiben Sie uns [&hellip;]\" \/>\n<meta property=\"og:url\" content=\"https:\/\/home.heredis.com\/de\/genealogische-dienstleistungen\/\" \/>\n<meta property=\"og:site_name\" content=\"Heredis\" \/>\n<meta property=\"article:publisher\" content=\"https:\/\/www.facebook.com\/Heredis--341840326561\/\" \/>\n<meta property=\"article:modified_time\" content=\"2026-02-17T13:25:01+00:00\" \/>\n<meta name=\"twitter:card\" content=\"summary_large_image\" \/>\n<meta name=\"twitter:label1\" content=\"Gesch\u00e4tzte Lesezeit\" \/>\n\t<meta name=\"twitter:data1\" content=\"1\u00a0Minute\" \/>\n<script type=\"application\/ld+json\" class=\"yoast-schema-graph\">{\"@context\":\"https:\\\/\\\/schema.org\",\"@graph\":[{\"@type\":\"WebPage\",\"@id\":\"https:\\\/\\\/home.heredis.com\\\/de\\\/genealogische-dienstleistungen\\\/\",\"url\":\"https:\\\/\\\/home.heredis.com\\\/de\\\/genealogische-dienstleistungen\\\/\",\"name\":\"Genealogische Dienstleistungen - Heredis\",\"isPartOf\":{\"@id\":\"https:\\\/\\\/home.heredis.com\\\/de\\\/#website\"},\"datePublished\":\"2022-10-19T08:00:56+00:00\",\"dateModified\":\"2026-02-17T13:25:01+00:00\",\"breadcrumb\":{\"@id\":\"https:\\\/\\\/home.heredis.com\\\/de\\\/genealogische-dienstleistungen\\\/#breadcrumb\"},\"inLanguage\":\"de\",\"potentialAction\":[{\"@type\":\"ReadAction\",\"target\":[\"https:\\\/\\\/home.heredis.com\\\/de\\\/genealogische-dienstleistungen\\\/\"]}]},{\"@type\":\"BreadcrumbList\",\"@id\":\"https:\\\/\\\/home.heredis.com\\\/de\\\/genealogische-dienstleistungen\\\/#breadcrumb\",\"itemListElement\":[{\"@type\":\"ListItem\",\"position\":1,\"name\":\"Accueil\",\"item\":\"https:\\\/\\\/home.heredis.com\\\/de\\\/\"},{\"@type\":\"ListItem\",\"position\":2,\"name\":\"Genealogische Dienstleistungen\"}]},{\"@type\":\"WebSite\",\"@id\":\"https:\\\/\\\/home.heredis.com\\\/de\\\/#website\",\"url\":\"https:\\\/\\\/home.heredis.com\\\/de\\\/\",\"name\":\"Heredis\",\"description\":\"La g\u00e9n\u00e9alogie change.\",\"publisher\":{\"@id\":\"https:\\\/\\\/home.heredis.com\\\/de\\\/#organization\"},\"potentialAction\":[{\"@type\":\"SearchAction\",\"target\":{\"@type\":\"EntryPoint\",\"urlTemplate\":\"https:\\\/\\\/home.heredis.com\\\/de\\\/?s={search_term_string}\"},\"query-input\":{\"@type\":\"PropertyValueSpecification\",\"valueRequired\":true,\"valueName\":\"search_term_string\"}}],\"inLanguage\":\"de\"},{\"@type\":\"Organization\",\"@id\":\"https:\\\/\\\/home.heredis.com\\\/de\\\/#organization\",\"name\":\"Heredis\",\"url\":\"https:\\\/\\\/home.heredis.com\\\/de\\\/\",\"logo\":{\"@type\":\"ImageObject\",\"inLanguage\":\"de\",\"@id\":\"https:\\\/\\\/home.heredis.com\\\/de\\\/#\\\/schema\\\/logo\\\/image\\\/\",\"url\":\"https:\\\/\\\/i1.wp.com\\\/home.heredis.com\\\/wp-content\\\/uploads\\\/2017\\\/01\\\/logo-H-c.png?fit=800%2C221&ssl=1\",\"contentUrl\":\"https:\\\/\\\/i1.wp.com\\\/home.heredis.com\\\/wp-content\\\/uploads\\\/2017\\\/01\\\/logo-H-c.png?fit=800%2C221&ssl=1\",\"width\":800,\"height\":221,\"caption\":\"Heredis\"},\"image\":{\"@id\":\"https:\\\/\\\/home.heredis.com\\\/de\\\/#\\\/schema\\\/logo\\\/image\\\/\"},\"sameAs\":[\"https:\\\/\\\/www.facebook.com\\\/Heredis--341840326561\\\/\"]}]}<\/script>\n<!-- \/ Yoast SEO plugin. -->","yoast_head_json":{"title":"Genealogische Dienstleistungen - Heredis","robots":{"index":"index","follow":"follow","max-snippet":"max-snippet:-1","max-image-preview":"max-image-preview:large","max-video-preview":"max-video-preview:-1"},"canonical":"https:\/\/home.heredis.com\/de\/genealogische-dienstleistungen\/","og_locale":"de_DE","og_type":"article","og_title":"Genealogische Dienstleistungen - Heredis","og_description":"[vc_row][vc_column][vc_column_text css=&#8220;&#8220; animation_delay=&#8220;200&#8243;]Sie sind auf einen toten Punkt gesto\u00dfen, an dem Sie nicht mehr weiterkommen? Sie haben fremdsprachige Urkunden und brauchten Hilfe bei der Transkription oder \u00dcbersetzung? Dann kontaktieren Sie einen von unseren genealogischen Partnern, die Sie bei Ihrer Forschung unterst\u00fctzen. Sie sind Berufsgenealoge und m\u00f6chten in unser Verzeichnis aufgenommen werden? Dann schreiben Sie uns [&hellip;]","og_url":"https:\/\/home.heredis.com\/de\/genealogische-dienstleistungen\/","og_site_name":"Heredis","article_publisher":"https:\/\/www.facebook.com\/Heredis--341840326561\/","article_modified_time":"2026-02-17T13:25:01+00:00","twitter_card":"summary_large_image","twitter_misc":{"Gesch\u00e4tzte Lesezeit":"1\u00a0Minute"},"schema":{"@context":"https:\/\/schema.org","@graph":[{"@type":"WebPage","@id":"https:\/\/home.heredis.com\/de\/genealogische-dienstleistungen\/","url":"https:\/\/home.heredis.com\/de\/genealogische-dienstleistungen\/","name":"Genealogische Dienstleistungen - Heredis","isPartOf":{"@id":"https:\/\/home.heredis.com\/de\/#website"},"datePublished":"2022-10-19T08:00:56+00:00","dateModified":"2026-02-17T13:25:01+00:00","breadcrumb":{"@id":"https:\/\/home.heredis.com\/de\/genealogische-dienstleistungen\/#breadcrumb"},"inLanguage":"de","potentialAction":[{"@type":"ReadAction","target":["https:\/\/home.heredis.com\/de\/genealogische-dienstleistungen\/"]}]},{"@type":"BreadcrumbList","@id":"https:\/\/home.heredis.com\/de\/genealogische-dienstleistungen\/#breadcrumb","itemListElement":[{"@type":"ListItem","position":1,"name":"Accueil","item":"https:\/\/home.heredis.com\/de\/"},{"@type":"ListItem","position":2,"name":"Genealogische Dienstleistungen"}]},{"@type":"WebSite","@id":"https:\/\/home.heredis.com\/de\/#website","url":"https:\/\/home.heredis.com\/de\/","name":"Heredis","description":"La g\u00e9n\u00e9alogie change.","publisher":{"@id":"https:\/\/home.heredis.com\/de\/#organization"},"potentialAction":[{"@type":"SearchAction","target":{"@type":"EntryPoint","urlTemplate":"https:\/\/home.heredis.com\/de\/?s={search_term_string}"},"query-input":{"@type":"PropertyValueSpecification","valueRequired":true,"valueName":"search_term_string"}}],"inLanguage":"de"},{"@type":"Organization","@id":"https:\/\/home.heredis.com\/de\/#organization","name":"Heredis","url":"https:\/\/home.heredis.com\/de\/","logo":{"@type":"ImageObject","inLanguage":"de","@id":"https:\/\/home.heredis.com\/de\/#\/schema\/logo\/image\/","url":"https:\/\/i1.wp.com\/home.heredis.com\/wp-content\/uploads\/2017\/01\/logo-H-c.png?fit=800%2C221&ssl=1","contentUrl":"https:\/\/i1.wp.com\/home.heredis.com\/wp-content\/uploads\/2017\/01\/logo-H-c.png?fit=800%2C221&ssl=1","width":800,"height":221,"caption":"Heredis"},"image":{"@id":"https:\/\/home.heredis.com\/de\/#\/schema\/logo\/image\/"},"sameAs":["https:\/\/www.facebook.com\/Heredis--341840326561\/"]}]}},"jetpack_sharing_enabled":true,"_links":{"self":[{"href":"https:\/\/home.heredis.com\/de\/wp-json\/wp\/v2\/pages\/76010","targetHints":{"allow":["GET"]}}],"collection":[{"href":"https:\/\/home.heredis.com\/de\/wp-json\/wp\/v2\/pages"}],"about":[{"href":"https:\/\/home.heredis.com\/de\/wp-json\/wp\/v2\/types\/page"}],"author":[{"embeddable":true,"href":"https:\/\/home.heredis.com\/de\/wp-json\/wp\/v2\/users\/2"}],"replies":[{"embeddable":true,"href":"https:\/\/home.heredis.com\/de\/wp-json\/wp\/v2\/comments?post=76010"}],"version-history":[{"count":76,"href":"https:\/\/home.heredis.com\/de\/wp-json\/wp\/v2\/pages\/76010\/revisions"}],"predecessor-version":[{"id":82399,"href":"https:\/\/home.heredis.com\/de\/wp-json\/wp\/v2\/pages\/76010\/revisions\/82399"}],"wp:attachment":[{"href":"https:\/\/home.heredis.com\/de\/wp-json\/wp\/v2\/media?parent=76010"}],"curies":[{"name":"wp","href":"https:\/\/api.w.org\/{rel}","templated":true}]}}