{"id":76011,"date":"2022-10-20T13:36:56","date_gmt":"2022-10-20T12:36:56","guid":{"rendered":"https:\/\/home.heredis.com\/aide-a-la-recherche-message-envoye\/"},"modified":"2025-02-25T09:12:35","modified_gmt":"2025-02-25T08:12:35","slug":"genealogische-dienstleistungen-anfrage-gestellt","status":"publish","type":"page","link":"https:\/\/home.heredis.com\/de\/genealogische-dienstleistungen-anfrage-gestellt\/","title":{"rendered":"Genealogische Dienstleistungen &#8211; Anfrage gestellt"},"content":{"rendered":"<div class=\"wpb-content-wrapper\">[vc_row][vc_column][vc_column_text css=&#8220;&#8220; animation_delay=&#8220;200&#8243;]Ihre Anfrage wurde erfolgreich versandt.<\/p>\n<p>&nbsp;<\/p>\n<div class=\"c-message_kit__gutter\">\n<div class=\"c-message_kit__gutter__right\" role=\"presentation\" data-qa=\"message_content\">\n<div class=\"c-message_kit__blocks c-message_kit__blocks--rich_text\">\n<div class=\"c-message__message_blocks c-message__message_blocks--rich_text\" data-qa=\"message-text\">\n<div class=\"p-block_kit_renderer\" data-qa=\"block-kit-renderer\">\n<div class=\"p-block_kit_renderer__block_wrapper p-block_kit_renderer__block_wrapper--first\">\n<div class=\"p-rich_text_block\" dir=\"auto\">\n<div class=\"p-rich_text_section\"><strong>Vielen Dank f\u00fcr Ihr Interesse an unseren genealogischen Dienstleistungen. Eine Eingangsbest\u00e4tigung Ihrer Anfrage wird Ihnen per E-Mail zugesandt.<\/strong><\/div>\n<div><strong>Ihr Heredis-Team<\/strong><\/div>\n<\/div>\n<\/div>\n<\/div>\n<\/div>\n<\/div>\n<\/div>\n<\/div>\n<div class=\"c-message_actions__container c-message__actions\" role=\"group\">\n<div class=\"c-message_actions__group\" role=\"group\" aria-label=\"Actions sur les messages\" data-qa=\"message-actions\"><\/div>\n<\/div>\n<p><!--<span style=\"color: #ff0000;\">Durant le mois d'ao\u00fbt, les \u00e9quipes Heredis sont restreintes. C\u2019est pourquoi les d\u00e9lais de r\u00e9ponses sont rallong\u00e9s. Chaque message est trait\u00e9 personnellement et avec beaucoup d\u2019attention. Nous faisons notre maximum pour vous r\u00e9pondre.\u00a0<b>Le service t\u00e9l\u00e9phonique sera ferm\u00e9 du 29 juillet au 18 ao\u00fbt 2019 inclus<\/b><span style=\"font-weight: 400;\">. La permanence t\u00e9l\u00e9phonique reprendra le lundi 19 ao\u00fbt \u00e0 partir de 9h15.\u00a0<\/span><\/span>\n<span style=\"color: #ff0000;\">Merci de votre compr\u00e9hension. <\/span>--><\/p>\n<p><span style=\"font-style: italic; font-size: 11px;\">In \u00dcbereinstimmung mit den geltenden nationalen und europ\u00e4ischen Vorschriften haben Sie das Recht auf: dauerhaften Zugriff, \u00c4nderung, Berichtigung, Widerspruch, \u00dcbertragbarkeit oder L\u00f6schen Ihrer \u00fcbermittelten personenbezogenen Daten und die Einschr\u00e4nkung ihrer Verarbeitung. Dieses Recht kann durch ein Schreiben an Heredis an seinen Hauptsitz im Atrium du Mill\u00e9naire \u2013 78 all\u00e9e John Napier \u2013 CS 49458 \u2013 34961 MONTPELLIER CEDEX 2 \u2013 Frankreich oder durch Senden einer E-Mail an folgende Adresse: <a href=\"mailto:meinedaten@heredis.com\">meinedaten@heredis.com<\/a>, wahrgenommen werden. <a href=\"\/de\/richtlinien\/#1460126489162-98552b59-c979\">Lesen Sie hier unsere Datenschutzerkl\u00e4rung.<\/a><br \/>\n<\/span>[\/vc_column_text][\/vc_column][\/vc_row]\n<\/div>","protected":false},"excerpt":{"rendered":"<p>[vc_row][vc_column][vc_column_text css=&#8220;&#8220; animation_delay=&#8220;200&#8243;]Ihre Anfrage wurde erfolgreich versandt. &nbsp; Vielen Dank f\u00fcr Ihr Interesse an unseren genealogischen Dienstleistungen. Eine Eingangsbest\u00e4tigung Ihrer Anfrage wird Ihnen per E-Mail zugesandt. Ihr Heredis-Team In \u00dcbereinstimmung mit den geltenden nationalen und europ\u00e4ischen Vorschriften haben Sie das Recht auf: dauerhaften Zugriff, \u00c4nderung, Berichtigung, Widerspruch, \u00dcbertragbarkeit oder L\u00f6schen Ihrer \u00fcbermittelten personenbezogenen Daten und [&hellip;]<\/p>\n","protected":false},"author":2,"featured_media":0,"parent":0,"menu_order":25,"comment_status":"closed","ping_status":"closed","template":"","meta":{"footnotes":""},"class_list":["post-76011","page","type-page","status-publish","hentry"],"yoast_head":"<!-- This site is optimized with the Yoast SEO plugin v27.5 - https:\/\/yoast.com\/product\/yoast-seo-wordpress\/ -->\n<title>Genealogische Dienstleistungen - Anfrage gestellt - Heredis<\/title>\n<meta name=\"robots\" content=\"index, follow, max-snippet:-1, max-image-preview:large, max-video-preview:-1\" \/>\n<link rel=\"canonical\" href=\"https:\/\/home.heredis.com\/de\/genealogische-dienstleistungen-anfrage-gestellt\/\" \/>\n<meta property=\"og:locale\" content=\"de_DE\" \/>\n<meta property=\"og:type\" content=\"article\" \/>\n<meta property=\"og:title\" content=\"Genealogische Dienstleistungen - Anfrage gestellt - Heredis\" \/>\n<meta property=\"og:description\" content=\"[vc_row][vc_column][vc_column_text css=&#8220;&#8220; animation_delay=&#8220;200&#8243;]Ihre Anfrage wurde erfolgreich versandt. &nbsp; Vielen Dank f\u00fcr Ihr Interesse an unseren genealogischen Dienstleistungen. Eine Eingangsbest\u00e4tigung Ihrer Anfrage wird Ihnen per E-Mail zugesandt. Ihr Heredis-Team In \u00dcbereinstimmung mit den geltenden nationalen und europ\u00e4ischen Vorschriften haben Sie das Recht auf: dauerhaften Zugriff, \u00c4nderung, Berichtigung, Widerspruch, \u00dcbertragbarkeit oder L\u00f6schen Ihrer \u00fcbermittelten personenbezogenen Daten und [&hellip;]\" \/>\n<meta property=\"og:url\" content=\"https:\/\/home.heredis.com\/de\/genealogische-dienstleistungen-anfrage-gestellt\/\" \/>\n<meta property=\"og:site_name\" content=\"Heredis\" \/>\n<meta property=\"article:publisher\" content=\"https:\/\/www.facebook.com\/Heredis--341840326561\/\" \/>\n<meta property=\"article:modified_time\" content=\"2025-02-25T08:12:35+00:00\" \/>\n<meta name=\"twitter:card\" content=\"summary_large_image\" \/>\n<meta name=\"twitter:label1\" content=\"Gesch\u00e4tzte Lesezeit\" \/>\n\t<meta name=\"twitter:data1\" content=\"1\u00a0Minute\" \/>\n<script type=\"application\/ld+json\" class=\"yoast-schema-graph\">{\"@context\":\"https:\\\/\\\/schema.org\",\"@graph\":[{\"@type\":\"WebPage\",\"@id\":\"https:\\\/\\\/home.heredis.com\\\/de\\\/genealogische-dienstleistungen-anfrage-gestellt\\\/\",\"url\":\"https:\\\/\\\/home.heredis.com\\\/de\\\/genealogische-dienstleistungen-anfrage-gestellt\\\/\",\"name\":\"Genealogische Dienstleistungen - Anfrage gestellt - Heredis\",\"isPartOf\":{\"@id\":\"https:\\\/\\\/home.heredis.com\\\/de\\\/#website\"},\"datePublished\":\"2022-10-20T12:36:56+00:00\",\"dateModified\":\"2025-02-25T08:12:35+00:00\",\"breadcrumb\":{\"@id\":\"https:\\\/\\\/home.heredis.com\\\/de\\\/genealogische-dienstleistungen-anfrage-gestellt\\\/#breadcrumb\"},\"inLanguage\":\"de\",\"potentialAction\":[{\"@type\":\"ReadAction\",\"target\":[\"https:\\\/\\\/home.heredis.com\\\/de\\\/genealogische-dienstleistungen-anfrage-gestellt\\\/\"]}]},{\"@type\":\"BreadcrumbList\",\"@id\":\"https:\\\/\\\/home.heredis.com\\\/de\\\/genealogische-dienstleistungen-anfrage-gestellt\\\/#breadcrumb\",\"itemListElement\":[{\"@type\":\"ListItem\",\"position\":1,\"name\":\"Accueil\",\"item\":\"https:\\\/\\\/home.heredis.com\\\/de\\\/\"},{\"@type\":\"ListItem\",\"position\":2,\"name\":\"Genealogische Dienstleistungen &#8211; Anfrage gestellt\"}]},{\"@type\":\"WebSite\",\"@id\":\"https:\\\/\\\/home.heredis.com\\\/de\\\/#website\",\"url\":\"https:\\\/\\\/home.heredis.com\\\/de\\\/\",\"name\":\"Heredis\",\"description\":\"La g\u00e9n\u00e9alogie change.\",\"publisher\":{\"@id\":\"https:\\\/\\\/home.heredis.com\\\/de\\\/#organization\"},\"potentialAction\":[{\"@type\":\"SearchAction\",\"target\":{\"@type\":\"EntryPoint\",\"urlTemplate\":\"https:\\\/\\\/home.heredis.com\\\/de\\\/?s={search_term_string}\"},\"query-input\":{\"@type\":\"PropertyValueSpecification\",\"valueRequired\":true,\"valueName\":\"search_term_string\"}}],\"inLanguage\":\"de\"},{\"@type\":\"Organization\",\"@id\":\"https:\\\/\\\/home.heredis.com\\\/de\\\/#organization\",\"name\":\"Heredis\",\"url\":\"https:\\\/\\\/home.heredis.com\\\/de\\\/\",\"logo\":{\"@type\":\"ImageObject\",\"inLanguage\":\"de\",\"@id\":\"https:\\\/\\\/home.heredis.com\\\/de\\\/#\\\/schema\\\/logo\\\/image\\\/\",\"url\":\"https:\\\/\\\/i1.wp.com\\\/home.heredis.com\\\/wp-content\\\/uploads\\\/2017\\\/01\\\/logo-H-c.png?fit=800%2C221&ssl=1\",\"contentUrl\":\"https:\\\/\\\/i1.wp.com\\\/home.heredis.com\\\/wp-content\\\/uploads\\\/2017\\\/01\\\/logo-H-c.png?fit=800%2C221&ssl=1\",\"width\":800,\"height\":221,\"caption\":\"Heredis\"},\"image\":{\"@id\":\"https:\\\/\\\/home.heredis.com\\\/de\\\/#\\\/schema\\\/logo\\\/image\\\/\"},\"sameAs\":[\"https:\\\/\\\/www.facebook.com\\\/Heredis--341840326561\\\/\"]}]}<\/script>\n<!-- \/ Yoast SEO plugin. -->","yoast_head_json":{"title":"Genealogische Dienstleistungen - Anfrage gestellt - Heredis","robots":{"index":"index","follow":"follow","max-snippet":"max-snippet:-1","max-image-preview":"max-image-preview:large","max-video-preview":"max-video-preview:-1"},"canonical":"https:\/\/home.heredis.com\/de\/genealogische-dienstleistungen-anfrage-gestellt\/","og_locale":"de_DE","og_type":"article","og_title":"Genealogische Dienstleistungen - Anfrage gestellt - Heredis","og_description":"[vc_row][vc_column][vc_column_text css=&#8220;&#8220; animation_delay=&#8220;200&#8243;]Ihre Anfrage wurde erfolgreich versandt. &nbsp; Vielen Dank f\u00fcr Ihr Interesse an unseren genealogischen Dienstleistungen. Eine Eingangsbest\u00e4tigung Ihrer Anfrage wird Ihnen per E-Mail zugesandt. Ihr Heredis-Team In \u00dcbereinstimmung mit den geltenden nationalen und europ\u00e4ischen Vorschriften haben Sie das Recht auf: dauerhaften Zugriff, \u00c4nderung, Berichtigung, Widerspruch, \u00dcbertragbarkeit oder L\u00f6schen Ihrer \u00fcbermittelten personenbezogenen Daten und [&hellip;]","og_url":"https:\/\/home.heredis.com\/de\/genealogische-dienstleistungen-anfrage-gestellt\/","og_site_name":"Heredis","article_publisher":"https:\/\/www.facebook.com\/Heredis--341840326561\/","article_modified_time":"2025-02-25T08:12:35+00:00","twitter_card":"summary_large_image","twitter_misc":{"Gesch\u00e4tzte Lesezeit":"1\u00a0Minute"},"schema":{"@context":"https:\/\/schema.org","@graph":[{"@type":"WebPage","@id":"https:\/\/home.heredis.com\/de\/genealogische-dienstleistungen-anfrage-gestellt\/","url":"https:\/\/home.heredis.com\/de\/genealogische-dienstleistungen-anfrage-gestellt\/","name":"Genealogische Dienstleistungen - Anfrage gestellt - Heredis","isPartOf":{"@id":"https:\/\/home.heredis.com\/de\/#website"},"datePublished":"2022-10-20T12:36:56+00:00","dateModified":"2025-02-25T08:12:35+00:00","breadcrumb":{"@id":"https:\/\/home.heredis.com\/de\/genealogische-dienstleistungen-anfrage-gestellt\/#breadcrumb"},"inLanguage":"de","potentialAction":[{"@type":"ReadAction","target":["https:\/\/home.heredis.com\/de\/genealogische-dienstleistungen-anfrage-gestellt\/"]}]},{"@type":"BreadcrumbList","@id":"https:\/\/home.heredis.com\/de\/genealogische-dienstleistungen-anfrage-gestellt\/#breadcrumb","itemListElement":[{"@type":"ListItem","position":1,"name":"Accueil","item":"https:\/\/home.heredis.com\/de\/"},{"@type":"ListItem","position":2,"name":"Genealogische Dienstleistungen &#8211; Anfrage gestellt"}]},{"@type":"WebSite","@id":"https:\/\/home.heredis.com\/de\/#website","url":"https:\/\/home.heredis.com\/de\/","name":"Heredis","description":"La g\u00e9n\u00e9alogie change.","publisher":{"@id":"https:\/\/home.heredis.com\/de\/#organization"},"potentialAction":[{"@type":"SearchAction","target":{"@type":"EntryPoint","urlTemplate":"https:\/\/home.heredis.com\/de\/?s={search_term_string}"},"query-input":{"@type":"PropertyValueSpecification","valueRequired":true,"valueName":"search_term_string"}}],"inLanguage":"de"},{"@type":"Organization","@id":"https:\/\/home.heredis.com\/de\/#organization","name":"Heredis","url":"https:\/\/home.heredis.com\/de\/","logo":{"@type":"ImageObject","inLanguage":"de","@id":"https:\/\/home.heredis.com\/de\/#\/schema\/logo\/image\/","url":"https:\/\/i1.wp.com\/home.heredis.com\/wp-content\/uploads\/2017\/01\/logo-H-c.png?fit=800%2C221&ssl=1","contentUrl":"https:\/\/i1.wp.com\/home.heredis.com\/wp-content\/uploads\/2017\/01\/logo-H-c.png?fit=800%2C221&ssl=1","width":800,"height":221,"caption":"Heredis"},"image":{"@id":"https:\/\/home.heredis.com\/de\/#\/schema\/logo\/image\/"},"sameAs":["https:\/\/www.facebook.com\/Heredis--341840326561\/"]}]}},"jetpack_sharing_enabled":true,"_links":{"self":[{"href":"https:\/\/home.heredis.com\/de\/wp-json\/wp\/v2\/pages\/76011","targetHints":{"allow":["GET"]}}],"collection":[{"href":"https:\/\/home.heredis.com\/de\/wp-json\/wp\/v2\/pages"}],"about":[{"href":"https:\/\/home.heredis.com\/de\/wp-json\/wp\/v2\/types\/page"}],"author":[{"embeddable":true,"href":"https:\/\/home.heredis.com\/de\/wp-json\/wp\/v2\/users\/2"}],"replies":[{"embeddable":true,"href":"https:\/\/home.heredis.com\/de\/wp-json\/wp\/v2\/comments?post=76011"}],"version-history":[{"count":7,"href":"https:\/\/home.heredis.com\/de\/wp-json\/wp\/v2\/pages\/76011\/revisions"}],"predecessor-version":[{"id":79323,"href":"https:\/\/home.heredis.com\/de\/wp-json\/wp\/v2\/pages\/76011\/revisions\/79323"}],"wp:attachment":[{"href":"https:\/\/home.heredis.com\/de\/wp-json\/wp\/v2\/media?parent=76011"}],"curies":[{"name":"wp","href":"https:\/\/api.w.org\/{rel}","templated":true}]}}