{"id":77581,"date":"2024-02-08T15:58:30","date_gmt":"2024-02-08T14:58:30","guid":{"rendered":"https:\/\/home.heredis.com\/?page_id=77581"},"modified":"2024-02-08T17:39:03","modified_gmt":"2024-02-08T16:39:03","slug":"teilnahmebedingungen-facebook-gewinnspiel","status":"publish","type":"page","link":"https:\/\/home.heredis.com\/de\/teilnahmebedingungen-facebook-gewinnspiel\/","title":{"rendered":"Teilnahmebedingungen Facebook-Gewinnspiel"},"content":{"rendered":"<div class=\"wpb-content-wrapper\">[vc_row][vc_column][vc_column_text]\n<h2 style=\"text-align: center;\"><strong>Teilnahmebedingungen zum Facebook-Gewinnspiel von Heredis<\/strong><\/h2>\n<p style=\"text-align: center;\">Der Veranstalter dieses Gewinnspiels ist Heredis SCOPARL,<br \/>\nAtrium du Mill\u00e9naire, 78 all\u00e9e John Napier, CS 49458, 34961 Montpellier Cedex 2, Frankreich<br \/>\n(nachfolgend \u201eVeranstalter\u201c genannt).<\/p>\n<h4><strong>1) Teilnahmeberechtigte<\/strong><\/h4>\n<p>Teilnahmeberechtigt sind alle nat\u00fcrlichen Personen, die das 18. Lebensjahr vollendet haben und ein g\u00fcltiges Facebook-Konto besitzen.<br \/>\nVon der Teilnahme ausgeschlossen sind alle an der Konzeption und Umsetzung des Gewinnspiels beteiligten Personen und Mitarbeiter des Veranstalters sowie ihre unmittelbaren Familienmitglieder.<\/p>\n<h4><strong>2) Teilnahme und Ablauf des Gewinnspiels<\/strong><\/h4>\n<p>Die Teilnahme erfolgt \u00fcber <strong>(<\/strong><strong>1) das Folgen der<\/strong><strong> Facebook-Seite des Veranstalters: <a href=\"https:\/\/www.facebook.com\/heredis.de\/\">Heredis.de<\/a> (die teilnehmende Person muss Follower der Seite werden bzw. sein), (2) die Beantwortung der Gewinnspiel-Frage in einem Kommentar<\/strong> <strong>unter diesem Post<\/strong> und die Zustimmung zu diesen Teilnahmebedingungen.<br \/>\nDie Teilnahme ist nicht auf Kunden des Veranstalters beschr\u00e4nkt und nicht vom Erwerb einer Ware oder Dienstleistung abh\u00e4ngig. Die Teilnahme am Gewinnspiel ist kostenlos.<br \/>\nPro Teilnehmer ist nur eine Einsendung f\u00fcr die Teilnahme g\u00fcltig. Es ist strengstens untersagt, mehrere Profile zur Erh\u00f6hung der Gewinnchancen zu verwenden.<br \/>\nDie Beitr\u00e4ge (Bilder, Links und Texte) zur Teilnahme d\u00fcrfen keine Beleidigungen, falsche Tatsachen, Wettbewerbs-, Marken- oder Urheberrechtsverst\u00f6\u00dfe enthalten. Sollten dennoch Dritte Anspr\u00fcche wegen Verletzung ihrer Rechte geltend machen, so stellt der Teilnehmer den Veranstalter von allen Anspr\u00fcchen frei. Mit der Teilnahme am Gewinnspiel verpflichtet sich jeder Teilnehmer f\u00fcr seine etwaigen Rechtsverst\u00f6\u00dfe pers\u00f6nlich einzustehen.<\/p>\n<h4><strong>3) Dauer des Gewinnspiels<\/strong><\/h4>\n<p>Die Dauer des Gewinnspiels erstreckt sich<strong> vom<\/strong> <strong>9. Februar 2024, 00:00 Uhr (MEZ) bis zum<\/strong> <strong>28. Februar 2024, 23:59 Uhr (MEZ)<\/strong>. Die Teilnahme ist nur innerhalb des Teilnahmezeitraums m\u00f6glich. Nach Teilnahmeschluss eingehende Einsendungen werden bei der Auslosung nicht ber\u00fccksichtigt.<\/p>\n<h4><strong>4) Gewinn, Benachrichtigung und \u00dcbermittlung des Gewinns<\/strong><\/h4>\n<p>Das Gewinnspiel umfasst <strong>1 Software-Lizenz der Heredis-Version 2024<\/strong> im Wert von bis zu 59,99 Euro (Je nach Betriebssystem des Gewinners erh\u00e4lt dieser eine Windows- oder Mac-Version). Die Ermittlung des Gewinners erfolgt nach Teilnahmeschluss am 29. Februar 2024 im Rahmen einer auf dem Zufallsprinzip beruhenden Verlosung unter allen berechtigten Teilnehmern. Diese wird vom Veranstalter durchgef\u00fchrt. An der Verlosung nimmt teil, wer die Gewinnspiel-Bedingungen erf\u00fcllt.<br \/>\nDer Gewinner wird \u00fcber eine Antwort auf seinen Teilnahme-Kommentar innerhalb von 48 Stunden nach dem Teilnahmeschluss benachrichtigt. Der Preistr\u00e4ger muss sich innerhalb von 1 Woche an die folgende E-Mail <a href=\"mailto:kontakt@heredis.com\">kontakt@heredis.com<\/a> wenden und neben Vor- und Nachnamen eine g\u00fcltige E-Mail-Adresse, das gew\u00fcnschte Betriebssystem sowie die Postanschrift angeben. Meldet sich der Gewinner nicht innerhalb dieser Frist, kann der Gewinn vom Veranstalter auf einen anderen Teilnehmer \u00fcbertragen werden.<br \/>\nDie Aush\u00e4ndigung des Gewinns erfolgt per E-Mail-Versand. Der Gewinn ist nicht \u00fcbertragbar. Eine Barauszahlung ist nicht m\u00f6glich. Der Rechtsweg ist ausgeschlossen.<br \/>\nDie mit der Inanspruchnahme des Gewinns im Zusammenhang stehenden Kosten (wie z. B. technisches Equipment f\u00fcr die Nutzung von Heredis) hat der Gewinner selbst zu tragen.<\/p>\n<h4><strong>5) Vorzeitige Beendigung des Gewinnspiels<\/strong><\/h4>\n<p>Der Veranstalter beh\u00e4lt sich vor, das Gewinnspiel zu jedem Zeitpunkt ohne Vorank\u00fcndigung und ohne Angabe von Gr\u00fcnden abzubrechen oder zu beenden. Von dieser M\u00f6glichkeit macht der Veranstalter insbesondere dann Gebrauch, wenn aus technischen Gr\u00fcnden (z. B. Viren im Computersystem, Manipulation oder Fehler in der Hard- und\/oder Software) oder aus rechtlichen Gr\u00fcnden eine ordnungsgem\u00e4\u00dfe Durchf\u00fchrung des Gewinnspiels nicht gew\u00e4hrleistet werden kann.<\/p>\n<h4><strong>6) Datenschutz<\/strong><\/h4>\n<p>Soweit im Rahmen des Gewinnspiels personenbezogene Daten von Teilnehmenden erhoben und verarbeitet werden, werden diese von dem Veranstalter ausschlie\u00dflich zu Zwecken der ordnungsgem\u00e4\u00dfen Abwicklung und Durchf\u00fchrung des Gewinnspiels genutzt. Rechtsgrundlage ist Art. 6 Abs. 1 lit. b DSGVO.<br \/>\nDie Daten werden nur so lange gespeichert, wie sie f\u00fcr die Abwicklung des Gewinnspiels notwendig sind und sp\u00e4testens 30 Tage nach Ende des Gewinnspiels gel\u00f6scht. Die Kommentare auf Facebook bleiben allerdings bestehen und sind weiterhin \u00f6ffentlich einsehbar.<br \/>\nDie Teilnehmer haben das Recht auf Auskunft, auf Berichtigung, auf L\u00f6schung, auf Einschr\u00e4nkung der Verarbeitung, ein Widerspruchsrecht, ein Recht auf Daten\u00fcbertragbarkeit sowie ein Recht auf Widerruf der Einwilligung.<br \/>\nDer Widerruf ist schriftlich an Heredis SCOPARL, Atrium du Mill\u00e9naire, 78 all\u00e9e John Napier, CS 49458, 34961 Montpellier Cedex 2, Frankreich oder per Mail (<a href=\"mailto:kontakt@heredis.com\">kontakt@heredis.com<\/a>) zu richten. Nach Widerruf der Einwilligung werden die erhobenen und gespeicherten personenbezogenen Daten des Teilnehmers umgehend gel\u00f6scht.<\/p>\n<h4><strong>7) Sonstiges<\/strong><\/h4>\n<p>Der Veranstalter beh\u00e4lt sich vor, Teilnehmende aus wichtigen Gr\u00fcnden vom Gewinnspiel auszuschlie\u00dfen sowie Preise zur\u00fcckzufordern, insbesondere wenn der berechtigte Verdacht oder Nachweis von Falschangaben, Manipulation, Versto\u00df gegen diese Teilnahmebedingungen oder sonstige unerlaubte Handlungen vorliegen.<br \/>\nAnspr\u00fcche wegen m\u00f6glicher Sach- und\/oder Rechtsm\u00e4ngel an den von dem Preissponsor gestifteten Gewinn sind ausschlie\u00dflich diesem gegen\u00fcber geltend zu machen.<br \/>\nDie Teilnehmenden stellen Facebook von jeder Haftung frei.<br \/>\nDie Teilnahme am Gewinnspiel richtet sich ausschlie\u00dflich nach diesen Teilnahmebedingungen. Diese Teilnahmebedingungen k\u00f6nnen jederzeit vom Veranstalter ohne gesonderte Benachrichtigung ge\u00e4ndert werden.<br \/>\nSollten einzelne dieser Teilnahmebedingungen ung\u00fcltig sein oder werden, bleibt die G\u00fcltigkeit der \u00fcbrigen Teilnahmebedingungen hiervon unber\u00fchrt.<\/p>\n<p style=\"text-align: center;\"><strong>Das Gewinnspiel steht in keinerlei Verbindung zu Facebook und wird in keiner Weise von Facebook organisiert, gesponsort oder unterst\u00fctzt.<\/strong><br \/>\nDas Gewinnspiel wird von Heredis SCOPARL durchgef\u00fchrt. Bei Fragen, Kommentaren oder Beschwerden wenden Sie sich bitte an <strong>kontakt@heredis.com.<\/strong><\/p>\n<h4 style=\"text-align: center;\"><strong>Viel Gl\u00fcck und Erfolg w\u00fcnscht Ihnen Ihr Heredis-Team!<\/strong><\/h4>\n[\/vc_column_text][\/vc_column][\/vc_row]\n<\/div>","protected":false},"excerpt":{"rendered":"<p>[vc_row][vc_column][vc_column_text] Teilnahmebedingungen zum Facebook-Gewinnspiel von Heredis Der Veranstalter dieses Gewinnspiels ist Heredis SCOPARL, Atrium du Mill\u00e9naire, 78 all\u00e9e John Napier, CS 49458, 34961 Montpellier Cedex 2, Frankreich (nachfolgend \u201eVeranstalter\u201c genannt). 1) Teilnahmeberechtigte Teilnahmeberechtigt sind alle nat\u00fcrlichen Personen, die das 18. Lebensjahr vollendet haben und ein g\u00fcltiges Facebook-Konto besitzen. Von der Teilnahme ausgeschlossen sind alle an [&hellip;]<\/p>\n","protected":false},"author":10,"featured_media":0,"parent":0,"menu_order":73,"comment_status":"closed","ping_status":"closed","template":"","meta":{"footnotes":""},"class_list":["post-77581","page","type-page","status-publish","hentry"],"yoast_head":"<!-- This site is optimized with the Yoast SEO plugin v27.4 - https:\/\/yoast.com\/product\/yoast-seo-wordpress\/ -->\n<title>Teilnahmebedingungen Facebook-Gewinnspiel - Heredis<\/title>\n<meta name=\"robots\" content=\"index, follow, max-snippet:-1, max-image-preview:large, max-video-preview:-1\" \/>\n<link rel=\"canonical\" href=\"https:\/\/home.heredis.com\/de\/teilnahmebedingungen-facebook-gewinnspiel\/\" \/>\n<meta property=\"og:locale\" content=\"de_DE\" \/>\n<meta property=\"og:type\" content=\"article\" \/>\n<meta property=\"og:title\" content=\"Teilnahmebedingungen Facebook-Gewinnspiel - Heredis\" \/>\n<meta property=\"og:description\" content=\"[vc_row][vc_column][vc_column_text] Teilnahmebedingungen zum Facebook-Gewinnspiel von Heredis Der Veranstalter dieses Gewinnspiels ist Heredis SCOPARL, Atrium du Mill\u00e9naire, 78 all\u00e9e John Napier, CS 49458, 34961 Montpellier Cedex 2, Frankreich (nachfolgend \u201eVeranstalter\u201c genannt). 1) Teilnahmeberechtigte Teilnahmeberechtigt sind alle nat\u00fcrlichen Personen, die das 18. Lebensjahr vollendet haben und ein g\u00fcltiges Facebook-Konto besitzen. Von der Teilnahme ausgeschlossen sind alle an [&hellip;]\" \/>\n<meta property=\"og:url\" content=\"https:\/\/home.heredis.com\/de\/teilnahmebedingungen-facebook-gewinnspiel\/\" \/>\n<meta property=\"og:site_name\" content=\"Heredis\" \/>\n<meta property=\"article:publisher\" content=\"https:\/\/www.facebook.com\/Heredis--341840326561\/\" \/>\n<meta property=\"article:modified_time\" content=\"2024-02-08T16:39:03+00:00\" \/>\n<meta name=\"twitter:card\" content=\"summary_large_image\" \/>\n<meta name=\"twitter:label1\" content=\"Gesch\u00e4tzte Lesezeit\" \/>\n\t<meta name=\"twitter:data1\" content=\"5\u00a0Minuten\" \/>\n<script type=\"application\/ld+json\" class=\"yoast-schema-graph\">{\"@context\":\"https:\\\/\\\/schema.org\",\"@graph\":[{\"@type\":\"WebPage\",\"@id\":\"https:\\\/\\\/home.heredis.com\\\/de\\\/teilnahmebedingungen-facebook-gewinnspiel\\\/\",\"url\":\"https:\\\/\\\/home.heredis.com\\\/de\\\/teilnahmebedingungen-facebook-gewinnspiel\\\/\",\"name\":\"Teilnahmebedingungen Facebook-Gewinnspiel - Heredis\",\"isPartOf\":{\"@id\":\"https:\\\/\\\/home.heredis.com\\\/de\\\/#website\"},\"datePublished\":\"2024-02-08T14:58:30+00:00\",\"dateModified\":\"2024-02-08T16:39:03+00:00\",\"breadcrumb\":{\"@id\":\"https:\\\/\\\/home.heredis.com\\\/de\\\/teilnahmebedingungen-facebook-gewinnspiel\\\/#breadcrumb\"},\"inLanguage\":\"de\",\"potentialAction\":[{\"@type\":\"ReadAction\",\"target\":[\"https:\\\/\\\/home.heredis.com\\\/de\\\/teilnahmebedingungen-facebook-gewinnspiel\\\/\"]}]},{\"@type\":\"BreadcrumbList\",\"@id\":\"https:\\\/\\\/home.heredis.com\\\/de\\\/teilnahmebedingungen-facebook-gewinnspiel\\\/#breadcrumb\",\"itemListElement\":[{\"@type\":\"ListItem\",\"position\":1,\"name\":\"Accueil\",\"item\":\"https:\\\/\\\/home.heredis.com\\\/de\\\/\"},{\"@type\":\"ListItem\",\"position\":2,\"name\":\"Teilnahmebedingungen Facebook-Gewinnspiel\"}]},{\"@type\":\"WebSite\",\"@id\":\"https:\\\/\\\/home.heredis.com\\\/de\\\/#website\",\"url\":\"https:\\\/\\\/home.heredis.com\\\/de\\\/\",\"name\":\"Heredis\",\"description\":\"La g\u00e9n\u00e9alogie change.\",\"publisher\":{\"@id\":\"https:\\\/\\\/home.heredis.com\\\/de\\\/#organization\"},\"potentialAction\":[{\"@type\":\"SearchAction\",\"target\":{\"@type\":\"EntryPoint\",\"urlTemplate\":\"https:\\\/\\\/home.heredis.com\\\/de\\\/?s={search_term_string}\"},\"query-input\":{\"@type\":\"PropertyValueSpecification\",\"valueRequired\":true,\"valueName\":\"search_term_string\"}}],\"inLanguage\":\"de\"},{\"@type\":\"Organization\",\"@id\":\"https:\\\/\\\/home.heredis.com\\\/de\\\/#organization\",\"name\":\"Heredis\",\"url\":\"https:\\\/\\\/home.heredis.com\\\/de\\\/\",\"logo\":{\"@type\":\"ImageObject\",\"inLanguage\":\"de\",\"@id\":\"https:\\\/\\\/home.heredis.com\\\/de\\\/#\\\/schema\\\/logo\\\/image\\\/\",\"url\":\"https:\\\/\\\/i1.wp.com\\\/home.heredis.com\\\/wp-content\\\/uploads\\\/2017\\\/01\\\/logo-H-c.png?fit=800%2C221&ssl=1\",\"contentUrl\":\"https:\\\/\\\/i1.wp.com\\\/home.heredis.com\\\/wp-content\\\/uploads\\\/2017\\\/01\\\/logo-H-c.png?fit=800%2C221&ssl=1\",\"width\":800,\"height\":221,\"caption\":\"Heredis\"},\"image\":{\"@id\":\"https:\\\/\\\/home.heredis.com\\\/de\\\/#\\\/schema\\\/logo\\\/image\\\/\"},\"sameAs\":[\"https:\\\/\\\/www.facebook.com\\\/Heredis--341840326561\\\/\"]}]}<\/script>\n<!-- \/ Yoast SEO plugin. -->","yoast_head_json":{"title":"Teilnahmebedingungen Facebook-Gewinnspiel - Heredis","robots":{"index":"index","follow":"follow","max-snippet":"max-snippet:-1","max-image-preview":"max-image-preview:large","max-video-preview":"max-video-preview:-1"},"canonical":"https:\/\/home.heredis.com\/de\/teilnahmebedingungen-facebook-gewinnspiel\/","og_locale":"de_DE","og_type":"article","og_title":"Teilnahmebedingungen Facebook-Gewinnspiel - Heredis","og_description":"[vc_row][vc_column][vc_column_text] Teilnahmebedingungen zum Facebook-Gewinnspiel von Heredis Der Veranstalter dieses Gewinnspiels ist Heredis SCOPARL, Atrium du Mill\u00e9naire, 78 all\u00e9e John Napier, CS 49458, 34961 Montpellier Cedex 2, Frankreich (nachfolgend \u201eVeranstalter\u201c genannt). 1) Teilnahmeberechtigte Teilnahmeberechtigt sind alle nat\u00fcrlichen Personen, die das 18. Lebensjahr vollendet haben und ein g\u00fcltiges Facebook-Konto besitzen. Von der Teilnahme ausgeschlossen sind alle an [&hellip;]","og_url":"https:\/\/home.heredis.com\/de\/teilnahmebedingungen-facebook-gewinnspiel\/","og_site_name":"Heredis","article_publisher":"https:\/\/www.facebook.com\/Heredis--341840326561\/","article_modified_time":"2024-02-08T16:39:03+00:00","twitter_card":"summary_large_image","twitter_misc":{"Gesch\u00e4tzte Lesezeit":"5\u00a0Minuten"},"schema":{"@context":"https:\/\/schema.org","@graph":[{"@type":"WebPage","@id":"https:\/\/home.heredis.com\/de\/teilnahmebedingungen-facebook-gewinnspiel\/","url":"https:\/\/home.heredis.com\/de\/teilnahmebedingungen-facebook-gewinnspiel\/","name":"Teilnahmebedingungen Facebook-Gewinnspiel - Heredis","isPartOf":{"@id":"https:\/\/home.heredis.com\/de\/#website"},"datePublished":"2024-02-08T14:58:30+00:00","dateModified":"2024-02-08T16:39:03+00:00","breadcrumb":{"@id":"https:\/\/home.heredis.com\/de\/teilnahmebedingungen-facebook-gewinnspiel\/#breadcrumb"},"inLanguage":"de","potentialAction":[{"@type":"ReadAction","target":["https:\/\/home.heredis.com\/de\/teilnahmebedingungen-facebook-gewinnspiel\/"]}]},{"@type":"BreadcrumbList","@id":"https:\/\/home.heredis.com\/de\/teilnahmebedingungen-facebook-gewinnspiel\/#breadcrumb","itemListElement":[{"@type":"ListItem","position":1,"name":"Accueil","item":"https:\/\/home.heredis.com\/de\/"},{"@type":"ListItem","position":2,"name":"Teilnahmebedingungen Facebook-Gewinnspiel"}]},{"@type":"WebSite","@id":"https:\/\/home.heredis.com\/de\/#website","url":"https:\/\/home.heredis.com\/de\/","name":"Heredis","description":"La g\u00e9n\u00e9alogie change.","publisher":{"@id":"https:\/\/home.heredis.com\/de\/#organization"},"potentialAction":[{"@type":"SearchAction","target":{"@type":"EntryPoint","urlTemplate":"https:\/\/home.heredis.com\/de\/?s={search_term_string}"},"query-input":{"@type":"PropertyValueSpecification","valueRequired":true,"valueName":"search_term_string"}}],"inLanguage":"de"},{"@type":"Organization","@id":"https:\/\/home.heredis.com\/de\/#organization","name":"Heredis","url":"https:\/\/home.heredis.com\/de\/","logo":{"@type":"ImageObject","inLanguage":"de","@id":"https:\/\/home.heredis.com\/de\/#\/schema\/logo\/image\/","url":"https:\/\/i1.wp.com\/home.heredis.com\/wp-content\/uploads\/2017\/01\/logo-H-c.png?fit=800%2C221&ssl=1","contentUrl":"https:\/\/i1.wp.com\/home.heredis.com\/wp-content\/uploads\/2017\/01\/logo-H-c.png?fit=800%2C221&ssl=1","width":800,"height":221,"caption":"Heredis"},"image":{"@id":"https:\/\/home.heredis.com\/de\/#\/schema\/logo\/image\/"},"sameAs":["https:\/\/www.facebook.com\/Heredis--341840326561\/"]}]}},"jetpack_sharing_enabled":true,"_links":{"self":[{"href":"https:\/\/home.heredis.com\/de\/wp-json\/wp\/v2\/pages\/77581","targetHints":{"allow":["GET"]}}],"collection":[{"href":"https:\/\/home.heredis.com\/de\/wp-json\/wp\/v2\/pages"}],"about":[{"href":"https:\/\/home.heredis.com\/de\/wp-json\/wp\/v2\/types\/page"}],"author":[{"embeddable":true,"href":"https:\/\/home.heredis.com\/de\/wp-json\/wp\/v2\/users\/10"}],"replies":[{"embeddable":true,"href":"https:\/\/home.heredis.com\/de\/wp-json\/wp\/v2\/comments?post=77581"}],"version-history":[{"count":5,"href":"https:\/\/home.heredis.com\/de\/wp-json\/wp\/v2\/pages\/77581\/revisions"}],"predecessor-version":[{"id":77588,"href":"https:\/\/home.heredis.com\/de\/wp-json\/wp\/v2\/pages\/77581\/revisions\/77588"}],"wp:attachment":[{"href":"https:\/\/home.heredis.com\/de\/wp-json\/wp\/v2\/media?parent=77581"}],"curies":[{"name":"wp","href":"https:\/\/api.w.org\/{rel}","templated":true}]}}