{"id":78636,"date":"2024-08-28T09:42:39","date_gmt":"2024-08-28T08:42:39","guid":{"rendered":"https:\/\/home.heredis.com\/?page_id=78636"},"modified":"2025-09-04T09:07:24","modified_gmt":"2025-09-04T08:07:24","slug":"kostenlose-demoversion-von-heredis-2026-fuer-mac","status":"publish","type":"page","link":"https:\/\/home.heredis.com\/de\/kostenlose-demoversion-von-heredis-2026-fuer-mac\/","title":{"rendered":"Mac-Testversion 26"},"content":{"rendered":"<div class=\"wpb-content-wrapper\">[vc_row][vc_column]<div class=\"eut-element eut-slogan eut-align-left\" style=\"\"><h1 class=\"eut-slogan-title eut-align-left eut-title-no-line\"><span>Kostenlose Demoversion von Heredis 2026 f\u00fcr Mac<\/span><\/h1>  <p class=\"eut-leader-text\">Heredis ist die Komplettl\u00f6sung f\u00fcr Ihre Familienforschung: Das Computerprogramm bietet Ihnen alle notwendigen Funktionen f\u00fcr Ihre genealogischen Nachforschungen. Bis heute ist Heredis die beste Genealogie-Software, nicht nur weil sie mit innovativen und einzigartigen Funktionen ausgestattet ist, sondern auch weil die Kombination all dieser Funktionen die Heredis-Software unschlagbar macht.<\/p><\/div>[\/vc_column][\/vc_row][vc_row][vc_column width=&#8220;1\/2&#8243;][vc_column_text css=&#8220;&#8220; animation_delay=&#8220;200&#8243;]Ich m\u00f6chte die kostenlose Demoversion von Heredis 2026 f\u00fcr Mac herunterladen und Informationen \u00fcber die Heredis-Software erhalten! (Ich kann mich jederzeit wieder davon abmelden.) <a href=\"\/de\/kostenlose-demoversion-von-heredis-2026-fuer-windows\/\">Sie m\u00f6chten die Windows-Version?<\/a><br \/>\nHinweis: Wenn Sie die Demoversion mit einer alten Heredis-Datei \u00f6ffnen, wird die alte Datei dupliziert und verbleibt an der urspr\u00fcnglichen Stelle auf Ihrem Computer.[\/vc_column_text]\n<div class=\"wpcf7 no-js\" id=\"wpcf7-f79762-o1\" lang=\"de-DE\" dir=\"ltr\" data-wpcf7-id=\"79762\">\n<div class=\"screen-reader-response\"><p role=\"status\" aria-live=\"polite\" aria-atomic=\"true\"><\/p> <ul><\/ul><\/div>\n<form action=\"\/de\/wp-json\/wp\/v2\/pages\/78636#wpcf7-f79762-o1\" method=\"post\" class=\"wpcf7-form init\" aria-label=\"Kontaktformular\" novalidate=\"novalidate\" data-status=\"init\">\n<fieldset class=\"hidden-fields-container\"><input type=\"hidden\" name=\"_wpcf7\" value=\"79762\" \/><input type=\"hidden\" name=\"_wpcf7_version\" value=\"6.1.5\" \/><input type=\"hidden\" name=\"_wpcf7_locale\" value=\"de_DE\" \/><input type=\"hidden\" name=\"_wpcf7_unit_tag\" value=\"wpcf7-f79762-o1\" \/><input type=\"hidden\" name=\"_wpcf7_container_post\" value=\"0\" \/><input type=\"hidden\" name=\"_wpcf7_posted_data_hash\" value=\"\" \/><input type=\"hidden\" name=\"_wpcf7cf_hidden_group_fields\" value=\"[]\" \/><input type=\"hidden\" name=\"_wpcf7cf_hidden_groups\" value=\"[]\" \/><input type=\"hidden\" name=\"_wpcf7cf_visible_groups\" value=\"[]\" \/><input type=\"hidden\" name=\"_wpcf7cf_repeaters\" value=\"[]\" \/><input type=\"hidden\" name=\"_wpcf7cf_steps\" value=\"{}\" \/><input type=\"hidden\" name=\"_wpcf7cf_options\" value=\"{&quot;form_id&quot;:79762,&quot;conditions&quot;:[],&quot;settings&quot;:{&quot;animation&quot;:&quot;yes&quot;,&quot;animation_intime&quot;:200,&quot;animation_outtime&quot;:200,&quot;conditions_ui&quot;:&quot;normal&quot;,&quot;notice_dismissed&quot;:false,&quot;notice_dismissed_rollback-cf7-5.9.5&quot;:true,&quot;notice_dismissed_rollback-cf7-5.9.6&quot;:true,&quot;notice_dismissed_update-cf7-6.0&quot;:true,&quot;notice_dismissed_update-cf7-6.0.1&quot;:true,&quot;notice_dismissed_update-cf7-6.0.3&quot;:true,&quot;notice_dismissed_rollback-cf7-6.0.5&quot;:true,&quot;notice_dismissed_rollback-cf7-6.0.6&quot;:true}}\" \/><input type=\"hidden\" name=\"_wpcf7_recaptcha_response\" value=\"\" \/>\n<\/fieldset>\n<p><span class=\"wpcf7-form-control-wrap\" data-name=\"text-810\"><input size=\"40\" maxlength=\"400\" class=\"wpcf7-form-control wpcf7-text wpcf7-validates-as-required\" aria-required=\"true\" aria-invalid=\"false\" placeholder=\"Ihr Name\" value=\"\" type=\"text\" name=\"text-810\" \/><\/span><br \/>\n<span class=\"wpcf7-form-control-wrap\" data-name=\"text-811\"><input size=\"40\" maxlength=\"400\" class=\"wpcf7-form-control wpcf7-text wpcf7-validates-as-required\" aria-required=\"true\" aria-invalid=\"false\" placeholder=\"Ihr Vorname\" value=\"\" type=\"text\" name=\"text-811\" \/><\/span><br \/>\n<span class=\"wpcf7-form-control-wrap\" data-name=\"email-879\"><input size=\"40\" maxlength=\"400\" class=\"wpcf7-form-control wpcf7-email wpcf7-validates-as-required wpcf7-text wpcf7-validates-as-email\" aria-required=\"true\" aria-invalid=\"false\" placeholder=\"Ihre E-Mail-Adresse\" value=\"\" type=\"email\" name=\"email-879\" \/><\/span><br \/>\n<span class=\"wpcf7-form-control-wrap\" data-name=\"checkbox-614\"><span class=\"wpcf7-form-control wpcf7-checkbox wpcf7-validates-as-required\"><span class=\"wpcf7-list-item first last\"><input type=\"checkbox\" name=\"checkbox-614[]\" value=\"Ich habe die unten angef\u00fchrten Informationen zur Demoversion von Heredis zur Kenntnis genommen.\" \/><span class=\"wpcf7-list-item-label\">Ich habe die unten angef\u00fchrten Informationen zur Demoversion von Heredis zur Kenntnis genommen.<\/span><\/span><\/span><\/span><br \/>\n<input class=\"wpcf7-form-control wpcf7-submit has-spinner\" type=\"submit\" value=\"Kostenlos herunterladen\" \/>\n<\/p><div class=\"wpcf7-response-output\" aria-hidden=\"true\"><\/div>\n<\/form>\n<\/div>\n[\/vc_column][vc_column width=&#8220;1\/2&#8243;]<div class=\"eut-element eut-image coin eut-align-center\" style=\"\"><div class=\"eut-media\">\t<a class=\"eut-vimeo-popup eut-icon-video\" href=\"https:\/\/www.youtube.com\/watch?v=P1V3126ECaY\"><img loading=\"lazy\" decoding=\"async\" width=\"1000\" height=\"707\" src=\"https:\/\/i0.wp.com\/home.heredis.com\/wp-content\/uploads\/2025\/08\/big-video26.jpg?fit=1000%2C707&amp;ssl=1\" class=\"attachment-full size-full\" alt=\"\" srcset=\"https:\/\/i0.wp.com\/home.heredis.com\/wp-content\/uploads\/2025\/08\/big-video26.jpg?w=1000&amp;ssl=1 1000w, https:\/\/i0.wp.com\/home.heredis.com\/wp-content\/uploads\/2025\/08\/big-video26.jpg?resize=300%2C212&amp;ssl=1 300w, https:\/\/i0.wp.com\/home.heredis.com\/wp-content\/uploads\/2025\/08\/big-video26.jpg?resize=768%2C543&amp;ssl=1 768w\" sizes=\"auto, (max-width: 1000px) 100vw, 1000px\" \/>\t<\/a><\/div><\/div>[\/vc_column][\/vc_row][vc_row][vc_column][vc_column_text css=&#8220;&#8220; animation_delay=&#8220;200&#8243;]DSGVO (Datenschutz-Grundverordnung)<br \/>\nIn \u00dcbereinstimmung mit den geltenden nationalen und europ\u00e4ischen Vorschriften haben Sie das Recht auf: dauerhaften Zugriff, \u00c4nderung, Berichtigung, Widerspruch, \u00dcbertragbarkeit oder L\u00f6schen dieser Daten und Einschr\u00e4nkung ihrer Verarbeitung. Dieses Recht kann durch ein Schreiben an Heredis an seinen Hauptsitz im Atrium du Mill\u00e9naire &#8211; 78 all\u00e9e John Napier &#8211; CS 49458 &#8211; 34961 MONTPELLIER CEDEX 2 &#8211; Frankreich oder durch Senden einer E-Mail an folgende Adresse: meinedaten@heredis.com, wahrgenommen werden.<\/p>\n<p>Mit dem Ankreuzen des obigen K\u00e4stchens erkl\u00e4ren Sie sich damit einverstanden, dass Heredis die von Ihnen in diesem Formular angegebenen personenbezogenen Daten in \u00dcbereinstimmung mit unserer Datenschutzerkl\u00e4rung sammelt und zum Zweck der Zusendung des Heredis-Newsletters und personalisierter Angebote verwendet. Sie k\u00f6nnen sich jederzeit wieder von diesem Service \u00fcber das Kontaktformular oder den Link am Ende jeder unserer E-Mails abmelden. Lesen Sie dazu<a href=\"\/de\/richtlinien\/#1460126489162-98552b59-c979\"> unsere Datenschutzerkl\u00e4rung<\/a>.[\/vc_column_text][\/vc_column][\/vc_row][vc_row][vc_column][vc_tta_accordion][vc_tta_section i_icon_fontawesome=&#8220;fa fa-solid fa-gears&#8220; add_icon=&#8220;true&#8220; title=&#8220;Installation&#8220; tab_id=&#8220;1472129332012-7a44f279-2cf7&#8243;][vc_column_text css=&#8220;&#8220; animation_delay=&#8220;200&#8243;]Klicken Sie nach Absenden des Formulars auf den Download-Link. Wenn der Download von InstallHeredis2026.dmg abgeschlossen ist, wird das Installationsprogramm automatisch ge\u00f6ffnet. Wenn nicht, doppelklicken Sie auf die heruntergeladene Datei.<\/p>\n<p>Im Installationsfenster:<\/p>\n<p>1. Ziehen Sie Heredis 2026 in den Ordner &#8222;Programme&#8220;.<\/p>\n<p>2. \u00d6ffnen Sie den Programmordner auf Ihrem Mac, starten Sie Heredis und klicken Sie auf Testen, um sich mit den Funktionen der Software vertraut zu machen. Ziehen Sie das Symbol des Programms auf das Dock, um den Zugriff auf Heredis 2026 zu vereinfachen.[\/vc_column_text][\/vc_tta_section][vc_tta_section i_icon_fontawesome=&#8220;fa fa-solid fa-wrench&#8220; add_icon=&#8220;true&#8220; title=&#8220;Anforderungen&#8220; tab_id=&#8220;1472129332052-cb49ca7b-e2ac&#8220;][vc_column_text css=&#8220;&#8220; animation_delay=&#8220;200&#8243;]\n<ul>\n<li>macOS: Ventura (13), Sonoma (14), Sequoia (15) und Tahoe (26) (die aktuellen, vom Betriebssystem-Hersteller unterst\u00fctzten Versionen)<\/li>\n<li>900 MB freier Speicherplatz erforderlich<\/li>\n<li>4 GB RAM<\/li>\n<li>Nur 64 Bit<\/li>\n<li>Bildschirmaufl\u00f6sung: mind. 1366\u00d7768<\/li>\n<li>Internetverbindung f\u00fcr Lizenzaktivierung, Online-Recherche, Ver\u00f6ffentlichungen auf Heredis Online, integrierte Karten und das Dashboard<\/li>\n<\/ul>\n<ul>\n<li>Sprachen: Deutsch, Englisch und Spanisch<\/li>\n<\/ul>\n<h5><strong>Empfohlene Voraussetzungen<\/strong><\/h5>\n<ul>\n<li>8 GB RAM<\/li>\n<li>SSD-Festplatte<\/li>\n<li>F\u00fcr Textverarbeitung und Tabellenkalkulation: Microsoft 365 (kompatibel mit mind. Windows 10) oder LibreOffice (aktuelle Version)<\/li>\n<\/ul>\n[\/vc_column_text][\/vc_tta_section][vc_tta_section i_icon_fontawesome=&#8220;fa fa-solid fa-check&#8220; add_icon=&#8220;true&#8220; title=&#8220;G\u00fcltigkeit&#8220; tab_id=&#8220;1472129478315-4bfd7f62-b28e&#8220;][vc_column_text]Diese Demoversion von Heredis f\u00fcr Mac ist kostenlos und funktioniert zeitlich unbegrenzt![\/vc_column_text][\/vc_tta_section][vc_tta_section i_icon_fontawesome=&#8220;fa fa-regular fa-floppy-disk&#8220; add_icon=&#8220;true&#8220; title=&#8220;Demomodus&#8220; tab_id=&#8220;1472129509531-394d262f-b78e&#8220;][vc_column_text css=&#8220;&#8220; animation_delay=&#8220;200&#8243;]<strong>Legen Sie bis zu 50 Personen an.<br \/>\n<\/strong>Mit der kostenlosen Demoversion k\u00f6nnen Sie beliebig viele genealogische Dateien erstellen, sofern diese nicht mehr als 50 Personen umfassen.<\/p>\n<p><strong>Importieren Sie GEDCOM- oder Heredis-Dateien jeder Gr\u00f6\u00dfe<br \/>\n<\/strong>Sie k\u00f6nnen GEDCOM- oder Heredis-Dateien jeder beliebigen Gr\u00f6\u00dfe importieren und dann die verschiedenen Funktionen und Pr\u00e4sentationsm\u00f6glichkeiten ausprobieren.<br \/>\nWenn die ge\u00f6ffnete Datei mehr als 50 Personen enth\u00e4lt, sind die Funktionen zum Drucken und Bearbeiten nicht verf\u00fcgbar. Sie k\u00f6nnen Ihre Genealogie jedoch unabh\u00e4ngig von ihrem Umfang auf Heredis Online ver\u00f6ffentlichen.<br \/>\nWenn Sie mit Dateien, die mehr als 50 Personen enthalten, arbeiten m\u00f6chten, ist der Erwerb der vollst\u00e4ndigen Version von Heredis f\u00fcr Mac notwendig.<\/p>\n<p><strong>Beispiel-Datei<\/strong><br \/>\nLaden Sie sich die mit der Demoversion bereitgestellte Beispiel-Datei herunter. Diese Datei enth\u00e4lt alle Datentypen, die Sie mit Heredis verwalten k\u00f6nnen: Ereignisse, Medien, Quellen, Notizen usw. Damit k\u00f6nnen Sie alle Funktionen der Software testen.<br \/>\n<a href=\"https:\/\/telechargement1.heredis.com\/download\/Beispiel-Datei-2026.zip\">Klicken Sie hier, um die Beispiel-Datei herunterzuladen.<\/a><\/p>\n<p>Sobald Sie die Vollversion von Heredis f\u00fcr Mac erworben haben, k\u00f6nnen Sie mit Ihrer Arbeit fortfahren.[\/vc_column_text][\/vc_tta_section][vc_tta_section i_icon_fontawesome=&#8220;fa fa-solid fa-key&#8220; add_icon=&#8220;true&#8220; title=&#8220;Datenschutz&#8220; tab_id=&#8220;1472129582154-a7b07351-82cf&#8220;][vc_column_text css=&#8220;&#8220; animation_delay=&#8220;200&#8243;]Mit dem Ausf\u00fcllen des obigen Formulars geben Sie Ihr Einverst\u00e4ndnis, dass Heredis per E-Mail mit Ihnen Kontakt aufnehmen kann. Gem\u00e4\u00df unserer Datenschutzerkl\u00e4rung haben Sie das Recht auf Zugang, \u00c4nderung, Berichtigung und L\u00f6schung der Sie betreffenden Daten. Unsere Datenschutzerkl\u00e4rung finden Sie <a href=\"\/de\/richtlinien\/#1460126489162-98552b59-c979\">hier<\/a>.[\/vc_column_text][\/vc_tta_section][vc_tta_section i_icon_fontawesome=&#8220;fa fa-solid fa-comment&#8220; add_icon=&#8220;true&#8220; title=&#8220;Verbesserungsvorschl\u00e4ge&#8220; tab_id=&#8220;1472129621377-40ac7faa-c34e&#8220;][vc_column_text css=&#8220;&#8220; animation_delay=&#8220;200&#8243;]Heredis hat es sich zum Ziel gesetzt, die bestm\u00f6gliche Software f\u00fcr Ihre Familienforschung bereitzustellen. Daher freuen wir uns \u00fcber Vorschl\u00e4ge und Kommentare, die zur Verbesserung der Software beitragen k\u00f6nnen. Wir legen gro\u00dfen Wert auf Ihre Anregungen, denn sie erm\u00f6glichen es uns, die Software an die konkreten Bed\u00fcrfnisse unserer Nutzer anzupassen.<\/p>\n<p>Wenn Sie uns Feedback zu den vorgeschlagenen Funktionen zukommen lassen m\u00f6chten, kontaktieren Sie uns bitte \u00fcber das <a href=\"\/de\/kontaktieren-sie-unseren-kundendienst\/\">hier verf\u00fcgbare Formular<\/a>.[\/vc_column_text][\/vc_tta_section][\/vc_tta_accordion][\/vc_column][\/vc_row]\n<\/div>","protected":false},"excerpt":{"rendered":"<p>[vc_row][vc_column][\/vc_column][\/vc_row][vc_row][vc_column width=&#8220;1\/2&#8243;][vc_column_text css=&#8220;&#8220; animation_delay=&#8220;200&#8243;]Ich m\u00f6chte die kostenlose Demoversion von Heredis 2026 f\u00fcr Mac herunterladen und Informationen \u00fcber die Heredis-Software erhalten! (Ich kann mich jederzeit wieder davon abmelden.) Sie m\u00f6chten die Windows-Version? Hinweis: Wenn Sie die Demoversion mit einer alten Heredis-Datei \u00f6ffnen, wird die alte Datei dupliziert und verbleibt an der urspr\u00fcnglichen Stelle auf Ihrem Computer.[\/vc_column_text][\/vc_column][vc_column [&hellip;]<\/p>\n","protected":false},"author":2,"featured_media":0,"parent":0,"menu_order":20,"comment_status":"closed","ping_status":"closed","template":"","meta":{"footnotes":""},"class_list":["post-78636","page","type-page","status-publish","hentry"],"yoast_head":"<!-- This site is optimized with the Yoast SEO plugin v27.4 - https:\/\/yoast.com\/product\/yoast-seo-wordpress\/ -->\n<title>Mac-Testversion 26 - Heredis<\/title>\n<meta name=\"robots\" content=\"index, follow, max-snippet:-1, max-image-preview:large, max-video-preview:-1\" \/>\n<link rel=\"canonical\" href=\"https:\/\/home.heredis.com\/de\/kostenlose-demoversion-von-heredis-2026-fuer-mac\/\" \/>\n<meta property=\"og:locale\" content=\"de_DE\" \/>\n<meta property=\"og:type\" content=\"article\" \/>\n<meta property=\"og:title\" content=\"Mac-Testversion 26 - Heredis\" \/>\n<meta property=\"og:description\" content=\"[vc_row][vc_column][\/vc_column][\/vc_row][vc_row][vc_column width=&#8220;1\/2&#8243;][vc_column_text css=&#8220;&#8220; animation_delay=&#8220;200&#8243;]Ich m\u00f6chte die kostenlose Demoversion von Heredis 2026 f\u00fcr Mac herunterladen und Informationen \u00fcber die Heredis-Software erhalten! (Ich kann mich jederzeit wieder davon abmelden.) Sie m\u00f6chten die Windows-Version? Hinweis: Wenn Sie die Demoversion mit einer alten Heredis-Datei \u00f6ffnen, wird die alte Datei dupliziert und verbleibt an der urspr\u00fcnglichen Stelle auf Ihrem Computer.[\/vc_column_text][\/vc_column][vc_column [&hellip;]\" \/>\n<meta property=\"og:url\" content=\"https:\/\/home.heredis.com\/de\/kostenlose-demoversion-von-heredis-2026-fuer-mac\/\" \/>\n<meta property=\"og:site_name\" content=\"Heredis\" \/>\n<meta property=\"article:publisher\" content=\"https:\/\/www.facebook.com\/Heredis--341840326561\/\" \/>\n<meta property=\"article:modified_time\" content=\"2025-09-04T08:07:24+00:00\" \/>\n<meta name=\"twitter:card\" content=\"summary_large_image\" \/>\n<meta name=\"twitter:label1\" content=\"Gesch\u00e4tzte Lesezeit\" \/>\n\t<meta name=\"twitter:data1\" content=\"5\u00a0Minuten\" \/>\n<script type=\"application\/ld+json\" class=\"yoast-schema-graph\">{\"@context\":\"https:\\\/\\\/schema.org\",\"@graph\":[{\"@type\":\"WebPage\",\"@id\":\"https:\\\/\\\/home.heredis.com\\\/de\\\/kostenlose-demoversion-von-heredis-2026-fuer-mac\\\/\",\"url\":\"https:\\\/\\\/home.heredis.com\\\/de\\\/kostenlose-demoversion-von-heredis-2026-fuer-mac\\\/\",\"name\":\"Mac-Testversion 26 - Heredis\",\"isPartOf\":{\"@id\":\"https:\\\/\\\/home.heredis.com\\\/de\\\/#website\"},\"datePublished\":\"2024-08-28T08:42:39+00:00\",\"dateModified\":\"2025-09-04T08:07:24+00:00\",\"breadcrumb\":{\"@id\":\"https:\\\/\\\/home.heredis.com\\\/de\\\/kostenlose-demoversion-von-heredis-2026-fuer-mac\\\/#breadcrumb\"},\"inLanguage\":\"de\",\"potentialAction\":[{\"@type\":\"ReadAction\",\"target\":[\"https:\\\/\\\/home.heredis.com\\\/de\\\/kostenlose-demoversion-von-heredis-2026-fuer-mac\\\/\"]}]},{\"@type\":\"BreadcrumbList\",\"@id\":\"https:\\\/\\\/home.heredis.com\\\/de\\\/kostenlose-demoversion-von-heredis-2026-fuer-mac\\\/#breadcrumb\",\"itemListElement\":[{\"@type\":\"ListItem\",\"position\":1,\"name\":\"Accueil\",\"item\":\"https:\\\/\\\/home.heredis.com\\\/de\\\/\"},{\"@type\":\"ListItem\",\"position\":2,\"name\":\"Mac-Testversion 26\"}]},{\"@type\":\"WebSite\",\"@id\":\"https:\\\/\\\/home.heredis.com\\\/de\\\/#website\",\"url\":\"https:\\\/\\\/home.heredis.com\\\/de\\\/\",\"name\":\"Heredis\",\"description\":\"La g\u00e9n\u00e9alogie change.\",\"publisher\":{\"@id\":\"https:\\\/\\\/home.heredis.com\\\/de\\\/#organization\"},\"potentialAction\":[{\"@type\":\"SearchAction\",\"target\":{\"@type\":\"EntryPoint\",\"urlTemplate\":\"https:\\\/\\\/home.heredis.com\\\/de\\\/?s={search_term_string}\"},\"query-input\":{\"@type\":\"PropertyValueSpecification\",\"valueRequired\":true,\"valueName\":\"search_term_string\"}}],\"inLanguage\":\"de\"},{\"@type\":\"Organization\",\"@id\":\"https:\\\/\\\/home.heredis.com\\\/de\\\/#organization\",\"name\":\"Heredis\",\"url\":\"https:\\\/\\\/home.heredis.com\\\/de\\\/\",\"logo\":{\"@type\":\"ImageObject\",\"inLanguage\":\"de\",\"@id\":\"https:\\\/\\\/home.heredis.com\\\/de\\\/#\\\/schema\\\/logo\\\/image\\\/\",\"url\":\"https:\\\/\\\/i1.wp.com\\\/home.heredis.com\\\/wp-content\\\/uploads\\\/2017\\\/01\\\/logo-H-c.png?fit=800%2C221&ssl=1\",\"contentUrl\":\"https:\\\/\\\/i1.wp.com\\\/home.heredis.com\\\/wp-content\\\/uploads\\\/2017\\\/01\\\/logo-H-c.png?fit=800%2C221&ssl=1\",\"width\":800,\"height\":221,\"caption\":\"Heredis\"},\"image\":{\"@id\":\"https:\\\/\\\/home.heredis.com\\\/de\\\/#\\\/schema\\\/logo\\\/image\\\/\"},\"sameAs\":[\"https:\\\/\\\/www.facebook.com\\\/Heredis--341840326561\\\/\"]}]}<\/script>\n<!-- \/ Yoast SEO plugin. -->","yoast_head_json":{"title":"Mac-Testversion 26 - Heredis","robots":{"index":"index","follow":"follow","max-snippet":"max-snippet:-1","max-image-preview":"max-image-preview:large","max-video-preview":"max-video-preview:-1"},"canonical":"https:\/\/home.heredis.com\/de\/kostenlose-demoversion-von-heredis-2026-fuer-mac\/","og_locale":"de_DE","og_type":"article","og_title":"Mac-Testversion 26 - Heredis","og_description":"[vc_row][vc_column][\/vc_column][\/vc_row][vc_row][vc_column width=&#8220;1\/2&#8243;][vc_column_text css=&#8220;&#8220; animation_delay=&#8220;200&#8243;]Ich m\u00f6chte die kostenlose Demoversion von Heredis 2026 f\u00fcr Mac herunterladen und Informationen \u00fcber die Heredis-Software erhalten! (Ich kann mich jederzeit wieder davon abmelden.) Sie m\u00f6chten die Windows-Version? Hinweis: Wenn Sie die Demoversion mit einer alten Heredis-Datei \u00f6ffnen, wird die alte Datei dupliziert und verbleibt an der urspr\u00fcnglichen Stelle auf Ihrem Computer.[\/vc_column_text][\/vc_column][vc_column [&hellip;]","og_url":"https:\/\/home.heredis.com\/de\/kostenlose-demoversion-von-heredis-2026-fuer-mac\/","og_site_name":"Heredis","article_publisher":"https:\/\/www.facebook.com\/Heredis--341840326561\/","article_modified_time":"2025-09-04T08:07:24+00:00","twitter_card":"summary_large_image","twitter_misc":{"Gesch\u00e4tzte Lesezeit":"5\u00a0Minuten"},"schema":{"@context":"https:\/\/schema.org","@graph":[{"@type":"WebPage","@id":"https:\/\/home.heredis.com\/de\/kostenlose-demoversion-von-heredis-2026-fuer-mac\/","url":"https:\/\/home.heredis.com\/de\/kostenlose-demoversion-von-heredis-2026-fuer-mac\/","name":"Mac-Testversion 26 - Heredis","isPartOf":{"@id":"https:\/\/home.heredis.com\/de\/#website"},"datePublished":"2024-08-28T08:42:39+00:00","dateModified":"2025-09-04T08:07:24+00:00","breadcrumb":{"@id":"https:\/\/home.heredis.com\/de\/kostenlose-demoversion-von-heredis-2026-fuer-mac\/#breadcrumb"},"inLanguage":"de","potentialAction":[{"@type":"ReadAction","target":["https:\/\/home.heredis.com\/de\/kostenlose-demoversion-von-heredis-2026-fuer-mac\/"]}]},{"@type":"BreadcrumbList","@id":"https:\/\/home.heredis.com\/de\/kostenlose-demoversion-von-heredis-2026-fuer-mac\/#breadcrumb","itemListElement":[{"@type":"ListItem","position":1,"name":"Accueil","item":"https:\/\/home.heredis.com\/de\/"},{"@type":"ListItem","position":2,"name":"Mac-Testversion 26"}]},{"@type":"WebSite","@id":"https:\/\/home.heredis.com\/de\/#website","url":"https:\/\/home.heredis.com\/de\/","name":"Heredis","description":"La g\u00e9n\u00e9alogie change.","publisher":{"@id":"https:\/\/home.heredis.com\/de\/#organization"},"potentialAction":[{"@type":"SearchAction","target":{"@type":"EntryPoint","urlTemplate":"https:\/\/home.heredis.com\/de\/?s={search_term_string}"},"query-input":{"@type":"PropertyValueSpecification","valueRequired":true,"valueName":"search_term_string"}}],"inLanguage":"de"},{"@type":"Organization","@id":"https:\/\/home.heredis.com\/de\/#organization","name":"Heredis","url":"https:\/\/home.heredis.com\/de\/","logo":{"@type":"ImageObject","inLanguage":"de","@id":"https:\/\/home.heredis.com\/de\/#\/schema\/logo\/image\/","url":"https:\/\/i1.wp.com\/home.heredis.com\/wp-content\/uploads\/2017\/01\/logo-H-c.png?fit=800%2C221&ssl=1","contentUrl":"https:\/\/i1.wp.com\/home.heredis.com\/wp-content\/uploads\/2017\/01\/logo-H-c.png?fit=800%2C221&ssl=1","width":800,"height":221,"caption":"Heredis"},"image":{"@id":"https:\/\/home.heredis.com\/de\/#\/schema\/logo\/image\/"},"sameAs":["https:\/\/www.facebook.com\/Heredis--341840326561\/"]}]}},"jetpack_sharing_enabled":true,"_links":{"self":[{"href":"https:\/\/home.heredis.com\/de\/wp-json\/wp\/v2\/pages\/78636","targetHints":{"allow":["GET"]}}],"collection":[{"href":"https:\/\/home.heredis.com\/de\/wp-json\/wp\/v2\/pages"}],"about":[{"href":"https:\/\/home.heredis.com\/de\/wp-json\/wp\/v2\/types\/page"}],"author":[{"embeddable":true,"href":"https:\/\/home.heredis.com\/de\/wp-json\/wp\/v2\/users\/2"}],"replies":[{"embeddable":true,"href":"https:\/\/home.heredis.com\/de\/wp-json\/wp\/v2\/comments?post=78636"}],"version-history":[{"count":15,"href":"https:\/\/home.heredis.com\/de\/wp-json\/wp\/v2\/pages\/78636\/revisions"}],"predecessor-version":[{"id":80113,"href":"https:\/\/home.heredis.com\/de\/wp-json\/wp\/v2\/pages\/78636\/revisions\/80113"}],"wp:attachment":[{"href":"https:\/\/home.heredis.com\/de\/wp-json\/wp\/v2\/media?parent=78636"}],"curies":[{"name":"wp","href":"https:\/\/api.w.org\/{rel}","templated":true}]}}