{"id":82369,"date":"2021-03-03T15:10:27","date_gmt":"2021-03-03T14:10:27","guid":{"rendered":"https:\/\/home.heredis.com\/blog-de-genealogie-heredis\/"},"modified":"2026-03-24T14:26:46","modified_gmt":"2026-03-24T13:26:46","slug":"blog","status":"publish","type":"page","link":"https:\/\/home.heredis.com\/de\/blog\/","title":{"rendered":"Blog"},"content":{"rendered":"<div class=\"wpb-content-wrapper\">[vc_row][vc_column]\t\t<div class=\"eut-element eut-blog eut-small-media eut-non-isotope eut-without-shadow\" style=\"\" >\r\n\t\t\t<div class=\"eut-standard-container\">\r\n\t\t\t<article id=\"post-82774\" class=\"eut-blog-item eut-small-post eut-non-isotope-item post-82774 post type-post status-publish format-standard has-post-thumbnail hentry category-blog\" itemscope itemType=\"http:\/\/schema.org\/BlogPosting\">\r\n\t\t\t\t\t\t\t\t\t\t\t<div class=\"eut-media eut-image-hover\">\r\n\t\t\t<a href=\"https:\/\/home.heredis.com\/de\/blog\/nsdap-mitgliederkartei-heredis\/\"><img loading=\"lazy\" decoding=\"async\" width=\"800\" height=\"450\" src=\"https:\/\/i0.wp.com\/home.heredis.com\/wp-content\/uploads\/2026\/04\/NSDAP-Mitgliederkartei-Heredis-Online-Archive.png?resize=800%2C450&amp;ssl=1\" class=\"attachment-eut-image-small-rect-horizontal-wide size-eut-image-small-rect-horizontal-wide wp-post-image\" alt=\"\" srcset=\"https:\/\/i0.wp.com\/home.heredis.com\/wp-content\/uploads\/2026\/04\/NSDAP-Mitgliederkartei-Heredis-Online-Archive.png?resize=1170%2C658&amp;ssl=1 1170w, https:\/\/i0.wp.com\/home.heredis.com\/wp-content\/uploads\/2026\/04\/NSDAP-Mitgliederkartei-Heredis-Online-Archive.png?resize=800%2C450&amp;ssl=1 800w, https:\/\/i0.wp.com\/home.heredis.com\/wp-content\/uploads\/2026\/04\/NSDAP-Mitgliederkartei-Heredis-Online-Archive.png?zoom=2&amp;resize=800%2C450&amp;ssl=1 1600w\" sizes=\"auto, (max-width: 800px) 100vw, 800px\" \/><\/a>\r\n\t\t<\/div>\r\n\r\n\t\t\t\t\t\t\t\t\t\t\t<div class=\"eut-post-content\">\r\n\t\t\t\t\t\t\t<a href=\"https:\/\/home.heredis.com\/de\/blog\/nsdap-mitgliederkartei-heredis\/\" rel=\"bookmark\"><h5 class=\"eut-post-title\" itemprop=\"headline\"><span>NSDAP-Mitgliederkartei \u00fcber Heredis erreichbar<\/span><\/h5><\/a>\t\t\t\t\t\t\t\t\t<span class=\"eut-hidden\">\r\n\t\t\t<span class=\"eut-structured-data entry-title\">NSDAP-Mitgliederkartei \u00fcber Heredis erreichbar<\/span>\r\n\t\t\t<span class=\"eut-structured-data\" itemprop=\"image\" itemscope itemtype=\"http:\/\/schema.org\/ImageObject\">\r\n\t\t\t   <span itemprop='url' >https:\/\/i0.wp.com\/home.heredis.com\/wp-content\/uploads\/2026\/04\/NSDAP-Mitgliederkartei-Heredis-Online-Archive.png?fit=1918%2C1030&#038;ssl=1<\/span>\r\n\t\t\t   <span itemprop='height' >1918<\/span>\r\n\t\t\t   <span itemprop='width' >1030<\/span>\r\n\t\t\t<\/span>\r\n\t\t\t\t\t\t<span class=\"eut-structured-data vcard author\" itemprop=\"author\" itemscope itemtype=\"http:\/\/schema.org\/Person\">\r\n\t\t\t\t<span itemprop=\"name\" class=\"fn\">Annegret Grafe<\/span>\r\n\t\t\t<\/span>\r\n\t\t\t<span class=\"eut-structured-data\" itemprop=\"publisher\" itemscope itemtype=\"http:\/\/schema.org\/Organization\">\r\n\t\t\t\t<span itemprop='name'>Annegret Grafe<\/span>\r\n\t\t\t\t<span itemprop='logo' itemscope itemtype='http:\/\/schema.org\/ImageObject'>\r\n\t\t\t\t\t<span itemprop='url'>https:\/\/secure.gravatar.com\/avatar\/297d814c85c82ef358e7317bd0d9861e55d83a515fd489e73a2505e312436ae8?s=96&#038;d=mm&#038;r=g<\/span>\r\n\t\t\t\t<\/span>\r\n\t\t\t<\/span>\r\n\t\t\t\t\t\t<time class=\"eut-structured-data date published\" itemprop=\"datePublished\" datetime=\"2026-04-24T16:53:55+01:00\">24. April 2026<\/time>\r\n\t\t\t<time class=\"eut-structured-data date updated\" itemprop=\"dateModified\"  datetime=\"2026-04-30T15:48:13+01:00\">30. April 2026<\/time>\r\n\t\t\t<span class=\"eut-structured-data\" itemprop=\"mainEntityOfPage\" itemscope itemtype=\"http:\/\/schema.org\/WebPage\" itemid=\"https:\/\/home.heredis.com\/de\/blog\/nsdap-mitgliederkartei-heredis\/\"><\/span>\r\n\t\t<\/span>\r\n\t\t\t\t\t\t\t\t<div class=\"eut-small-text eut-post-meta\">\r\n\t\t\t\t\t\t\t\t\t\t<div class=\"eut-post-author\">\r\n\t\t\t<span>Von: <\/span><span><a href=\"https:\/\/home.heredis.com\/de\/author\/annegret\/\" title=\"Beitr\u00e4ge von Annegret Grafe\" rel=\"author\">Annegret Grafe<\/a><\/span>\r\n\t\t<\/div>\r\n\t\t\t\t\t\t\t\t\t<time class=\"eut-post-date\" datetime=\"2026-04-24T16:53:55+01:00\">\r\n\t\t24. April 2026\t<\/time>\r\n\t\t\t\t\t\t\t\t\t\t\t\t\t\t\t<\/div>\r\n\t\t\t\t\t\t\t<div itemprop=\"articleBody\"><p>[vc_row][vc_column][vc_column_text css=&#8220;&#8220; animation_delay=&#8220;200&#8243;] NSDAP-Mitgliederkartei \u00fcber Heredis erreichbar In den letzten Wochen ist ein familiengeschichtliches Thema in den medialen Fokus ger\u00fcckt: Die NSDAP-Mitgliederkartei. Diese wurde vollst\u00e4ndig vom US-Nationalarchiv online zur Verf\u00fcgung gestellt und ist dabei auf so viel Interesse gesto\u00dfen, dass der Zugang zeitweise blockiert war. Als wichtige Quelle zur Ahnenforschung finden Sie den Link zu&hellip;<\/p><a class=\"eut-read-more\" href=\"https:\/\/home.heredis.com\/de\/blog\/nsdap-mitgliederkartei-heredis\/\"><span>weiterlesen<\/span><\/a><\/div>\t\t\t\t\t\t<\/div>\r\n\t\t\t\t\t\r\n\t\t\t\t\t\t\t<\/article>\r\n\r\n\t\t\t<article id=\"post-82723\" class=\"eut-blog-item eut-small-post eut-non-isotope-item post-82723 post type-post status-publish format-standard has-post-thumbnail hentry category-blog\" itemscope itemType=\"http:\/\/schema.org\/BlogPosting\">\r\n\t\t\t\t\t\t\t\t\t\t\t<div class=\"eut-media eut-image-hover\">\r\n\t\t\t<a href=\"https:\/\/home.heredis.com\/de\/blog\/computer-genealogie-ahnenforschung-software\/\"><img loading=\"lazy\" decoding=\"async\" width=\"800\" height=\"450\" src=\"https:\/\/i0.wp.com\/home.heredis.com\/wp-content\/uploads\/2025\/08\/frise-ordis.jpg?resize=800%2C450&amp;ssl=1\" class=\"attachment-eut-image-small-rect-horizontal-wide size-eut-image-small-rect-horizontal-wide wp-post-image\" alt=\"\" \/><\/a>\r\n\t\t<\/div>\r\n\r\n\t\t\t\t\t\t\t\t\t\t\t<div class=\"eut-post-content\">\r\n\t\t\t\t\t\t\t<a href=\"https:\/\/home.heredis.com\/de\/blog\/computer-genealogie-ahnenforschung-software\/\" rel=\"bookmark\"><h5 class=\"eut-post-title\" itemprop=\"headline\"><span>Computer Genealogie: Ahnenforschung dank Software<\/span><\/h5><\/a>\t\t\t\t\t\t\t\t\t<span class=\"eut-hidden\">\r\n\t\t\t<span class=\"eut-structured-data entry-title\">Computer Genealogie: Ahnenforschung dank Software<\/span>\r\n\t\t\t<span class=\"eut-structured-data\" itemprop=\"image\" itemscope itemtype=\"http:\/\/schema.org\/ImageObject\">\r\n\t\t\t   <span itemprop='url' >https:\/\/i0.wp.com\/home.heredis.com\/wp-content\/uploads\/2025\/08\/frise-ordis.jpg?fit=1000%2C528&#038;ssl=1<\/span>\r\n\t\t\t   <span itemprop='height' >1000<\/span>\r\n\t\t\t   <span itemprop='width' >528<\/span>\r\n\t\t\t<\/span>\r\n\t\t\t\t\t\t<span class=\"eut-structured-data vcard author\" itemprop=\"author\" itemscope itemtype=\"http:\/\/schema.org\/Person\">\r\n\t\t\t\t<span itemprop=\"name\" class=\"fn\">Annegret Grafe<\/span>\r\n\t\t\t<\/span>\r\n\t\t\t<span class=\"eut-structured-data\" itemprop=\"publisher\" itemscope itemtype=\"http:\/\/schema.org\/Organization\">\r\n\t\t\t\t<span itemprop='name'>Annegret Grafe<\/span>\r\n\t\t\t\t<span itemprop='logo' itemscope itemtype='http:\/\/schema.org\/ImageObject'>\r\n\t\t\t\t\t<span itemprop='url'>https:\/\/secure.gravatar.com\/avatar\/297d814c85c82ef358e7317bd0d9861e55d83a515fd489e73a2505e312436ae8?s=96&#038;d=mm&#038;r=g<\/span>\r\n\t\t\t\t<\/span>\r\n\t\t\t<\/span>\r\n\t\t\t\t\t\t<time class=\"eut-structured-data date published\" itemprop=\"datePublished\" datetime=\"2026-04-10T15:58:19+01:00\">10. April 2026<\/time>\r\n\t\t\t<time class=\"eut-structured-data date updated\" itemprop=\"dateModified\"  datetime=\"2026-04-10T16:08:23+01:00\">10. April 2026<\/time>\r\n\t\t\t<span class=\"eut-structured-data\" itemprop=\"mainEntityOfPage\" itemscope itemtype=\"http:\/\/schema.org\/WebPage\" itemid=\"https:\/\/home.heredis.com\/de\/blog\/computer-genealogie-ahnenforschung-software\/\"><\/span>\r\n\t\t<\/span>\r\n\t\t\t\t\t\t\t\t<div class=\"eut-small-text eut-post-meta\">\r\n\t\t\t\t\t\t\t\t\t\t<div class=\"eut-post-author\">\r\n\t\t\t<span>Von: <\/span><span><a href=\"https:\/\/home.heredis.com\/de\/author\/annegret\/\" title=\"Beitr\u00e4ge von Annegret Grafe\" rel=\"author\">Annegret Grafe<\/a><\/span>\r\n\t\t<\/div>\r\n\t\t\t\t\t\t\t\t\t<time class=\"eut-post-date\" datetime=\"2026-04-10T15:58:19+01:00\">\r\n\t\t10. April 2026\t<\/time>\r\n\t\t\t\t\t\t\t\t\t\t\t\t\t\t\t<\/div>\r\n\t\t\t\t\t\t\t<div itemprop=\"articleBody\"><p>[vc_row][vc_column][vc_column_text css=&#8220;&#8220; animation_delay=&#8220;200&#8243;] Computer Genealogie: Wie moderne Software die Ahnenforschung revolutioniert Ahnenforschung hat in den letzten Jahren enorm an Popularit\u00e4t gewonnen. Immer mehr Menschen m\u00f6chten wissen, woher sie kommen, wie ihre Vorfahren lebten und welche Geschichten sich in ihrer Familie verbergen. Dabei spielt die Computer Genealogie eine immer gr\u00f6\u00dfere Rolle: Digitale Werkzeuge, leistungsf\u00e4hige Programme und&hellip;<\/p><a class=\"eut-read-more\" href=\"https:\/\/home.heredis.com\/de\/blog\/computer-genealogie-ahnenforschung-software\/\"><span>weiterlesen<\/span><\/a><\/div>\t\t\t\t\t\t<\/div>\r\n\t\t\t\t\t\r\n\t\t\t\t\t\t\t<\/article>\r\n\r\n\t\t\t<article id=\"post-82689\" class=\"eut-blog-item eut-small-post eut-non-isotope-item post-82689 post type-post status-publish format-standard has-post-thumbnail hentry category-blog\" itemscope itemType=\"http:\/\/schema.org\/BlogPosting\">\r\n\t\t\t\t\t\t\t\t\t\t\t<div class=\"eut-media eut-image-hover\">\r\n\t\t\t<a href=\"https:\/\/home.heredis.com\/de\/blog\/ahnenforschung-leicht-gemacht\/\"><img loading=\"lazy\" decoding=\"async\" width=\"800\" height=\"450\" src=\"https:\/\/i0.wp.com\/home.heredis.com\/wp-content\/uploads\/2025\/08\/boussole.jpg?resize=800%2C450&amp;ssl=1\" class=\"attachment-eut-image-small-rect-horizontal-wide size-eut-image-small-rect-horizontal-wide wp-post-image\" alt=\"\" \/><\/a>\r\n\t\t<\/div>\r\n\r\n\t\t\t\t\t\t\t\t\t\t\t<div class=\"eut-post-content\">\r\n\t\t\t\t\t\t\t<a href=\"https:\/\/home.heredis.com\/de\/blog\/ahnenforschung-leicht-gemacht\/\" rel=\"bookmark\"><h5 class=\"eut-post-title\" itemprop=\"headline\"><span>Ahnenforschung leicht gemacht<\/span><\/h5><\/a>\t\t\t\t\t\t\t\t\t<span class=\"eut-hidden\">\r\n\t\t\t<span class=\"eut-structured-data entry-title\">Ahnenforschung leicht gemacht<\/span>\r\n\t\t\t<span class=\"eut-structured-data\" itemprop=\"image\" itemscope itemtype=\"http:\/\/schema.org\/ImageObject\">\r\n\t\t\t   <span itemprop='url' >https:\/\/i0.wp.com\/home.heredis.com\/wp-content\/uploads\/2025\/08\/boussole.jpg?fit=1000%2C515&#038;ssl=1<\/span>\r\n\t\t\t   <span itemprop='height' >1000<\/span>\r\n\t\t\t   <span itemprop='width' >515<\/span>\r\n\t\t\t<\/span>\r\n\t\t\t\t\t\t<span class=\"eut-structured-data vcard author\" itemprop=\"author\" itemscope itemtype=\"http:\/\/schema.org\/Person\">\r\n\t\t\t\t<span itemprop=\"name\" class=\"fn\">Annegret Grafe<\/span>\r\n\t\t\t<\/span>\r\n\t\t\t<span class=\"eut-structured-data\" itemprop=\"publisher\" itemscope itemtype=\"http:\/\/schema.org\/Organization\">\r\n\t\t\t\t<span itemprop='name'>Annegret Grafe<\/span>\r\n\t\t\t\t<span itemprop='logo' itemscope itemtype='http:\/\/schema.org\/ImageObject'>\r\n\t\t\t\t\t<span itemprop='url'>https:\/\/secure.gravatar.com\/avatar\/297d814c85c82ef358e7317bd0d9861e55d83a515fd489e73a2505e312436ae8?s=96&#038;d=mm&#038;r=g<\/span>\r\n\t\t\t\t<\/span>\r\n\t\t\t<\/span>\r\n\t\t\t\t\t\t<time class=\"eut-structured-data date published\" itemprop=\"datePublished\" datetime=\"2026-03-24T14:23:36+01:00\">24. M\u00e4rz 2026<\/time>\r\n\t\t\t<time class=\"eut-structured-data date updated\" itemprop=\"dateModified\"  datetime=\"2026-04-24T16:55:31+01:00\">24. April 2026<\/time>\r\n\t\t\t<span class=\"eut-structured-data\" itemprop=\"mainEntityOfPage\" itemscope itemtype=\"http:\/\/schema.org\/WebPage\" itemid=\"https:\/\/home.heredis.com\/de\/blog\/ahnenforschung-leicht-gemacht\/\"><\/span>\r\n\t\t<\/span>\r\n\t\t\t\t\t\t\t\t<div class=\"eut-small-text eut-post-meta\">\r\n\t\t\t\t\t\t\t\t\t\t<div class=\"eut-post-author\">\r\n\t\t\t<span>Von: <\/span><span><a href=\"https:\/\/home.heredis.com\/de\/author\/annegret\/\" title=\"Beitr\u00e4ge von Annegret Grafe\" rel=\"author\">Annegret Grafe<\/a><\/span>\r\n\t\t<\/div>\r\n\t\t\t\t\t\t\t\t\t<time class=\"eut-post-date\" datetime=\"2026-03-24T14:23:36+01:00\">\r\n\t\t24. M\u00e4rz 2026\t<\/time>\r\n\t\t\t\t\t\t\t\t\t\t\t\t\t\t\t<\/div>\r\n\t\t\t\t\t\t\t<div itemprop=\"articleBody\"><p>[vc_row section_id=&#8220;row1&#8243;][vc_column][vc_column_text css=&#8220;&#8220; animation_delay=&#8220;200&#8243;] Ahnenforschung leicht gemacht: Schritt f\u00fcr Schritt zum eigenen Stammbaum Ahnenforschung leicht gemacht ist heute dank moderner digitaler Werkzeuge und dem Zugang zu weltweiten Archiven kein Privileg ausgebildeter Historiker mehr, sondern ein faszinierendes Abenteuer f\u00fcr jedermann. Viele Menschen versp\u00fcren den Wunsch, mehr \u00fcber ihre Herkunft zu erfahren, doch oft fehlt zu Beginn&hellip;<\/p><a class=\"eut-read-more\" href=\"https:\/\/home.heredis.com\/de\/blog\/ahnenforschung-leicht-gemacht\/\"><span>weiterlesen<\/span><\/a><\/div>\t\t\t\t\t\t<\/div>\r\n\t\t\t\t\t\r\n\t\t\t\t\t\t\t<\/article>\r\n\r\n\t\t\t<\/div>\r\n\t\t<\/div>\r\n[\/vc_column][\/vc_row]\n<\/div>","protected":false},"excerpt":{"rendered":"<p>[vc_row][vc_column][\/vc_column][\/vc_row]<\/p>\n","protected":false},"author":2,"featured_media":0,"parent":0,"menu_order":48,"comment_status":"closed","ping_status":"closed","template":"","meta":{"footnotes":""},"class_list":["post-82369","page","type-page","status-publish","hentry"],"yoast_head":"<!-- This site is optimized with the Yoast SEO plugin v27.5 - https:\/\/yoast.com\/product\/yoast-seo-wordpress\/ -->\n<title>Blog zur Ahnenforschung - Heredis<\/title>\n<meta name=\"description\" content=\"Erhalten Sie spannende Informationen zu Ihrer Ahnenforschung mit der Genealogie-Software Heredis!\" \/>\n<meta name=\"robots\" content=\"index, follow, max-snippet:-1, max-image-preview:large, max-video-preview:-1\" \/>\n<link rel=\"canonical\" href=\"https:\/\/home.heredis.com\/de\/blog\/\" \/>\n<meta property=\"og:locale\" content=\"de_DE\" \/>\n<meta property=\"og:type\" content=\"article\" \/>\n<meta property=\"og:title\" content=\"Blog zur Ahnenforschung - Heredis\" \/>\n<meta property=\"og:description\" content=\"Erhalten Sie spannende Informationen zu Ihrer Ahnenforschung mit der Genealogie-Software Heredis!\" \/>\n<meta property=\"og:url\" content=\"https:\/\/home.heredis.com\/de\/blog\/\" \/>\n<meta property=\"og:site_name\" content=\"Heredis\" \/>\n<meta property=\"article:publisher\" content=\"https:\/\/www.facebook.com\/Heredis--341840326561\/\" \/>\n<meta property=\"article:modified_time\" content=\"2026-03-24T13:26:46+00:00\" \/>\n<meta name=\"twitter:card\" content=\"summary_large_image\" \/>\n<meta name=\"twitter:label1\" content=\"Gesch\u00e4tzte Lesezeit\" \/>\n\t<meta name=\"twitter:data1\" content=\"1\u00a0Minute\" \/>\n<script type=\"application\/ld+json\" class=\"yoast-schema-graph\">{\"@context\":\"https:\\\/\\\/schema.org\",\"@graph\":[{\"@type\":\"WebPage\",\"@id\":\"https:\\\/\\\/home.heredis.com\\\/de\\\/blog\\\/\",\"url\":\"https:\\\/\\\/home.heredis.com\\\/de\\\/blog\\\/\",\"name\":\"Blog zur Ahnenforschung - Heredis\",\"isPartOf\":{\"@id\":\"https:\\\/\\\/home.heredis.com\\\/de\\\/#website\"},\"datePublished\":\"2021-03-03T14:10:27+00:00\",\"dateModified\":\"2026-03-24T13:26:46+00:00\",\"description\":\"Erhalten Sie spannende Informationen zu Ihrer Ahnenforschung mit der Genealogie-Software Heredis!\",\"breadcrumb\":{\"@id\":\"https:\\\/\\\/home.heredis.com\\\/de\\\/blog\\\/#breadcrumb\"},\"inLanguage\":\"de\",\"potentialAction\":[{\"@type\":\"ReadAction\",\"target\":[\"https:\\\/\\\/home.heredis.com\\\/de\\\/blog\\\/\"]}]},{\"@type\":\"BreadcrumbList\",\"@id\":\"https:\\\/\\\/home.heredis.com\\\/de\\\/blog\\\/#breadcrumb\",\"itemListElement\":[{\"@type\":\"ListItem\",\"position\":1,\"name\":\"Accueil\",\"item\":\"https:\\\/\\\/home.heredis.com\\\/de\\\/\"},{\"@type\":\"ListItem\",\"position\":2,\"name\":\"Blog\"}]},{\"@type\":\"WebSite\",\"@id\":\"https:\\\/\\\/home.heredis.com\\\/de\\\/#website\",\"url\":\"https:\\\/\\\/home.heredis.com\\\/de\\\/\",\"name\":\"Heredis\",\"description\":\"La g\u00e9n\u00e9alogie change.\",\"publisher\":{\"@id\":\"https:\\\/\\\/home.heredis.com\\\/de\\\/#organization\"},\"potentialAction\":[{\"@type\":\"SearchAction\",\"target\":{\"@type\":\"EntryPoint\",\"urlTemplate\":\"https:\\\/\\\/home.heredis.com\\\/de\\\/?s={search_term_string}\"},\"query-input\":{\"@type\":\"PropertyValueSpecification\",\"valueRequired\":true,\"valueName\":\"search_term_string\"}}],\"inLanguage\":\"de\"},{\"@type\":\"Organization\",\"@id\":\"https:\\\/\\\/home.heredis.com\\\/de\\\/#organization\",\"name\":\"Heredis\",\"url\":\"https:\\\/\\\/home.heredis.com\\\/de\\\/\",\"logo\":{\"@type\":\"ImageObject\",\"inLanguage\":\"de\",\"@id\":\"https:\\\/\\\/home.heredis.com\\\/de\\\/#\\\/schema\\\/logo\\\/image\\\/\",\"url\":\"https:\\\/\\\/i1.wp.com\\\/home.heredis.com\\\/wp-content\\\/uploads\\\/2017\\\/01\\\/logo-H-c.png?fit=800%2C221&ssl=1\",\"contentUrl\":\"https:\\\/\\\/i1.wp.com\\\/home.heredis.com\\\/wp-content\\\/uploads\\\/2017\\\/01\\\/logo-H-c.png?fit=800%2C221&ssl=1\",\"width\":800,\"height\":221,\"caption\":\"Heredis\"},\"image\":{\"@id\":\"https:\\\/\\\/home.heredis.com\\\/de\\\/#\\\/schema\\\/logo\\\/image\\\/\"},\"sameAs\":[\"https:\\\/\\\/www.facebook.com\\\/Heredis--341840326561\\\/\"]}]}<\/script>\n<!-- \/ Yoast SEO plugin. -->","yoast_head_json":{"title":"Blog zur Ahnenforschung - Heredis","description":"Erhalten Sie spannende Informationen zu Ihrer Ahnenforschung mit der Genealogie-Software Heredis!","robots":{"index":"index","follow":"follow","max-snippet":"max-snippet:-1","max-image-preview":"max-image-preview:large","max-video-preview":"max-video-preview:-1"},"canonical":"https:\/\/home.heredis.com\/de\/blog\/","og_locale":"de_DE","og_type":"article","og_title":"Blog zur Ahnenforschung - Heredis","og_description":"Erhalten Sie spannende Informationen zu Ihrer Ahnenforschung mit der Genealogie-Software Heredis!","og_url":"https:\/\/home.heredis.com\/de\/blog\/","og_site_name":"Heredis","article_publisher":"https:\/\/www.facebook.com\/Heredis--341840326561\/","article_modified_time":"2026-03-24T13:26:46+00:00","twitter_card":"summary_large_image","twitter_misc":{"Gesch\u00e4tzte Lesezeit":"1\u00a0Minute"},"schema":{"@context":"https:\/\/schema.org","@graph":[{"@type":"WebPage","@id":"https:\/\/home.heredis.com\/de\/blog\/","url":"https:\/\/home.heredis.com\/de\/blog\/","name":"Blog zur Ahnenforschung - Heredis","isPartOf":{"@id":"https:\/\/home.heredis.com\/de\/#website"},"datePublished":"2021-03-03T14:10:27+00:00","dateModified":"2026-03-24T13:26:46+00:00","description":"Erhalten Sie spannende Informationen zu Ihrer Ahnenforschung mit der Genealogie-Software Heredis!","breadcrumb":{"@id":"https:\/\/home.heredis.com\/de\/blog\/#breadcrumb"},"inLanguage":"de","potentialAction":[{"@type":"ReadAction","target":["https:\/\/home.heredis.com\/de\/blog\/"]}]},{"@type":"BreadcrumbList","@id":"https:\/\/home.heredis.com\/de\/blog\/#breadcrumb","itemListElement":[{"@type":"ListItem","position":1,"name":"Accueil","item":"https:\/\/home.heredis.com\/de\/"},{"@type":"ListItem","position":2,"name":"Blog"}]},{"@type":"WebSite","@id":"https:\/\/home.heredis.com\/de\/#website","url":"https:\/\/home.heredis.com\/de\/","name":"Heredis","description":"La g\u00e9n\u00e9alogie change.","publisher":{"@id":"https:\/\/home.heredis.com\/de\/#organization"},"potentialAction":[{"@type":"SearchAction","target":{"@type":"EntryPoint","urlTemplate":"https:\/\/home.heredis.com\/de\/?s={search_term_string}"},"query-input":{"@type":"PropertyValueSpecification","valueRequired":true,"valueName":"search_term_string"}}],"inLanguage":"de"},{"@type":"Organization","@id":"https:\/\/home.heredis.com\/de\/#organization","name":"Heredis","url":"https:\/\/home.heredis.com\/de\/","logo":{"@type":"ImageObject","inLanguage":"de","@id":"https:\/\/home.heredis.com\/de\/#\/schema\/logo\/image\/","url":"https:\/\/i1.wp.com\/home.heredis.com\/wp-content\/uploads\/2017\/01\/logo-H-c.png?fit=800%2C221&ssl=1","contentUrl":"https:\/\/i1.wp.com\/home.heredis.com\/wp-content\/uploads\/2017\/01\/logo-H-c.png?fit=800%2C221&ssl=1","width":800,"height":221,"caption":"Heredis"},"image":{"@id":"https:\/\/home.heredis.com\/de\/#\/schema\/logo\/image\/"},"sameAs":["https:\/\/www.facebook.com\/Heredis--341840326561\/"]}]}},"jetpack_sharing_enabled":true,"_links":{"self":[{"href":"https:\/\/home.heredis.com\/de\/wp-json\/wp\/v2\/pages\/82369","targetHints":{"allow":["GET"]}}],"collection":[{"href":"https:\/\/home.heredis.com\/de\/wp-json\/wp\/v2\/pages"}],"about":[{"href":"https:\/\/home.heredis.com\/de\/wp-json\/wp\/v2\/types\/page"}],"author":[{"embeddable":true,"href":"https:\/\/home.heredis.com\/de\/wp-json\/wp\/v2\/users\/2"}],"replies":[{"embeddable":true,"href":"https:\/\/home.heredis.com\/de\/wp-json\/wp\/v2\/comments?post=82369"}],"version-history":[{"count":2,"href":"https:\/\/home.heredis.com\/de\/wp-json\/wp\/v2\/pages\/82369\/revisions"}],"predecessor-version":[{"id":82707,"href":"https:\/\/home.heredis.com\/de\/wp-json\/wp\/v2\/pages\/82369\/revisions\/82707"}],"wp:attachment":[{"href":"https:\/\/home.heredis.com\/de\/wp-json\/wp\/v2\/media?parent=82369"}],"curies":[{"name":"wp","href":"https:\/\/api.w.org\/{rel}","templated":true}]}}