{"id":82739,"date":"2026-04-21T14:02:13","date_gmt":"2026-04-21T13:02:13","guid":{"rendered":"https:\/\/home.heredis.com\/?page_id=82739"},"modified":"2026-04-21T15:01:35","modified_gmt":"2026-04-21T14:01:35","slug":"termine","status":"publish","type":"page","link":"https:\/\/home.heredis.com\/de\/termine\/","title":{"rendered":"Termine"},"content":{"rendered":"<div class=\"wpb-content-wrapper\">[vc_row][vc_column]<div class=\"eut-element eut-slogan eut-align-center\" style=\"\"><h2 class=\"eut-slogan-title eut-align-center eut-title-no-line\"><span>Halten Sie alle Termine gleich in Ihrem Kalender fest!<\/span><\/h2>  <p class=\"\">Entdecken Sie unsere Genealogie-Software live, tauschen Sie sich mit unseren Mitarbeitern\/innen aus und stellen Sie Ihre Fragen zu Heredis. Hier finden Sie die n\u00e4chsten genealogischen Veranstaltungen sowie Online-Pr\u00e4sentationen, an denen wir teilnehmen.<\/p><\/div><div class=\"eut-element eut-hr \" style=\"\"><div class=\"eut-line-divider\"><\/div><\/div>[\/vc_column][\/vc_row][vc_row][vc_column width=&#8220;1\/2&#8243;][vc_column_text css=&#8220;&#8220; animation_delay=&#8220;200&#8243;]\n<h5><strong>25. &#8211; 27. September 2026<\/strong><\/h5>\n<h4><strong>76. Deutscher Genealogentag in G\u00f6ttingen<\/strong><\/h4>\n<p>Wir kommen im September zum Deutschen Genealogentag nach G\u00f6ttingen, der in diesem Jahr von der <a href=\"https:\/\/www.ghggev.de\/\">Genealogisch-Heraldischen Gesellschaft G\u00f6ttingen<\/a> zur Feier ihres 100-j\u00e4hringen Bestehens organisiert wird. Drei Tage lang haben alle Interessierte die M\u00f6glichkeit, sich zu den verschiedensten Themen der Familienforschung auszutauschen. Neben zahlreichen Ausstellern wird es auch ein Vortragsprogramm geben. Wir werden ebenfalls mit einem Stand vertreten sein. Kommen Sie gerne vorbei, um sich zu Heredis auszutauschen, ihre Fragen zu stellen und <a href=\"https:\/\/home.heredis.com\/de\/alle-funktionen\/\">unsere Software<\/a> kennenzulernen.<\/p>\n<p>Mehr Informationen sowie die Anmeldeformulare finden Sie unter: <a href=\"https:\/\/genealogentag.dagv.org\/de\/startseite.html\">https:\/\/genealogentag.dagv.org\/de\/startseite.html<\/a>[\/vc_column_text][\/vc_column][vc_column width=&#8220;1\/2&#8243;]<div class=\"eut-element eut-image eut-align-center\" style=\"\"><img loading=\"lazy\" decoding=\"async\" width=\"2560\" height=\"1920\" src=\"https:\/\/i0.wp.com\/home.heredis.com\/wp-content\/uploads\/2026\/04\/IMG_0594-scaled.jpg?fit=2560%2C1920&amp;ssl=1\" class=\"attachment-full size-full\" alt=\"\" srcset=\"https:\/\/i0.wp.com\/home.heredis.com\/wp-content\/uploads\/2026\/04\/IMG_0594-scaled.jpg?w=2560&amp;ssl=1 2560w, https:\/\/i0.wp.com\/home.heredis.com\/wp-content\/uploads\/2026\/04\/IMG_0594-scaled.jpg?resize=300%2C225&amp;ssl=1 300w, https:\/\/i0.wp.com\/home.heredis.com\/wp-content\/uploads\/2026\/04\/IMG_0594-scaled.jpg?resize=768%2C576&amp;ssl=1 768w, https:\/\/i0.wp.com\/home.heredis.com\/wp-content\/uploads\/2026\/04\/IMG_0594-scaled.jpg?resize=1536%2C1152&amp;ssl=1 1536w, https:\/\/i0.wp.com\/home.heredis.com\/wp-content\/uploads\/2026\/04\/IMG_0594-scaled.jpg?resize=800%2C600&amp;ssl=1 800w, https:\/\/i0.wp.com\/home.heredis.com\/wp-content\/uploads\/2026\/04\/IMG_0594-scaled.jpg?resize=1920%2C1440&amp;ssl=1 1920w, https:\/\/i0.wp.com\/home.heredis.com\/wp-content\/uploads\/2026\/04\/IMG_0594-scaled.jpg?w=2160&amp;ssl=1 2160w\" sizes=\"auto, (max-width: 1080px) 100vw, 1080px\" \/><\/div>[\/vc_column][\/vc_row]\n<\/div>","protected":false},"excerpt":{"rendered":"<p>[vc_row][vc_column][\/vc_column][\/vc_row][vc_row][vc_column width=&#8220;1\/2&#8243;][vc_column_text css=&#8220;&#8220; animation_delay=&#8220;200&#8243;] 25. &#8211; 27. September 2026 76. Deutscher Genealogentag in G\u00f6ttingen Wir kommen im September zum Deutschen Genealogentag nach G\u00f6ttingen, der in diesem Jahr von der Genealogisch-Heraldischen Gesellschaft G\u00f6ttingen zur Feier ihres 100-j\u00e4hringen Bestehens organisiert wird. Drei Tage lang haben alle Interessierte die M\u00f6glichkeit, sich zu den verschiedensten Themen der Familienforschung auszutauschen. [&hellip;]<\/p>\n","protected":false},"author":10,"featured_media":0,"parent":0,"menu_order":0,"comment_status":"closed","ping_status":"closed","template":"","meta":{"footnotes":""},"class_list":["post-82739","page","type-page","status-publish","hentry"],"yoast_head":"<!-- This site is optimized with the Yoast SEO plugin v27.4 - https:\/\/yoast.com\/product\/yoast-seo-wordpress\/ -->\n<title>Termine - Heredis<\/title>\n<meta name=\"description\" content=\"Treffen Sie Heredis und entdecken Sie die Software zur Familienforschung bei einem der n\u00e4chsten genealogischen Events.\" \/>\n<meta name=\"robots\" content=\"index, follow, max-snippet:-1, max-image-preview:large, max-video-preview:-1\" \/>\n<link rel=\"canonical\" href=\"https:\/\/home.heredis.com\/de\/termine\/\" \/>\n<meta property=\"og:locale\" content=\"de_DE\" \/>\n<meta property=\"og:type\" content=\"article\" \/>\n<meta property=\"og:title\" content=\"Termine - Heredis\" \/>\n<meta property=\"og:description\" content=\"Treffen Sie Heredis und entdecken Sie die Software zur Familienforschung bei einem der n\u00e4chsten genealogischen Events.\" \/>\n<meta property=\"og:url\" content=\"https:\/\/home.heredis.com\/de\/termine\/\" \/>\n<meta property=\"og:site_name\" content=\"Heredis\" \/>\n<meta property=\"article:publisher\" content=\"https:\/\/www.facebook.com\/Heredis--341840326561\/\" \/>\n<meta property=\"article:modified_time\" content=\"2026-04-21T14:01:35+00:00\" \/>\n<meta name=\"twitter:card\" content=\"summary_large_image\" \/>\n<meta name=\"twitter:label1\" content=\"Gesch\u00e4tzte Lesezeit\" \/>\n\t<meta name=\"twitter:data1\" content=\"2\u00a0Minuten\" \/>\n<script type=\"application\/ld+json\" class=\"yoast-schema-graph\">{\"@context\":\"https:\\\/\\\/schema.org\",\"@graph\":[{\"@type\":\"WebPage\",\"@id\":\"https:\\\/\\\/home.heredis.com\\\/de\\\/termine\\\/\",\"url\":\"https:\\\/\\\/home.heredis.com\\\/de\\\/termine\\\/\",\"name\":\"Termine - Heredis\",\"isPartOf\":{\"@id\":\"https:\\\/\\\/home.heredis.com\\\/de\\\/#website\"},\"datePublished\":\"2026-04-21T13:02:13+00:00\",\"dateModified\":\"2026-04-21T14:01:35+00:00\",\"description\":\"Treffen Sie Heredis und entdecken Sie die Software zur Familienforschung bei einem der n\u00e4chsten genealogischen Events.\",\"breadcrumb\":{\"@id\":\"https:\\\/\\\/home.heredis.com\\\/de\\\/termine\\\/#breadcrumb\"},\"inLanguage\":\"de\",\"potentialAction\":[{\"@type\":\"ReadAction\",\"target\":[\"https:\\\/\\\/home.heredis.com\\\/de\\\/termine\\\/\"]}]},{\"@type\":\"BreadcrumbList\",\"@id\":\"https:\\\/\\\/home.heredis.com\\\/de\\\/termine\\\/#breadcrumb\",\"itemListElement\":[{\"@type\":\"ListItem\",\"position\":1,\"name\":\"Accueil\",\"item\":\"https:\\\/\\\/home.heredis.com\\\/de\\\/\"},{\"@type\":\"ListItem\",\"position\":2,\"name\":\"Termine\"}]},{\"@type\":\"WebSite\",\"@id\":\"https:\\\/\\\/home.heredis.com\\\/de\\\/#website\",\"url\":\"https:\\\/\\\/home.heredis.com\\\/de\\\/\",\"name\":\"Heredis\",\"description\":\"La g\u00e9n\u00e9alogie change.\",\"publisher\":{\"@id\":\"https:\\\/\\\/home.heredis.com\\\/de\\\/#organization\"},\"potentialAction\":[{\"@type\":\"SearchAction\",\"target\":{\"@type\":\"EntryPoint\",\"urlTemplate\":\"https:\\\/\\\/home.heredis.com\\\/de\\\/?s={search_term_string}\"},\"query-input\":{\"@type\":\"PropertyValueSpecification\",\"valueRequired\":true,\"valueName\":\"search_term_string\"}}],\"inLanguage\":\"de\"},{\"@type\":\"Organization\",\"@id\":\"https:\\\/\\\/home.heredis.com\\\/de\\\/#organization\",\"name\":\"Heredis\",\"url\":\"https:\\\/\\\/home.heredis.com\\\/de\\\/\",\"logo\":{\"@type\":\"ImageObject\",\"inLanguage\":\"de\",\"@id\":\"https:\\\/\\\/home.heredis.com\\\/de\\\/#\\\/schema\\\/logo\\\/image\\\/\",\"url\":\"https:\\\/\\\/i1.wp.com\\\/home.heredis.com\\\/wp-content\\\/uploads\\\/2017\\\/01\\\/logo-H-c.png?fit=800%2C221&ssl=1\",\"contentUrl\":\"https:\\\/\\\/i1.wp.com\\\/home.heredis.com\\\/wp-content\\\/uploads\\\/2017\\\/01\\\/logo-H-c.png?fit=800%2C221&ssl=1\",\"width\":800,\"height\":221,\"caption\":\"Heredis\"},\"image\":{\"@id\":\"https:\\\/\\\/home.heredis.com\\\/de\\\/#\\\/schema\\\/logo\\\/image\\\/\"},\"sameAs\":[\"https:\\\/\\\/www.facebook.com\\\/Heredis--341840326561\\\/\"]}]}<\/script>\n<!-- \/ Yoast SEO plugin. -->","yoast_head_json":{"title":"Termine - Heredis","description":"Treffen Sie Heredis und entdecken Sie die Software zur Familienforschung bei einem der n\u00e4chsten genealogischen Events.","robots":{"index":"index","follow":"follow","max-snippet":"max-snippet:-1","max-image-preview":"max-image-preview:large","max-video-preview":"max-video-preview:-1"},"canonical":"https:\/\/home.heredis.com\/de\/termine\/","og_locale":"de_DE","og_type":"article","og_title":"Termine - Heredis","og_description":"Treffen Sie Heredis und entdecken Sie die Software zur Familienforschung bei einem der n\u00e4chsten genealogischen Events.","og_url":"https:\/\/home.heredis.com\/de\/termine\/","og_site_name":"Heredis","article_publisher":"https:\/\/www.facebook.com\/Heredis--341840326561\/","article_modified_time":"2026-04-21T14:01:35+00:00","twitter_card":"summary_large_image","twitter_misc":{"Gesch\u00e4tzte Lesezeit":"2\u00a0Minuten"},"schema":{"@context":"https:\/\/schema.org","@graph":[{"@type":"WebPage","@id":"https:\/\/home.heredis.com\/de\/termine\/","url":"https:\/\/home.heredis.com\/de\/termine\/","name":"Termine - Heredis","isPartOf":{"@id":"https:\/\/home.heredis.com\/de\/#website"},"datePublished":"2026-04-21T13:02:13+00:00","dateModified":"2026-04-21T14:01:35+00:00","description":"Treffen Sie Heredis und entdecken Sie die Software zur Familienforschung bei einem der n\u00e4chsten genealogischen Events.","breadcrumb":{"@id":"https:\/\/home.heredis.com\/de\/termine\/#breadcrumb"},"inLanguage":"de","potentialAction":[{"@type":"ReadAction","target":["https:\/\/home.heredis.com\/de\/termine\/"]}]},{"@type":"BreadcrumbList","@id":"https:\/\/home.heredis.com\/de\/termine\/#breadcrumb","itemListElement":[{"@type":"ListItem","position":1,"name":"Accueil","item":"https:\/\/home.heredis.com\/de\/"},{"@type":"ListItem","position":2,"name":"Termine"}]},{"@type":"WebSite","@id":"https:\/\/home.heredis.com\/de\/#website","url":"https:\/\/home.heredis.com\/de\/","name":"Heredis","description":"La g\u00e9n\u00e9alogie change.","publisher":{"@id":"https:\/\/home.heredis.com\/de\/#organization"},"potentialAction":[{"@type":"SearchAction","target":{"@type":"EntryPoint","urlTemplate":"https:\/\/home.heredis.com\/de\/?s={search_term_string}"},"query-input":{"@type":"PropertyValueSpecification","valueRequired":true,"valueName":"search_term_string"}}],"inLanguage":"de"},{"@type":"Organization","@id":"https:\/\/home.heredis.com\/de\/#organization","name":"Heredis","url":"https:\/\/home.heredis.com\/de\/","logo":{"@type":"ImageObject","inLanguage":"de","@id":"https:\/\/home.heredis.com\/de\/#\/schema\/logo\/image\/","url":"https:\/\/i1.wp.com\/home.heredis.com\/wp-content\/uploads\/2017\/01\/logo-H-c.png?fit=800%2C221&ssl=1","contentUrl":"https:\/\/i1.wp.com\/home.heredis.com\/wp-content\/uploads\/2017\/01\/logo-H-c.png?fit=800%2C221&ssl=1","width":800,"height":221,"caption":"Heredis"},"image":{"@id":"https:\/\/home.heredis.com\/de\/#\/schema\/logo\/image\/"},"sameAs":["https:\/\/www.facebook.com\/Heredis--341840326561\/"]}]}},"jetpack_sharing_enabled":true,"_links":{"self":[{"href":"https:\/\/home.heredis.com\/de\/wp-json\/wp\/v2\/pages\/82739","targetHints":{"allow":["GET"]}}],"collection":[{"href":"https:\/\/home.heredis.com\/de\/wp-json\/wp\/v2\/pages"}],"about":[{"href":"https:\/\/home.heredis.com\/de\/wp-json\/wp\/v2\/types\/page"}],"author":[{"embeddable":true,"href":"https:\/\/home.heredis.com\/de\/wp-json\/wp\/v2\/users\/10"}],"replies":[{"embeddable":true,"href":"https:\/\/home.heredis.com\/de\/wp-json\/wp\/v2\/comments?post=82739"}],"version-history":[{"count":9,"href":"https:\/\/home.heredis.com\/de\/wp-json\/wp\/v2\/pages\/82739\/revisions"}],"predecessor-version":[{"id":82757,"href":"https:\/\/home.heredis.com\/de\/wp-json\/wp\/v2\/pages\/82739\/revisions\/82757"}],"wp:attachment":[{"href":"https:\/\/home.heredis.com\/de\/wp-json\/wp\/v2\/media?parent=82739"}],"curies":[{"name":"wp","href":"https:\/\/api.w.org\/{rel}","templated":true}]}}