{"id":76015,"date":"2022-10-20T13:36:56","date_gmt":"2022-10-20T12:36:56","guid":{"rendered":"https:\/\/home.heredis.com\/aide-a-la-recherche-message-envoye\/"},"modified":"2025-02-24T18:41:40","modified_gmt":"2025-02-24T17:41:40","slug":"help-with-your-research-message-sent","status":"publish","type":"page","link":"https:\/\/home.heredis.com\/en\/help-with-your-research-message-sent\/","title":{"rendered":"Help with your research &#8211; message sent"},"content":{"rendered":"<div class=\"wpb-content-wrapper\">[vc_row][vc_column][vc_column_text css=&#8221;&#8221; animation_delay=&#8221;200&#8243;]Your message has been sent successfully.<\/p>\n<p><strong>The Heredis team thanks you for your interest in our genealogical services. You will receive confirmation of receipt of your quote request\/addition to the directory by email.<\/strong><\/p>\n<p><!--<span style=\"color: #ff0000;\">Durant le mois d'ao\u00fbt, les \u00e9quipes Heredis sont restreintes. C\u2019est pourquoi les d\u00e9lais de r\u00e9ponses sont rallong\u00e9s. Chaque message est trait\u00e9 personnellement et avec beaucoup d\u2019attention. Nous faisons notre maximum pour vous r\u00e9pondre.\u00a0<b>Le service t\u00e9l\u00e9phonique sera ferm\u00e9 du 29 juillet au 18 ao\u00fbt 2019 inclus<\/b><span style=\"font-weight: 400;\">. La permanence t\u00e9l\u00e9phonique reprendra le lundi 19 ao\u00fbt \u00e0 partir de 9h15.\u00a0<\/span><\/span>\n<span style=\"color: #ff0000;\">Merci de votre compr\u00e9hension. <\/span>--><\/p>\n<p><span style=\"font-style: italic; font-size: 11px;\">You have, in compliance with the national and European regulations in effect, a permanent right of access, modification, rectification, opposition, portability, and limitation of processing with regard to the information related to you. This right can be exercised by writing directly to HEREDIS at its head office located at Atrium du Mill\u00e9naire &#8211; 78 all\u00e9e John Napier &#8211; CS 49458 &#8211; 34961 MONTPELLIER CEDEX 2 &#8211; France or by sending an e-mail to the following address: <a href=\"mailto:mypersonaldata@heredis.com\">mypersonaldata@heredis.com<\/a>. Please read our <a href=\"\/en\/policy\/\">data protection policy<\/a>.<br \/>\n<\/span>[\/vc_column_text][\/vc_column][\/vc_row]\n<\/div>","protected":false},"excerpt":{"rendered":"<p>[vc_row][vc_column][vc_column_text css=&#8221;&#8221; animation_delay=&#8221;200&#8243;]Your message has been sent successfully. The Heredis team thanks you for your interest in our genealogical services. You will receive confirmation of receipt of your quote request\/addition to the directory by email. You have, in compliance with the national and European regulations in effect, a permanent right of access, modification, rectification, opposition, [&hellip;]<\/p>\n","protected":false},"author":2,"featured_media":0,"parent":0,"menu_order":25,"comment_status":"closed","ping_status":"closed","template":"","meta":{"footnotes":""},"class_list":["post-76015","page","type-page","status-publish","hentry"],"yoast_head":"<!-- This site is optimized with the Yoast SEO plugin v27.3 - https:\/\/yoast.com\/product\/yoast-seo-wordpress\/ -->\n<title>Help with your research - message sent - Heredis<\/title>\n<meta name=\"robots\" content=\"index, follow, max-snippet:-1, max-image-preview:large, max-video-preview:-1\" \/>\n<link rel=\"canonical\" href=\"https:\/\/home.heredis.com\/en\/help-with-your-research-message-sent\/\" \/>\n<meta property=\"og:locale\" content=\"en_US\" \/>\n<meta property=\"og:type\" content=\"article\" \/>\n<meta property=\"og:title\" content=\"Help with your research - message sent - Heredis\" \/>\n<meta property=\"og:description\" content=\"[vc_row][vc_column][vc_column_text css=&#8221;&#8221; animation_delay=&#8221;200&#8243;]Your message has been sent successfully. The Heredis team thanks you for your interest in our genealogical services. You will receive confirmation of receipt of your quote request\/addition to the directory by email. You have, in compliance with the national and European regulations in effect, a permanent right of access, modification, rectification, opposition, [&hellip;]\" \/>\n<meta property=\"og:url\" content=\"https:\/\/home.heredis.com\/en\/help-with-your-research-message-sent\/\" \/>\n<meta property=\"og:site_name\" content=\"Heredis\" \/>\n<meta property=\"article:publisher\" content=\"https:\/\/www.facebook.com\/Heredis--341840326561\/\" \/>\n<meta property=\"article:modified_time\" content=\"2025-02-24T17:41:40+00:00\" \/>\n<meta name=\"twitter:card\" content=\"summary_large_image\" \/>\n<meta name=\"twitter:label1\" content=\"Est. reading time\" \/>\n\t<meta name=\"twitter:data1\" content=\"1 minute\" \/>\n<script type=\"application\/ld+json\" class=\"yoast-schema-graph\">{\"@context\":\"https:\\\/\\\/schema.org\",\"@graph\":[{\"@type\":\"WebPage\",\"@id\":\"https:\\\/\\\/home.heredis.com\\\/en\\\/help-with-your-research-message-sent\\\/\",\"url\":\"https:\\\/\\\/home.heredis.com\\\/en\\\/help-with-your-research-message-sent\\\/\",\"name\":\"Help with your research - message sent - Heredis\",\"isPartOf\":{\"@id\":\"https:\\\/\\\/home.heredis.com\\\/de\\\/#website\"},\"datePublished\":\"2022-10-20T12:36:56+00:00\",\"dateModified\":\"2025-02-24T17:41:40+00:00\",\"breadcrumb\":{\"@id\":\"https:\\\/\\\/home.heredis.com\\\/en\\\/help-with-your-research-message-sent\\\/#breadcrumb\"},\"inLanguage\":\"en-US\",\"potentialAction\":[{\"@type\":\"ReadAction\",\"target\":[\"https:\\\/\\\/home.heredis.com\\\/en\\\/help-with-your-research-message-sent\\\/\"]}]},{\"@type\":\"BreadcrumbList\",\"@id\":\"https:\\\/\\\/home.heredis.com\\\/en\\\/help-with-your-research-message-sent\\\/#breadcrumb\",\"itemListElement\":[{\"@type\":\"ListItem\",\"position\":1,\"name\":\"Accueil\",\"item\":\"https:\\\/\\\/home.heredis.com\\\/en\\\/\"},{\"@type\":\"ListItem\",\"position\":2,\"name\":\"Help with your research &#8211; message sent\"}]},{\"@type\":\"WebSite\",\"@id\":\"https:\\\/\\\/home.heredis.com\\\/de\\\/#website\",\"url\":\"https:\\\/\\\/home.heredis.com\\\/de\\\/\",\"name\":\"Heredis\",\"description\":\"Genealogy is changing.\",\"publisher\":{\"@id\":\"https:\\\/\\\/home.heredis.com\\\/de\\\/#organization\"},\"potentialAction\":[{\"@type\":\"SearchAction\",\"target\":{\"@type\":\"EntryPoint\",\"urlTemplate\":\"https:\\\/\\\/home.heredis.com\\\/de\\\/?s={search_term_string}\"},\"query-input\":{\"@type\":\"PropertyValueSpecification\",\"valueRequired\":true,\"valueName\":\"search_term_string\"}}],\"inLanguage\":\"en-US\"},{\"@type\":\"Organization\",\"@id\":\"https:\\\/\\\/home.heredis.com\\\/de\\\/#organization\",\"name\":\"Heredis\",\"url\":\"https:\\\/\\\/home.heredis.com\\\/de\\\/\",\"logo\":{\"@type\":\"ImageObject\",\"inLanguage\":\"en-US\",\"@id\":\"https:\\\/\\\/home.heredis.com\\\/de\\\/#\\\/schema\\\/logo\\\/image\\\/\",\"url\":\"https:\\\/\\\/i1.wp.com\\\/home.heredis.com\\\/wp-content\\\/uploads\\\/2017\\\/01\\\/logo-H-c.png?fit=800%2C221&ssl=1\",\"contentUrl\":\"https:\\\/\\\/i1.wp.com\\\/home.heredis.com\\\/wp-content\\\/uploads\\\/2017\\\/01\\\/logo-H-c.png?fit=800%2C221&ssl=1\",\"width\":800,\"height\":221,\"caption\":\"Heredis\"},\"image\":{\"@id\":\"https:\\\/\\\/home.heredis.com\\\/de\\\/#\\\/schema\\\/logo\\\/image\\\/\"},\"sameAs\":[\"https:\\\/\\\/www.facebook.com\\\/Heredis--341840326561\\\/\"]}]}<\/script>\n<!-- \/ Yoast SEO plugin. -->","yoast_head_json":{"title":"Help with your research - message sent - Heredis","robots":{"index":"index","follow":"follow","max-snippet":"max-snippet:-1","max-image-preview":"max-image-preview:large","max-video-preview":"max-video-preview:-1"},"canonical":"https:\/\/home.heredis.com\/en\/help-with-your-research-message-sent\/","og_locale":"en_US","og_type":"article","og_title":"Help with your research - message sent - Heredis","og_description":"[vc_row][vc_column][vc_column_text css=&#8221;&#8221; animation_delay=&#8221;200&#8243;]Your message has been sent successfully. The Heredis team thanks you for your interest in our genealogical services. You will receive confirmation of receipt of your quote request\/addition to the directory by email. You have, in compliance with the national and European regulations in effect, a permanent right of access, modification, rectification, opposition, [&hellip;]","og_url":"https:\/\/home.heredis.com\/en\/help-with-your-research-message-sent\/","og_site_name":"Heredis","article_publisher":"https:\/\/www.facebook.com\/Heredis--341840326561\/","article_modified_time":"2025-02-24T17:41:40+00:00","twitter_card":"summary_large_image","twitter_misc":{"Est. reading time":"1 minute"},"schema":{"@context":"https:\/\/schema.org","@graph":[{"@type":"WebPage","@id":"https:\/\/home.heredis.com\/en\/help-with-your-research-message-sent\/","url":"https:\/\/home.heredis.com\/en\/help-with-your-research-message-sent\/","name":"Help with your research - message sent - Heredis","isPartOf":{"@id":"https:\/\/home.heredis.com\/de\/#website"},"datePublished":"2022-10-20T12:36:56+00:00","dateModified":"2025-02-24T17:41:40+00:00","breadcrumb":{"@id":"https:\/\/home.heredis.com\/en\/help-with-your-research-message-sent\/#breadcrumb"},"inLanguage":"en-US","potentialAction":[{"@type":"ReadAction","target":["https:\/\/home.heredis.com\/en\/help-with-your-research-message-sent\/"]}]},{"@type":"BreadcrumbList","@id":"https:\/\/home.heredis.com\/en\/help-with-your-research-message-sent\/#breadcrumb","itemListElement":[{"@type":"ListItem","position":1,"name":"Accueil","item":"https:\/\/home.heredis.com\/en\/"},{"@type":"ListItem","position":2,"name":"Help with your research &#8211; message sent"}]},{"@type":"WebSite","@id":"https:\/\/home.heredis.com\/de\/#website","url":"https:\/\/home.heredis.com\/de\/","name":"Heredis","description":"Genealogy is changing.","publisher":{"@id":"https:\/\/home.heredis.com\/de\/#organization"},"potentialAction":[{"@type":"SearchAction","target":{"@type":"EntryPoint","urlTemplate":"https:\/\/home.heredis.com\/de\/?s={search_term_string}"},"query-input":{"@type":"PropertyValueSpecification","valueRequired":true,"valueName":"search_term_string"}}],"inLanguage":"en-US"},{"@type":"Organization","@id":"https:\/\/home.heredis.com\/de\/#organization","name":"Heredis","url":"https:\/\/home.heredis.com\/de\/","logo":{"@type":"ImageObject","inLanguage":"en-US","@id":"https:\/\/home.heredis.com\/de\/#\/schema\/logo\/image\/","url":"https:\/\/i1.wp.com\/home.heredis.com\/wp-content\/uploads\/2017\/01\/logo-H-c.png?fit=800%2C221&ssl=1","contentUrl":"https:\/\/i1.wp.com\/home.heredis.com\/wp-content\/uploads\/2017\/01\/logo-H-c.png?fit=800%2C221&ssl=1","width":800,"height":221,"caption":"Heredis"},"image":{"@id":"https:\/\/home.heredis.com\/de\/#\/schema\/logo\/image\/"},"sameAs":["https:\/\/www.facebook.com\/Heredis--341840326561\/"]}]}},"jetpack_sharing_enabled":true,"_links":{"self":[{"href":"https:\/\/home.heredis.com\/en\/wp-json\/wp\/v2\/pages\/76015","targetHints":{"allow":["GET"]}}],"collection":[{"href":"https:\/\/home.heredis.com\/en\/wp-json\/wp\/v2\/pages"}],"about":[{"href":"https:\/\/home.heredis.com\/en\/wp-json\/wp\/v2\/types\/page"}],"author":[{"embeddable":true,"href":"https:\/\/home.heredis.com\/en\/wp-json\/wp\/v2\/users\/2"}],"replies":[{"embeddable":true,"href":"https:\/\/home.heredis.com\/en\/wp-json\/wp\/v2\/comments?post=76015"}],"version-history":[{"count":3,"href":"https:\/\/home.heredis.com\/en\/wp-json\/wp\/v2\/pages\/76015\/revisions"}],"predecessor-version":[{"id":79298,"href":"https:\/\/home.heredis.com\/en\/wp-json\/wp\/v2\/pages\/76015\/revisions\/79298"}],"wp:attachment":[{"href":"https:\/\/home.heredis.com\/en\/wp-json\/wp\/v2\/media?parent=76015"}],"curies":[{"name":"wp","href":"https:\/\/api.w.org\/{rel}","templated":true}]}}